{"id":6682,"date":"2025-07-24T22:58:30","date_gmt":"2025-07-24T22:58:30","guid":{"rendered":"https:\/\/aquamarine-salamander-419260.hostingersite.com\/?post_type=product&#038;p=6682"},"modified":"2026-02-10T10:33:11","modified_gmt":"2026-02-10T15:33:11","slug":"torcometro-de-espigo-16mm-3-15nm-15060","status":"publish","type":"product","link":"https:\/\/ciecompraenlinea.com\/en\/product\/torcometro-de-espigo-16mm-3-15nm-15060\/","title":{"rendered":"Torcometro de Espigo 16mm 3-15Nm 15060"},"content":{"rendered":"<h3 class=\"uk-h2 uk-margin-large-top\"><span id=\"dnn_ctr471_dnnTITLE_titleLabel\" class=\"Head\">Pro 15, espiga de 16 mm, manija de torsi\u00f3n ajustable (escala doble)<\/span><\/h3>\n<p>La gama de llaves dinamom\u00e9tricas profesionales de Norbar se ha convertido en una de las gamas de llaves m\u00e1s populares disponibles en todo el mundo.<\/p>\n<p>El modelo 15 mantiene los principios fundamentales de precisi\u00f3n, durabilidad y comodidad en una llave compacta<\/p>\n<p><strong>Caracter\u00edsticas<\/strong><\/p>\n<div class=\"uk-accordion-content\" aria-hidden=\"false\">\n<div id=\"dnn_ctr471_Default_ViewProduct_DivFeatures\" class=\"Normal\">\n<ul>\n<li>Calibrado de f\u00e1brica a \u00b13% y nuestro nuevo mecanismo asegura que la precisi\u00f3n se mantenga por m\u00e1s tiempo.<\/li>\n<li>Nuevo mango ergon\u00f3mico con una alta proporci\u00f3n de material de agarre suave al tacto.<\/li>\n<li>El material del mango y la lente son resistentes a todos los productos qu\u00edmicos del uso com\u00fan en autom\u00f3viles, industrias y aviaci\u00f3n.<\/li>\n<li>El mecanismo seguro de bloqueo push\/pull es r\u00e1pido e intuitivo de usar y evita ajustes accidentales.<\/li>\n<li>Ventana de gran escala y longitud de escala larga para una gran visibilidad y un ajuste preciso.<\/li>\n<li>\u00danico en una llave dinamom\u00e9trica, el TimeStrip\u00ae brinda una indicaci\u00f3n visual de que la llave debe volver a calibrarse.<\/li>\n<li>Suministrado con un Certificado de Calibraci\u00f3n, que cumple con los requisitos de ISO 6789-2:2017<\/li>\n<\/ul>\n<div class=\"uk-accordion-content\" aria-hidden=\"false\">\n<div id=\"dnn_ctr471_Default_ViewProduct_divTechSpec\" class=\"Normal\"><\/div>\n<\/div>\n<\/div>\n<\/div>\n<div style=\"display:flex; gap:10px;justify-content:center\" class=\"wps-pgfw-pdf-generate-icon__wrapper-frontend\">\n\t\t<a  href=\"https:\/\/ciecompraenlinea.com\/en\/wp-json\/wp\/v2\/product\/6682?action=genpdf&amp;id=6682\" class=\"pgfw-single-pdf-download-button\" ><img src=\"https:\/\/ciecompraenlinea.com\/wp-content\/uploads\/2025\/08\/Untitled-image-5.png\" title=\"Generate PDF\" style=\"width:auto; height:50px;\"><\/a>\n\t\t<\/div>","protected":false},"excerpt":{"rendered":"<p>Pro 15, espiga de 16 mm, manija de torsi\u00f3n ajustable (escala doble) La gama de llaves dinamom\u00e9tricas profesionales de Norbar se ha convertido en una de las gamas de llaves [&hellip;]<\/p>","protected":false},"featured_media":11988,"comment_status":"closed","ping_status":"closed","template":"","meta":{"_acf_changed":false},"product_brand":[286],"product_cat":[149,180],"product_tag":[],"class_list":{"0":"post-6682","1":"product","2":"type-product","3":"status-publish","4":"has-post-thumbnail","6":"product_brand-norbar","7":"product_cat-herramientas-de-torque","8":"product_cat-torcometros-torquimetros","10":"first","11":"instock","12":"sale","13":"taxable","14":"shipping-taxable","15":"purchasable","16":"product-type-simple"},"acf":[],"_links":{"self":[{"href":"https:\/\/ciecompraenlinea.com\/en\/wp-json\/wp\/v2\/product\/6682","targetHints":{"allow":["GET"]}}],"collection":[{"href":"https:\/\/ciecompraenlinea.com\/en\/wp-json\/wp\/v2\/product"}],"about":[{"href":"https:\/\/ciecompraenlinea.com\/en\/wp-json\/wp\/v2\/types\/product"}],"replies":[{"embeddable":true,"href":"https:\/\/ciecompraenlinea.com\/en\/wp-json\/wp\/v2\/comments?post=6682"}],"wp:featuredmedia":[{"embeddable":true,"href":"https:\/\/ciecompraenlinea.com\/en\/wp-json\/wp\/v2\/media\/11988"}],"wp:attachment":[{"href":"https:\/\/ciecompraenlinea.com\/en\/wp-json\/wp\/v2\/media?parent=6682"}],"wp:term":[{"taxonomy":"product_brand","embeddable":true,"href":"https:\/\/ciecompraenlinea.com\/en\/wp-json\/wp\/v2\/product_brand?post=6682"},{"taxonomy":"product_cat","embeddable":true,"href":"https:\/\/ciecompraenlinea.com\/en\/wp-json\/wp\/v2\/product_cat?post=6682"},{"taxonomy":"product_tag","embeddable":true,"href":"https:\/\/ciecompraenlinea.com\/en\/wp-json\/wp\/v2\/product_tag?post=6682"}],"curies":[{"name":"wp","href":"https:\/\/api.w.org\/{rel}","templated":true}]}}