{"id":6688,"date":"2025-07-24T22:59:09","date_gmt":"2025-07-24T22:59:09","guid":{"rendered":"https:\/\/aquamarine-salamander-419260.hostingersite.com\/?post_type=product&#038;p=6688"},"modified":"2026-02-17T09:33:52","modified_gmt":"2026-02-17T14:33:52","slug":"torcometro-de-espigo-16mm-40-200nm-15064","status":"publish","type":"product","link":"https:\/\/ciecompraenlinea.com\/en\/product\/torcometro-de-espigo-16mm-40-200nm-15064\/","title":{"rendered":"TORCOMETRO de Espigo 16mm 40-200Nm 15064"},"content":{"rendered":"<h3 class=\"uk-h2 uk-margin-large-top\"><span id=\"dnn_ctr471_dnnTITLE_titleLabel\" class=\"Head\">Pro 200, manija de torsi\u00f3n con espiga de 16 mm ajustable (escala doble)<\/span><\/h3>\n<p>Los mangos de torque con espiga de 16 mm de Norbar se pueden usar con una variedad de accesorios de extremo de llave para mayor versatilidad.<\/p>\n<p><strong>Caracter\u00edsticas<\/strong><\/p>\n<ul>\n<li>Calibrado de f\u00e1brica a \u00b13% y nuestro nuevo mecanismo asegura que la precisi\u00f3n se mantenga por m\u00e1s tiempo.<\/li>\n<li>Nuevo mango ergon\u00f3mico con una alta proporci\u00f3n de material de agarre suave al tacto.<\/li>\n<li>El material del mango y la lente son resistentes a todos los productos qu\u00edmicos del uso com\u00fan en autom\u00f3viles, industrias y aviaci\u00f3n.<\/li>\n<li>El mecanismo seguro de bloqueo push\/pull es r\u00e1pido e intuitivo de usar y evita ajustes accidentales.<\/li>\n<li>Ventana de gran escala y longitud de escala larga para una gran visibilidad y un ajuste preciso.<\/li>\n<li>\u00danico en una llave dinamom\u00e9trica, el TimeStrip\u00ae brinda una indicaci\u00f3n visual de que la llave debe volver a calibrarse.<\/li>\n<li>Suministrado con un Certificado de Calibraci\u00f3n, que cumple con los requisitos de ISO 6789-2:2017<\/li>\n<\/ul>\n<p><strong>Dimensiones y Pesos<\/strong><\/p>\n<ul>\n<li>Peso de la herramienta (kg): 0,84<\/li>\n<li>Peso Embalado* (kg): 1.28<\/li>\n<li>Ancho embalado* (W) (mm): 505.00<\/li>\n<li>Altura Embalada* (H) (mm): 72.00<\/li>\n<li>Profundidad Embalada* (D) (mm): 82.00<\/li>\n<\/ul>","protected":false},"excerpt":{"rendered":"<p>Pro 200, manija de torsi\u00f3n con espiga de 16 mm ajustable (escala doble) Los mangos de torque con espiga de 16 mm de Norbar se pueden usar con una variedad [&hellip;]<\/p>","protected":false},"featured_media":11499,"comment_status":"closed","ping_status":"closed","template":"","meta":{"_acf_changed":false},"product_brand":[286],"product_cat":[149,180],"product_tag":[],"class_list":{"0":"post-6688","1":"product","2":"type-product","3":"status-publish","4":"has-post-thumbnail","6":"product_brand-norbar","7":"product_cat-herramientas-de-torque","8":"product_cat-torcometros-torquimetros","10":"first","11":"instock","12":"taxable","13":"shipping-taxable","14":"purchasable","15":"product-type-simple"},"acf":[],"_links":{"self":[{"href":"https:\/\/ciecompraenlinea.com\/en\/wp-json\/wp\/v2\/product\/6688","targetHints":{"allow":["GET"]}}],"collection":[{"href":"https:\/\/ciecompraenlinea.com\/en\/wp-json\/wp\/v2\/product"}],"about":[{"href":"https:\/\/ciecompraenlinea.com\/en\/wp-json\/wp\/v2\/types\/product"}],"replies":[{"embeddable":true,"href":"https:\/\/ciecompraenlinea.com\/en\/wp-json\/wp\/v2\/comments?post=6688"}],"wp:featuredmedia":[{"embeddable":true,"href":"https:\/\/ciecompraenlinea.com\/en\/wp-json\/wp\/v2\/media\/11499"}],"wp:attachment":[{"href":"https:\/\/ciecompraenlinea.com\/en\/wp-json\/wp\/v2\/media?parent=6688"}],"wp:term":[{"taxonomy":"product_brand","embeddable":true,"href":"https:\/\/ciecompraenlinea.com\/en\/wp-json\/wp\/v2\/product_brand?post=6688"},{"taxonomy":"product_cat","embeddable":true,"href":"https:\/\/ciecompraenlinea.com\/en\/wp-json\/wp\/v2\/product_cat?post=6688"},{"taxonomy":"product_tag","embeddable":true,"href":"https:\/\/ciecompraenlinea.com\/en\/wp-json\/wp\/v2\/product_tag?post=6688"}],"curies":[{"name":"wp","href":"https:\/\/api.w.org\/{rel}","templated":true}]}}