{"id":6689,"date":"2025-07-24T22:59:09","date_gmt":"2025-07-24T22:59:09","guid":{"rendered":"https:\/\/aquamarine-salamander-419260.hostingersite.com\/?post_type=product&#038;p=6689"},"modified":"2025-08-29T09:19:05","modified_gmt":"2025-08-29T09:19:05","slug":"torcometro-cabeza-fija-slo3-84-20nm-11125-marca-norbar","status":"publish","type":"product","link":"https:\/\/ciecompraenlinea.com\/en\/product\/torcometro-cabeza-fija-slo3-84-20nm-11125-marca-norbar\/","title":{"rendered":"Torcometro Cabeza Fija Slo3\/8&#8243;4-20Nm 11125 Marca Norbar"},"content":{"rendered":"<h3>Torcometro Cabeza Fija Slo3\/8&#8243;4-20Nm 11125 Marca Norbar<\/h3>\n<h3 class=\"uk-h2 uk-margin-large-top\"><span id=\"dnn_ctr471_dnnTITLE_titleLabel\" class=\"Head\">Perilla de pl\u00e1stico Slimline SL0, 3\/8&#8243;, ajustable &#8211; Cabeza fija (escala doble)<\/span><\/h3>\n<p>La llave dinamom\u00e9trica SL0 es la llave m\u00e1s peque\u00f1a de nuestra gama &#8216;Slimline&#8217;, con un rango de 4 &#8211; 20 N\u00b7m (40 &#8211; 180 lbf\u00b7in).<\/p>\n<ul>\n<li><strong>N\u00famero de pieza:<\/strong>\u00a011125<\/li>\n<li><strong>Precisi\u00f3n:<\/strong>\u00a0\u00b13%<\/li>\n<li><strong>Opera entre:<\/strong>\u00a040,00 &#8211; 180,00 lbf\u00b7in (incremento de 10,00)\n<p>4,00 &#8211; 20,00 N\u00b7m (incremento de 1,00)<\/li>\n<\/ul>\n<p><strong>Caracter\u00edsticas<\/strong><\/p>\n<div class=\"uk-accordion-content\" aria-hidden=\"false\">\n<div id=\"dnn_ctr471_Default_ViewProduct_DivFeatures\" class=\"Normal\">\n<ul>\n<li>Versiones Torque Handle, tanto con espiga de 16 mm como con hembra de 9 x 12 mm.<\/li>\n<li>Versiones de producci\u00f3n tipo &#8216;P&#8217; dise\u00f1adas para desalentar la alteraci\u00f3n no autorizada.<\/li>\n<li>Se\u00f1al inequ\u00edvoca cuando se alcanza el par establecido.<\/li>\n<li>Suministrado con una Declaraci\u00f3n de Conformidad, que cumple con los requisitos de ISO 6789-1:2017<\/li>\n<\/ul>\n<p><strong>Especificaciones t\u00e9cnicas<\/strong><\/p>\n<div class=\"uk-accordion-content\" aria-hidden=\"false\">\n<div id=\"dnn_ctr471_Default_ViewProduct_divTechSpec\" class=\"Normal\">\n<ul>\n<li>Longitud: 215 mm<\/li>\n<li>Tama\u00f1o cuadrado: 3\/8&#8243;<\/li>\n<li>Radio de par: 144 mm<\/li>\n<li>Tipo de trinquete: Cabeza fija<\/li>\n<li>Incrementos de escala (N\u00b7m): 1<\/li>\n<li>Incrementos de escala (lbf\u00b7in): 10<\/li>\n<\/ul>\n<p><strong>Dimensiones y Pesos<\/strong><\/p>\n<div class=\"uk-accordion-content\" aria-hidden=\"false\">\n<div id=\"dnn_ctr471_Default_ViewProduct_divProductWeights\" class=\"Normal dimensionsleft\">\n<ul>\n<li id=\"dnn_ctr471_Default_ViewProduct_divToolWeigth\">Peso de la herramienta (kg): 0,35<\/li>\n<li id=\"dnn_ctr471_Default_ViewProduct_divPackedWeight\">Peso Embalado* (kg): 0.43<\/li>\n<li id=\"dnn_ctr471_Default_ViewProduct_divPackedLength\">Ancho embalado* (W) (mm): 239.00<\/li>\n<li id=\"dnn_ctr471_Default_ViewProduct_divPackedHeight\">Altura Embalada* (H) (mm): 50.00<\/li>\n<li id=\"dnn_ctr471_Default_ViewProduct_divPackedWidth\">Profundidad Embalada* (D) (mm): 50.00<\/li>\n<\/ul>\n<\/div>\n<\/div>\n<\/div>\n<\/div>\n<\/div>\n<\/div>\n<div style=\"display:flex; gap:10px;justify-content:center\" class=\"wps-pgfw-pdf-generate-icon__wrapper-frontend\">\n\t\t<a  href=\"https:\/\/ciecompraenlinea.com\/en\/wp-json\/wp\/v2\/product\/6689?action=genpdf&amp;id=6689\" class=\"pgfw-single-pdf-download-button\" ><img src=\"https:\/\/ciecompraenlinea.com\/wp-content\/uploads\/2025\/08\/Untitled-image-5.png\" title=\"Generate PDF\" style=\"width:auto; height:50px;\"><\/a>\n\t\t<\/div>","protected":false},"excerpt":{"rendered":"<p>Torcometro Cabeza Fija Slo3\/8&#8243;4-20Nm 11125 Marca Norbar Perilla de pl\u00e1stico Slimline SL0, 3\/8&#8243;, ajustable &#8211; Cabeza fija (escala doble) La llave dinamom\u00e9trica SL0 es la llave m\u00e1s peque\u00f1a de nuestra [&hellip;]<\/p>","protected":false},"featured_media":6762,"comment_status":"closed","ping_status":"closed","template":"","meta":{"_acf_changed":false},"product_brand":[286],"product_cat":[149,180],"product_tag":[],"class_list":{"0":"post-6689","1":"product","2":"type-product","3":"status-publish","4":"has-post-thumbnail","6":"product_brand-norbar","7":"product_cat-herramientas-de-torque","8":"product_cat-torcometros-torquimetros","10":"first","11":"outofstock","12":"taxable","13":"shipping-taxable","14":"purchasable","15":"product-type-simple"},"acf":[],"_links":{"self":[{"href":"https:\/\/ciecompraenlinea.com\/en\/wp-json\/wp\/v2\/product\/6689","targetHints":{"allow":["GET"]}}],"collection":[{"href":"https:\/\/ciecompraenlinea.com\/en\/wp-json\/wp\/v2\/product"}],"about":[{"href":"https:\/\/ciecompraenlinea.com\/en\/wp-json\/wp\/v2\/types\/product"}],"replies":[{"embeddable":true,"href":"https:\/\/ciecompraenlinea.com\/en\/wp-json\/wp\/v2\/comments?post=6689"}],"wp:featuredmedia":[{"embeddable":true,"href":"https:\/\/ciecompraenlinea.com\/en\/wp-json\/wp\/v2\/media\/6762"}],"wp:attachment":[{"href":"https:\/\/ciecompraenlinea.com\/en\/wp-json\/wp\/v2\/media?parent=6689"}],"wp:term":[{"taxonomy":"product_brand","embeddable":true,"href":"https:\/\/ciecompraenlinea.com\/en\/wp-json\/wp\/v2\/product_brand?post=6689"},{"taxonomy":"product_cat","embeddable":true,"href":"https:\/\/ciecompraenlinea.com\/en\/wp-json\/wp\/v2\/product_cat?post=6689"},{"taxonomy":"product_tag","embeddable":true,"href":"https:\/\/ciecompraenlinea.com\/en\/wp-json\/wp\/v2\/product_tag?post=6689"}],"curies":[{"name":"wp","href":"https:\/\/api.w.org\/{rel}","templated":true}]}}