{"id":6700,"date":"2025-07-24T23:01:30","date_gmt":"2025-07-24T23:01:30","guid":{"rendered":"https:\/\/aquamarine-salamander-419260.hostingersite.com\/?post_type=product&#038;p=6700"},"modified":"2025-08-29T09:19:05","modified_gmt":"2025-08-29T09:19:05","slug":"taladro-atornillador-inalambrico-bs-18-lt-metabo","status":"publish","type":"product","link":"https:\/\/ciecompraenlinea.com\/en\/product\/taladro-atornillador-inalambrico-bs-18-lt-metabo\/","title":{"rendered":"Taladro Atornillador Inalambrico BS 18 LT METABO"},"content":{"rendered":"<p data-start=\"231\" data-end=\"669\">Estos <strong data-start=\"234\" data-end=\"279\">taladros atornilladores inal\u00e1mbrico BS 18 LT<\/strong> de Metabo son una herramienta profesional vers\u00e1til y potente, ideal para quienes necesitan <strong data-start=\"370\" data-end=\"382\">taladros<\/strong> y <strong data-start=\"385\" data-end=\"413\">atornilladores a bater\u00eda<\/strong> confiables en tareas exigentes. Este <strong data-start=\"451\" data-end=\"491\">atornillador inal\u00e1mbrico profesional<\/strong>, tambi\u00e9n conocido como <strong data-start=\"515\" data-end=\"546\">taladro percutor recargable<\/strong>, est\u00e1 dise\u00f1ado con un motor de 4 polos de alto rendimiento que asegura potencia constante, incluso en trabajos intensivos.<\/p>\n<p data-start=\"671\" data-end=\"1158\">Con su luz LED integrada, gancho para cintur\u00f3n y compartimiento de puntas, mejora la eficiencia en campo o taller. Adem\u00e1s, este <strong data-start=\"799\" data-end=\"841\">taladro atornillador de bater\u00eda de 18V<\/strong> es compatible con el sistema <strong data-start=\"871\" data-end=\"878\">CAS<\/strong> (Cordless Alliance System), lo que permite usarlo con bater\u00edas de otras marcas del grupo. Ya sea que busques un <strong data-start=\"991\" data-end=\"1017\">destornillador potente<\/strong>, un <strong data-start=\"1022\" data-end=\"1053\">taladro inal\u00e1mbrico preciso<\/strong> o un equipo ergon\u00f3mico y duradero, este modelo cumple con todas las expectativas de calidad profesional.<\/p>","protected":false},"excerpt":{"rendered":"<p>Estos taladros atornilladores inal\u00e1mbrico BS 18 LT de Metabo son una herramienta profesional vers\u00e1til y potente, ideal para quienes necesitan taladros y atornilladores a bater\u00eda confiables en tareas exigentes. Este [&hellip;]<\/p>","protected":false},"featured_media":6772,"comment_status":"closed","ping_status":"closed","template":"","meta":{"_acf_changed":false},"product_brand":[293],"product_cat":[178,121,177,189],"product_tag":[],"class_list":{"0":"post-6700","1":"product","2":"type-product","3":"status-publish","4":"has-post-thumbnail","6":"product_brand-metabo","7":"product_cat-atornilladores-taladros-inalambrico","8":"product_cat-herramientas","9":"product_cat-inalambrico","10":"product_cat-taladro-inalambrico","12":"first","13":"instock","14":"featured","15":"taxable","16":"shipping-taxable","17":"purchasable","18":"product-type-simple"},"acf":[],"_links":{"self":[{"href":"https:\/\/ciecompraenlinea.com\/en\/wp-json\/wp\/v2\/product\/6700","targetHints":{"allow":["GET"]}}],"collection":[{"href":"https:\/\/ciecompraenlinea.com\/en\/wp-json\/wp\/v2\/product"}],"about":[{"href":"https:\/\/ciecompraenlinea.com\/en\/wp-json\/wp\/v2\/types\/product"}],"replies":[{"embeddable":true,"href":"https:\/\/ciecompraenlinea.com\/en\/wp-json\/wp\/v2\/comments?post=6700"}],"wp:featuredmedia":[{"embeddable":true,"href":"https:\/\/ciecompraenlinea.com\/en\/wp-json\/wp\/v2\/media\/6772"}],"wp:attachment":[{"href":"https:\/\/ciecompraenlinea.com\/en\/wp-json\/wp\/v2\/media?parent=6700"}],"wp:term":[{"taxonomy":"product_brand","embeddable":true,"href":"https:\/\/ciecompraenlinea.com\/en\/wp-json\/wp\/v2\/product_brand?post=6700"},{"taxonomy":"product_cat","embeddable":true,"href":"https:\/\/ciecompraenlinea.com\/en\/wp-json\/wp\/v2\/product_cat?post=6700"},{"taxonomy":"product_tag","embeddable":true,"href":"https:\/\/ciecompraenlinea.com\/en\/wp-json\/wp\/v2\/product_tag?post=6700"}],"curies":[{"name":"wp","href":"https:\/\/api.w.org\/{rel}","templated":true}]}}