{"id":6707,"date":"2025-07-24T23:02:39","date_gmt":"2025-07-24T23:02:39","guid":{"rendered":"https:\/\/aquamarine-salamander-419260.hostingersite.com\/?post_type=product&#038;p=6707"},"modified":"2025-09-16T10:55:29","modified_gmt":"2025-09-16T15:55:29","slug":"amoladora-angular-5-110-120-v-we-17-125-quick-rt-metabo","status":"publish","type":"product","link":"https:\/\/ciecompraenlinea.com\/en\/product\/amoladora-angular-5-110-120-v-we-17-125-quick-rt-metabo\/","title":{"rendered":"Amoladora Angular 5&#8243; 110-120 V  WE 17-125 QUICK RT METABO"},"content":{"rendered":"<p data-start=\"238\" data-end=\"622\">Pulidoras el\u00e9ctricas \/ esmeriles angulares electricos<\/p>\n<p data-start=\"238\" data-end=\"622\">Las <strong data-start=\"205\" data-end=\"246\">amoladoras angulares el\u00e9ctricas de 5&#8243;<\/strong> WE 17-125 QUICK RT de Metabo est\u00e1n dise\u00f1adas para trabajos continuos de corte y desbaste en entornos exigentes. Esta <strong data-start=\"364\" data-end=\"400\">pulidora angular el\u00e9ctrica de 5&#8243;<\/strong>, con sistema <strong data-start=\"414\" data-end=\"425\">M-Quick<\/strong> para cambio r\u00e1pido de disco, combina ergonom\u00eda, potencia constante y seguridad, convirti\u00e9ndose en una opci\u00f3n confiable para mantenimiento, industria y taller. Su <strong data-start=\"588\" data-end=\"606\">motor Longlife<\/strong> con electr\u00f3nica <strong data-start=\"623\" data-end=\"649\">Tacho-Constamatic (TC)<\/strong> mantiene la velocidad estable incluso bajo carga. Gracias al embrague de seguridad y la empu\u00f1adura <strong data-start=\"749\" data-end=\"762\">VibraTech<\/strong>, reduce vibraciones y mejora el control. Ya sea que busques una <strong data-start=\"827\" data-end=\"853\">amoladora el\u00e9ctrica 5&#8243;<\/strong>, una <strong data-start=\"859\" data-end=\"887\">pulidora el\u00e9ctrica 125mm<\/strong>, o un <strong data-start=\"894\" data-end=\"926\">esmeril angular el\u00e9ctrico 5&#8243;<\/strong>, este modelo profesional responde con eficiencia y durabilidad. Ideal como <strong data-start=\"1002\" data-end=\"1040\">amoladora 5&#8243; para corte y desbaste<\/strong> o como <strong data-start=\"1048\" data-end=\"1082\">amoladora angular 5&#8243; con cable<\/strong>, para quienes necesitan resultados constantes y precisos.<\/p>\n<div style=\"display:flex; gap:10px;justify-content:center\" class=\"wps-pgfw-pdf-generate-icon__wrapper-frontend\">\n\t\t<a  href=\"https:\/\/ciecompraenlinea.com\/en\/wp-json\/wp\/v2\/product\/6707?action=genpdf&amp;id=6707\" class=\"pgfw-single-pdf-download-button\" ><img src=\"https:\/\/ciecompraenlinea.com\/wp-content\/uploads\/2025\/08\/Untitled-image-5.png\" title=\"Generate PDF\" style=\"width:auto; height:50px;\"><\/a>\n\t\t<\/div>","protected":false},"excerpt":{"rendered":"<p>Pulidoras el\u00e9ctricas \/ esmeriles angulares electricos Las amoladoras angulares el\u00e9ctricas de 5&#8243; WE 17-125 QUICK RT de Metabo est\u00e1n dise\u00f1adas para trabajos continuos de corte y desbaste en entornos exigentes. [&hellip;]<\/p>","protected":false},"featured_media":6785,"comment_status":"closed","ping_status":"closed","template":"","meta":{"_acf_changed":false},"product_brand":[293],"product_cat":[122,121,123],"product_tag":[],"class_list":{"0":"post-6707","1":"product","2":"type-product","3":"status-publish","4":"has-post-thumbnail","6":"product_brand-metabo","7":"product_cat-electricas","8":"product_cat-herramientas","9":"product_cat-pulidora","11":"first","12":"instock","13":"featured","14":"taxable","15":"shipping-taxable","16":"purchasable","17":"product-type-simple"},"acf":[],"_links":{"self":[{"href":"https:\/\/ciecompraenlinea.com\/en\/wp-json\/wp\/v2\/product\/6707","targetHints":{"allow":["GET"]}}],"collection":[{"href":"https:\/\/ciecompraenlinea.com\/en\/wp-json\/wp\/v2\/product"}],"about":[{"href":"https:\/\/ciecompraenlinea.com\/en\/wp-json\/wp\/v2\/types\/product"}],"replies":[{"embeddable":true,"href":"https:\/\/ciecompraenlinea.com\/en\/wp-json\/wp\/v2\/comments?post=6707"}],"wp:featuredmedia":[{"embeddable":true,"href":"https:\/\/ciecompraenlinea.com\/en\/wp-json\/wp\/v2\/media\/6785"}],"wp:attachment":[{"href":"https:\/\/ciecompraenlinea.com\/en\/wp-json\/wp\/v2\/media?parent=6707"}],"wp:term":[{"taxonomy":"product_brand","embeddable":true,"href":"https:\/\/ciecompraenlinea.com\/en\/wp-json\/wp\/v2\/product_brand?post=6707"},{"taxonomy":"product_cat","embeddable":true,"href":"https:\/\/ciecompraenlinea.com\/en\/wp-json\/wp\/v2\/product_cat?post=6707"},{"taxonomy":"product_tag","embeddable":true,"href":"https:\/\/ciecompraenlinea.com\/en\/wp-json\/wp\/v2\/product_tag?post=6707"}],"curies":[{"name":"wp","href":"https:\/\/api.w.org\/{rel}","templated":true}]}}