{"id":6708,"date":"2025-07-24T23:02:39","date_gmt":"2025-07-24T23:02:39","guid":{"rendered":"https:\/\/aquamarine-salamander-419260.hostingersite.com\/?post_type=product&#038;p=6708"},"modified":"2025-08-29T09:19:06","modified_gmt":"2025-08-29T09:19:06","slug":"amoladora-angular-7-110-120-v-w-24-180-mvt-metabo","status":"publish","type":"product","link":"https:\/\/ciecompraenlinea.com\/en\/product\/amoladora-angular-7-110-120-v-w-24-180-mvt-metabo\/","title":{"rendered":"Amoladora Angular 7&#8243; 110-120 V W 24-180 MVT METABO"},"content":{"rendered":"<p data-start=\"329\" data-end=\"662\">La <strong data-start=\"222\" data-end=\"267\">amoladora angular el\u00e9ctrica de 7 pulgadas<\/strong> W 24-180 MVT de Metabo es una <strong data-start=\"298\" data-end=\"335\">herramienta el\u00e9ctrica profesional<\/strong> dise\u00f1ada para aplicaciones exigentes en metal y concreto. Esta <strong data-start=\"399\" data-end=\"435\">pulidora angular el\u00e9ctrica de 7&#8243;<\/strong>, tambi\u00e9n identificada como <strong data-start=\"463\" data-end=\"495\">esmeril angular el\u00e9ctrico 7&#8243;<\/strong> o <strong data-start=\"498\" data-end=\"524\">amoladora el\u00e9ctrica 7&#8243;<\/strong>, combina potencia, durabilidad y control, ideal para trabajos continuos en talleres y obras. Su motor Longlife con protecci\u00f3n contra polvo patentada y el sistema <strong data-start=\"687\" data-end=\"706\">VibraTech (MVT)<\/strong> garantizan un rendimiento constante con menor vibraci\u00f3n. Con dise\u00f1o ergon\u00f3mico, carcasa giratoria y empu\u00f1adura ajustable, se adapta a m\u00faltiples posiciones de trabajo. Forma parte de la l\u00ednea de <strong data-start=\"901\" data-end=\"942\">amoladoras angulares el\u00e9ctricas de 7&#8243;<\/strong>, <strong data-start=\"944\" data-end=\"982\">pulidoras el\u00e9ctricas profesionales<\/strong>, <strong data-start=\"984\" data-end=\"1033\">herramientas el\u00e9ctricas para corte y desbaste<\/strong> y <strong data-start=\"1036\" data-end=\"1073\">esmeriles el\u00e9ctricos industriales<\/strong>, ideales para usuarios que necesitan una <strong data-start=\"1115\" data-end=\"1149\">amoladora angular 7&#8243; con cable<\/strong> confiable y de alto rendimiento.<\/p>\n<div style=\"display:flex; gap:10px;justify-content:center\" class=\"wps-pgfw-pdf-generate-icon__wrapper-frontend\">\n\t\t<a  href=\"https:\/\/ciecompraenlinea.com\/en\/wp-json\/wp\/v2\/product\/6708?action=genpdf&amp;id=6708\" class=\"pgfw-single-pdf-download-button\" ><img src=\"https:\/\/ciecompraenlinea.com\/wp-content\/uploads\/2025\/08\/Untitled-image-5.png\" title=\"Generate PDF\" style=\"width:auto; height:50px;\"><\/a>\n\t\t<\/div>","protected":false},"excerpt":{"rendered":"<p><strong><span style=\"color: #ff0000;\">Tiempo de Entrega 3 Semanas\u00a0<\/span><\/strong><\/p>","protected":false},"featured_media":6786,"comment_status":"closed","ping_status":"closed","template":"","meta":{"_acf_changed":false},"product_brand":[293],"product_cat":[122,121,123],"product_tag":[],"class_list":{"0":"post-6708","1":"product","2":"type-product","3":"status-publish","4":"has-post-thumbnail","6":"product_brand-metabo","7":"product_cat-electricas","8":"product_cat-herramientas","9":"product_cat-pulidora","11":"first","12":"instock","13":"taxable","14":"shipping-taxable","15":"purchasable","16":"product-type-simple"},"acf":[],"_links":{"self":[{"href":"https:\/\/ciecompraenlinea.com\/en\/wp-json\/wp\/v2\/product\/6708","targetHints":{"allow":["GET"]}}],"collection":[{"href":"https:\/\/ciecompraenlinea.com\/en\/wp-json\/wp\/v2\/product"}],"about":[{"href":"https:\/\/ciecompraenlinea.com\/en\/wp-json\/wp\/v2\/types\/product"}],"replies":[{"embeddable":true,"href":"https:\/\/ciecompraenlinea.com\/en\/wp-json\/wp\/v2\/comments?post=6708"}],"wp:featuredmedia":[{"embeddable":true,"href":"https:\/\/ciecompraenlinea.com\/en\/wp-json\/wp\/v2\/media\/6786"}],"wp:attachment":[{"href":"https:\/\/ciecompraenlinea.com\/en\/wp-json\/wp\/v2\/media?parent=6708"}],"wp:term":[{"taxonomy":"product_brand","embeddable":true,"href":"https:\/\/ciecompraenlinea.com\/en\/wp-json\/wp\/v2\/product_brand?post=6708"},{"taxonomy":"product_cat","embeddable":true,"href":"https:\/\/ciecompraenlinea.com\/en\/wp-json\/wp\/v2\/product_cat?post=6708"},{"taxonomy":"product_tag","embeddable":true,"href":"https:\/\/ciecompraenlinea.com\/en\/wp-json\/wp\/v2\/product_tag?post=6708"}],"curies":[{"name":"wp","href":"https:\/\/api.w.org\/{rel}","templated":true}]}}