{"id":6711,"date":"2025-07-24T23:03:17","date_gmt":"2025-07-24T23:03:17","guid":{"rendered":"https:\/\/aquamarine-salamander-419260.hostingersite.com\/?post_type=product&#038;p=6711"},"modified":"2025-08-29T09:19:06","modified_gmt":"2025-08-29T09:19:06","slug":"amoladora-angular-9-110-120-v-w-24-230-mvt","status":"publish","type":"product","link":"https:\/\/ciecompraenlinea.com\/en\/product\/amoladora-angular-9-110-120-v-w-24-230-mvt\/","title":{"rendered":"Amoladora Angular 9&#8243; 110-120 V W 24-230 MVT"},"content":{"rendered":"<p>Herramientas el\u00e9ctricas \/ pulidoras angulares<\/p>\n<p data-start=\"197\" data-end=\"656\">La <strong data-start=\"200\" data-end=\"237\">amoladora angular el\u00e9ctrica de 9&#8243;<\/strong> W 24-230 MVT de Metabo es una <strong data-start=\"268\" data-end=\"313\">herramienta el\u00e9ctrica de alto rendimiento<\/strong> dise\u00f1ada para trabajos exigentes en metal, concreto y estructuras pesadas. Esta <strong data-start=\"394\" data-end=\"438\">pulidora angular el\u00e9ctrica de 9 pulgadas<\/strong>, tambi\u00e9n reconocida como <strong data-start=\"464\" data-end=\"496\">esmeril angular el\u00e9ctrico 9&#8243;<\/strong>, ofrece potencia continua gracias a su robusto motor Longlife con protecci\u00f3n contra polvo patentada, extendiendo la vida \u00fatil incluso en entornos industriales.<\/p>\n<p data-start=\"658\" data-end=\"1203\">Su dise\u00f1o ergon\u00f3mico, t\u00edpico en las mejores <strong data-start=\"702\" data-end=\"730\">amoladoras el\u00e9ctricas 9&#8243;<\/strong>, incluye empu\u00f1adura principal giratoria y adicional en tres posiciones, brindando control total al operario. Adem\u00e1s, el sistema VibraTech (MVT) reduce las vibraciones, favoreciendo el confort en usos prolongados. Esta <strong data-start=\"949\" data-end=\"971\">pulidora el\u00e9ctrica<\/strong>, que forma parte de la l\u00ednea de <strong data-start=\"1004\" data-end=\"1041\">amoladoras angulares 9&#8243; con cable<\/strong>, cuenta con cubierta ajustable sin herramientas, escobillas autodesconectantes y un interruptor de seguridad que incrementan la confiabilidad y facilidad de uso.<\/p>\n<p data-start=\"1205\" data-end=\"1420\">Ideal para quienes buscan una <strong data-start=\"1235\" data-end=\"1273\">amoladora 9&#8243; para corte y desbaste<\/strong>, ya sea para mantenimiento t\u00e9cnico, construcci\u00f3n o talleres pesados, esta es una de las mejores <strong data-start=\"1370\" data-end=\"1407\">pulidoras el\u00e9ctricas industriales<\/strong> de su clase.<\/p>","protected":false},"excerpt":{"rendered":"<p>Herramientas el\u00e9ctricas \/ pulidoras angulares La amoladora angular el\u00e9ctrica de 9&#8243; W 24-230 MVT de Metabo es una herramienta el\u00e9ctrica de alto rendimiento dise\u00f1ada para trabajos exigentes en metal, concreto [&hellip;]<\/p>","protected":false},"featured_media":6789,"comment_status":"closed","ping_status":"closed","template":"","meta":{"_acf_changed":false},"product_brand":[293],"product_cat":[122,121,123],"product_tag":[],"class_list":{"0":"post-6711","1":"product","2":"type-product","3":"status-publish","4":"has-post-thumbnail","6":"product_brand-metabo","7":"product_cat-electricas","8":"product_cat-herramientas","9":"product_cat-pulidora","11":"first","12":"outofstock","13":"taxable","14":"shipping-taxable","15":"purchasable","16":"product-type-simple"},"acf":[],"_links":{"self":[{"href":"https:\/\/ciecompraenlinea.com\/en\/wp-json\/wp\/v2\/product\/6711","targetHints":{"allow":["GET"]}}],"collection":[{"href":"https:\/\/ciecompraenlinea.com\/en\/wp-json\/wp\/v2\/product"}],"about":[{"href":"https:\/\/ciecompraenlinea.com\/en\/wp-json\/wp\/v2\/types\/product"}],"replies":[{"embeddable":true,"href":"https:\/\/ciecompraenlinea.com\/en\/wp-json\/wp\/v2\/comments?post=6711"}],"wp:featuredmedia":[{"embeddable":true,"href":"https:\/\/ciecompraenlinea.com\/en\/wp-json\/wp\/v2\/media\/6789"}],"wp:attachment":[{"href":"https:\/\/ciecompraenlinea.com\/en\/wp-json\/wp\/v2\/media?parent=6711"}],"wp:term":[{"taxonomy":"product_brand","embeddable":true,"href":"https:\/\/ciecompraenlinea.com\/en\/wp-json\/wp\/v2\/product_brand?post=6711"},{"taxonomy":"product_cat","embeddable":true,"href":"https:\/\/ciecompraenlinea.com\/en\/wp-json\/wp\/v2\/product_cat?post=6711"},{"taxonomy":"product_tag","embeddable":true,"href":"https:\/\/ciecompraenlinea.com\/en\/wp-json\/wp\/v2\/product_tag?post=6711"}],"curies":[{"name":"wp","href":"https:\/\/api.w.org\/{rel}","templated":true}]}}