{"id":6716,"date":"2025-07-24T23:04:08","date_gmt":"2025-07-24T23:04:08","guid":{"rendered":"https:\/\/aquamarine-salamander-419260.hostingersite.com\/?post_type=product&#038;p=6716"},"modified":"2025-08-29T09:19:06","modified_gmt":"2025-08-29T09:19:06","slug":"satinadora-se-17-200-rt-set-metabo","status":"publish","type":"product","link":"https:\/\/ciecompraenlinea.com\/en\/product\/satinadora-se-17-200-rt-set-metabo\/","title":{"rendered":"Satinadora SE 17-200 RT SET METABO"},"content":{"rendered":"<p data-start=\"328\" data-end=\"707\">Las <strong data-start=\"331\" data-end=\"372\">satinadoras el\u00e9ctricas SE 17-200 RT SET<\/strong> de <strong data-start=\"376\" data-end=\"386\">Metabo<\/strong> est\u00e1n dise\u00f1adas para tareas profesionales de <strong data-start=\"430\" data-end=\"483\">pulido, rectificado, cepillado y acabado satinado<\/strong> en superficies met\u00e1licas, especialmente en <strong data-start=\"527\" data-end=\"547\">acero inoxidable<\/strong>. Su motor de <strong data-start=\"561\" data-end=\"571\">1700 W<\/strong> con engranaje planetario de alta capacidad de arrastre garantiza un rendimiento constante y duradero incluso en aplicaciones exigentes.<\/p>\n<p data-start=\"709\" data-end=\"1067\">Esta <strong data-start=\"714\" data-end=\"752\">satinadora para acabados met\u00e1licos<\/strong> cuenta con la tecnolog\u00eda <strong data-start=\"778\" data-end=\"811\">Vario-Tacho-Constamatic (VTC)<\/strong> que permite regular la velocidad entre <strong data-start=\"851\" data-end=\"869\">800 y 3000 rpm<\/strong>, manteni\u00e9ndola estable bajo carga. Su dise\u00f1o ergon\u00f3mico con <strong data-start=\"930\" data-end=\"990\">empu\u00f1adura delgada y mandril de sujeci\u00f3n de marcha suave<\/strong>, permite trabajar sin fatiga y lograr un <strong data-start=\"1032\" data-end=\"1066\">acabado uniforme y profesional<\/strong>.<\/p>\n<p data-start=\"1069\" data-end=\"1298\">Adem\u00e1s, incluye <strong data-start=\"1085\" data-end=\"1124\">bloqueo de husillo sin herramientas<\/strong>, <strong data-start=\"1126\" data-end=\"1189\">ajuste r\u00e1pido de la chapa protectora y empu\u00f1adura adicional<\/strong>, as\u00ed como <strong data-start=\"1200\" data-end=\"1272\">protecci\u00f3n contra sobrecarga, arranque suave y sistema antirreinicio<\/strong> tras cortes de corriente.<\/p>\n<div style=\"display:flex; gap:10px;justify-content:center\" class=\"wps-pgfw-pdf-generate-icon__wrapper-frontend\">\n\t\t<a  href=\"https:\/\/ciecompraenlinea.com\/en\/wp-json\/wp\/v2\/product\/6716?action=genpdf&amp;id=6716\" class=\"pgfw-single-pdf-download-button\" ><img src=\"https:\/\/ciecompraenlinea.com\/wp-content\/uploads\/2025\/08\/Untitled-image-5.png\" title=\"Generate PDF\" style=\"width:auto; height:50px;\"><\/a>\n\t\t<\/div>","protected":false},"excerpt":{"rendered":"<p>Las satinadoras el\u00e9ctricas SE 17-200 RT SET de Metabo est\u00e1n dise\u00f1adas para tareas profesionales de pulido, rectificado, cepillado y acabado satinado en superficies met\u00e1licas, especialmente en acero inoxidable. Su motor [&hellip;]<\/p>","protected":false},"featured_media":6798,"comment_status":"closed","ping_status":"closed","template":"","meta":{"_acf_changed":false},"product_brand":[293],"product_cat":[122,121,191],"product_tag":[],"class_list":{"0":"post-6716","1":"product","2":"type-product","3":"status-publish","4":"has-post-thumbnail","6":"product_brand-metabo","7":"product_cat-electricas","8":"product_cat-herramientas","9":"product_cat-satinadora","11":"first","12":"instock","13":"taxable","14":"shipping-taxable","15":"purchasable","16":"product-type-simple"},"acf":[],"_links":{"self":[{"href":"https:\/\/ciecompraenlinea.com\/en\/wp-json\/wp\/v2\/product\/6716","targetHints":{"allow":["GET"]}}],"collection":[{"href":"https:\/\/ciecompraenlinea.com\/en\/wp-json\/wp\/v2\/product"}],"about":[{"href":"https:\/\/ciecompraenlinea.com\/en\/wp-json\/wp\/v2\/types\/product"}],"replies":[{"embeddable":true,"href":"https:\/\/ciecompraenlinea.com\/en\/wp-json\/wp\/v2\/comments?post=6716"}],"wp:featuredmedia":[{"embeddable":true,"href":"https:\/\/ciecompraenlinea.com\/en\/wp-json\/wp\/v2\/media\/6798"}],"wp:attachment":[{"href":"https:\/\/ciecompraenlinea.com\/en\/wp-json\/wp\/v2\/media?parent=6716"}],"wp:term":[{"taxonomy":"product_brand","embeddable":true,"href":"https:\/\/ciecompraenlinea.com\/en\/wp-json\/wp\/v2\/product_brand?post=6716"},{"taxonomy":"product_cat","embeddable":true,"href":"https:\/\/ciecompraenlinea.com\/en\/wp-json\/wp\/v2\/product_cat?post=6716"},{"taxonomy":"product_tag","embeddable":true,"href":"https:\/\/ciecompraenlinea.com\/en\/wp-json\/wp\/v2\/product_tag?post=6716"}],"curies":[{"name":"wp","href":"https:\/\/api.w.org\/{rel}","templated":true}]}}