{"id":6720,"date":"2025-07-24T23:05:07","date_gmt":"2025-07-24T23:05:07","guid":{"rendered":"https:\/\/aquamarine-salamander-419260.hostingersite.com\/?post_type=product&#038;p=6720"},"modified":"2025-08-29T09:19:07","modified_gmt":"2025-08-29T09:19:07","slug":"fresa-lima-rotativa-de-carburo-de-tungsteno-para-metal-tipo-sl-7","status":"publish","type":"product","link":"https:\/\/ciecompraenlinea.com\/en\/product\/fresa-lima-rotativa-de-carburo-de-tungsteno-para-metal-tipo-sl-7\/","title":{"rendered":"Fresa\/lima Rotativa De Carburo De Tungsteno Para Metal TIPO SL-7"},"content":{"rendered":"<p><strong>Abrasivos:<br \/>\nFresa\/lima Rotativa De Carburo De Tungsteno Para Metal TIPO SL-7<\/strong><\/p>\n<p><strong>Descripci\u00f3n:<\/strong><\/p>\n<p>Abrasivo Lima rotativa de doble corte en Carburo de Tungsteno de alta calidad Para Motortools de v\u00e1stago o collet capacidad de 1\/4<\/p>\n<p><strong>Datos t\u00e9cnicos<\/strong><\/p>\n<ul>\n<li>modelo: SL-7<\/li>\n<li>referencia: L1\/4.2038-6<\/li>\n<li>material: carburo de tungsteno<\/li>\n<li>di\u00e1metro corte: 20*38mm<\/li>\n<li>v\u00e1stago o collet: 1\/4&#8243;<\/li>\n<li>forma: C\u00f3nica Nariz Redonda<\/li>\n<li>tipo de corte: doble corte<\/li>\n<li>aplicaci\u00f3n: aceros aleados y templados<\/li>\n<li>otros: no usar en pl\u00e1stico o aluminio<\/li>\n<li>Marca PROCUT\/SGS, fabricaci\u00f3n inglesa.<\/li>\n<\/ul>\n<p>Entregas de lunes a viernes, 2 a 3 d\u00edas, fuera de Bogot\u00e1 de 3 a 5 d\u00edas.<\/p>\n<p>&nbsp;<\/p>\n<div style=\"display:flex; gap:10px;justify-content:center\" class=\"wps-pgfw-pdf-generate-icon__wrapper-frontend\">\n\t\t<a  href=\"https:\/\/ciecompraenlinea.com\/en\/wp-json\/wp\/v2\/product\/6720?action=genpdf&amp;id=6720\" class=\"pgfw-single-pdf-download-button\" ><img src=\"https:\/\/ciecompraenlinea.com\/wp-content\/uploads\/2025\/08\/Untitled-image-5.png\" title=\"Generate PDF\" style=\"width:auto; height:50px;\"><\/a>\n\t\t<\/div>","protected":false},"excerpt":{"rendered":"<p>Abrasivos: Fresa\/lima Rotativa De Carburo De Tungsteno Para Metal TIPO SL-7 Descripci\u00f3n: Abrasivo Lima rotativa de doble corte en Carburo de Tungsteno de alta calidad Para Motortools de v\u00e1stago o [&hellip;]<\/p>","protected":false},"featured_media":6802,"comment_status":"closed","ping_status":"closed","template":"","meta":{"_acf_changed":false},"product_brand":[281],"product_cat":[129,192,128,140],"product_tag":[],"class_list":{"0":"post-6720","1":"product","2":"type-product","3":"status-publish","4":"has-post-thumbnail","6":"product_brand-procut","7":"product_cat-abrasivos","8":"product_cat-conica-nariz-redonda-sl","9":"product_cat-consumibles","10":"product_cat-fresas-limas-rotativas","12":"first","13":"instock","14":"taxable","15":"shipping-taxable","16":"purchasable","17":"product-type-simple"},"acf":[],"_links":{"self":[{"href":"https:\/\/ciecompraenlinea.com\/en\/wp-json\/wp\/v2\/product\/6720","targetHints":{"allow":["GET"]}}],"collection":[{"href":"https:\/\/ciecompraenlinea.com\/en\/wp-json\/wp\/v2\/product"}],"about":[{"href":"https:\/\/ciecompraenlinea.com\/en\/wp-json\/wp\/v2\/types\/product"}],"replies":[{"embeddable":true,"href":"https:\/\/ciecompraenlinea.com\/en\/wp-json\/wp\/v2\/comments?post=6720"}],"wp:featuredmedia":[{"embeddable":true,"href":"https:\/\/ciecompraenlinea.com\/en\/wp-json\/wp\/v2\/media\/6802"}],"wp:attachment":[{"href":"https:\/\/ciecompraenlinea.com\/en\/wp-json\/wp\/v2\/media?parent=6720"}],"wp:term":[{"taxonomy":"product_brand","embeddable":true,"href":"https:\/\/ciecompraenlinea.com\/en\/wp-json\/wp\/v2\/product_brand?post=6720"},{"taxonomy":"product_cat","embeddable":true,"href":"https:\/\/ciecompraenlinea.com\/en\/wp-json\/wp\/v2\/product_cat?post=6720"},{"taxonomy":"product_tag","embeddable":true,"href":"https:\/\/ciecompraenlinea.com\/en\/wp-json\/wp\/v2\/product_tag?post=6720"}],"curies":[{"name":"wp","href":"https:\/\/api.w.org\/{rel}","templated":true}]}}