{"id":6730,"date":"2025-07-24T23:05:30","date_gmt":"2025-07-24T23:05:30","guid":{"rendered":"https:\/\/aquamarine-salamander-419260.hostingersite.com\/?post_type=product&#038;p=6730"},"modified":"2025-08-29T09:19:07","modified_gmt":"2025-08-29T09:19:07","slug":"fresa-lima-rotativa-de-carburo-de-tungsteno-para-metal-tipo-sm-6","status":"publish","type":"product","link":"https:\/\/ciecompraenlinea.com\/en\/product\/fresa-lima-rotativa-de-carburo-de-tungsteno-para-metal-tipo-sm-6\/","title":{"rendered":"Fresa\/lima Rotativa De Carburo De Tungsteno Para Metal TIPO SM-6"},"content":{"rendered":"<p><strong>Fresa\/lima Rotativa De Carburo De Tungsteno Para Metal TIPO SM-6<\/strong><\/p>\n<p><strong>Descripci\u00f3n:<\/strong><\/p>\n<p>Lima rotativa de doble corte en Carburo de Tungsteno de alta calidad Para Motortools de v\u00e1stago o collet capacidad de 1\/4<\/p>\n<p><strong>Datos t\u00e9cnicos<\/strong><\/p>\n<ul>\n<li>modelo: SM-6<\/li>\n<li>referencia: M1\/4.1525-6<\/li>\n<li>material: carburo de tungsteno<\/li>\n<li>di\u00e1metro corte: 15*25mm<\/li>\n<li>v\u00e1stago o collet: 1\/4&#8243;<\/li>\n<li>forma: C\u00f3nica en Punta<\/li>\n<li>tipo de corte: doble corte<\/li>\n<li>aplicaci\u00f3n: aceros aleados y templados<\/li>\n<li>otros: no usar en pl\u00e1stico o aluminio<\/li>\n<li>Marca PROCUT\/SGS, fabricaci\u00f3n inglesa.<\/li>\n<\/ul>\n<p>Entregas de lunes a viernes, 2 a 3 d\u00edas, fuera de Bogot\u00e1 de 3 a 5 d\u00edas.<\/p>","protected":false},"excerpt":{"rendered":"<p>Fresa\/lima Rotativa De Carburo De Tungsteno Para Metal TIPO SM-6 Descripci\u00f3n: Lima rotativa de doble corte en Carburo de Tungsteno de alta calidad Para Motortools de v\u00e1stago o collet capacidad [&hellip;]<\/p>","protected":false},"featured_media":6825,"comment_status":"closed","ping_status":"closed","template":"","meta":{"_acf_changed":false},"product_brand":[],"product_cat":[129,196,128,140],"product_tag":[],"class_list":{"0":"post-6730","1":"product","2":"type-product","3":"status-publish","4":"has-post-thumbnail","6":"product_cat-abrasivos","7":"product_cat-conica-en-punta-sm","8":"product_cat-consumibles","9":"product_cat-fresas-limas-rotativas","11":"first","12":"outofstock","13":"taxable","14":"shipping-taxable","15":"purchasable","16":"product-type-simple"},"acf":[],"_links":{"self":[{"href":"https:\/\/ciecompraenlinea.com\/en\/wp-json\/wp\/v2\/product\/6730","targetHints":{"allow":["GET"]}}],"collection":[{"href":"https:\/\/ciecompraenlinea.com\/en\/wp-json\/wp\/v2\/product"}],"about":[{"href":"https:\/\/ciecompraenlinea.com\/en\/wp-json\/wp\/v2\/types\/product"}],"replies":[{"embeddable":true,"href":"https:\/\/ciecompraenlinea.com\/en\/wp-json\/wp\/v2\/comments?post=6730"}],"wp:featuredmedia":[{"embeddable":true,"href":"https:\/\/ciecompraenlinea.com\/en\/wp-json\/wp\/v2\/media\/6825"}],"wp:attachment":[{"href":"https:\/\/ciecompraenlinea.com\/en\/wp-json\/wp\/v2\/media?parent=6730"}],"wp:term":[{"taxonomy":"product_brand","embeddable":true,"href":"https:\/\/ciecompraenlinea.com\/en\/wp-json\/wp\/v2\/product_brand?post=6730"},{"taxonomy":"product_cat","embeddable":true,"href":"https:\/\/ciecompraenlinea.com\/en\/wp-json\/wp\/v2\/product_cat?post=6730"},{"taxonomy":"product_tag","embeddable":true,"href":"https:\/\/ciecompraenlinea.com\/en\/wp-json\/wp\/v2\/product_tag?post=6730"}],"curies":[{"name":"wp","href":"https:\/\/api.w.org\/{rel}","templated":true}]}}