{"id":6756,"date":"2025-07-24T23:06:30","date_gmt":"2025-07-24T23:06:30","guid":{"rendered":"https:\/\/aquamarine-salamander-419260.hostingersite.com\/?post_type=product&#038;p=6756"},"modified":"2025-08-29T09:19:07","modified_gmt":"2025-08-29T09:19:07","slug":"taladro-atornillador-inalambrico-pbl141k-stayer","status":"publish","type":"product","link":"https:\/\/ciecompraenlinea.com\/en\/product\/taladro-atornillador-inalambrico-pbl141k-stayer\/","title":{"rendered":"Taladro\/Atornillador Inal\u00e1mbrico PBL141K STAYER"},"content":{"rendered":"<p data-start=\"230\" data-end=\"713\">Destornillador inal\u00e1mbrico<\/p>\n<p data-start=\"230\" data-end=\"713\">El <strong data-start=\"233\" data-end=\"275\">taladro atornillador a bater\u00eda PBL141K<\/strong> de la marca <strong data-start=\"288\" data-end=\"298\">Stayer<\/strong> es una herramienta potente, vers\u00e1til y pr\u00e1ctica, perfecta para perforar y atornillar en madera, metal y otros materiales. Esta l\u00ednea de <strong data-start=\"435\" data-end=\"460\">taladros inal\u00e1mbricos<\/strong> destaca por su portabilidad, permitiendo libertad total de movimiento en cualquier entorno de trabajo. Ya sea que busques un <strong data-start=\"586\" data-end=\"614\">atornillador inal\u00e1mbrico<\/strong> o un <strong data-start=\"620\" data-end=\"652\">taladro inal\u00e1mbrico compacto<\/strong>, este modelo combina potencia, autonom\u00eda y facilidad de uso.<\/p>\n<p data-start=\"715\" data-end=\"1016\">Equipada con dos velocidades mec\u00e1nicas, funci\u00f3n reversible y control electr\u00f3nico de velocidad, esta herramienta 2 en 1 se adapta a m\u00faltiples aplicaciones. Su <strong data-start=\"873\" data-end=\"899\">portabrocas autom\u00e1tico<\/strong> permite cambios r\u00e1pidos de accesorios, mientras que la <strong data-start=\"955\" data-end=\"976\">luz LED integrada<\/strong> mejora la visibilidad en \u00e1reas oscuras.<\/p>\n<p data-start=\"1018\" data-end=\"1305\">Tanto los <strong data-start=\"1028\" data-end=\"1068\">taladros atornilladores inal\u00e1mbricos<\/strong> como los <strong data-start=\"1078\" data-end=\"1108\">destornilladores a bater\u00eda<\/strong> como este son esenciales para trabajos profesionales y tareas dom\u00e9sticas. El kit incluye todo lo necesario para comenzar de inmediato, convirti\u00e9ndolo en una opci\u00f3n completa, eficiente y confiable.<\/p>\n<div style=\"display:flex; gap:10px;justify-content:center\" class=\"wps-pgfw-pdf-generate-icon__wrapper-frontend\">\n\t\t<a  href=\"https:\/\/ciecompraenlinea.com\/en\/wp-json\/wp\/v2\/product\/6756?action=genpdf&amp;id=6756\" class=\"pgfw-single-pdf-download-button\" ><img src=\"https:\/\/ciecompraenlinea.com\/wp-content\/uploads\/2025\/08\/Untitled-image-5.png\" title=\"Generate PDF\" style=\"width:auto; height:50px;\"><\/a>\n\t\t<\/div>","protected":false},"excerpt":{"rendered":"<p>Destornillador inal\u00e1mbrico El taladro atornillador a bater\u00eda PBL141K de la marca Stayer es una herramienta potente, vers\u00e1til y pr\u00e1ctica, perfecta para perforar y atornillar en madera, metal y otros materiales. [&hellip;]<\/p>","protected":false},"featured_media":6875,"comment_status":"closed","ping_status":"closed","template":"","meta":{"_acf_changed":false},"product_brand":[276],"product_cat":[178,121,177,189],"product_tag":[],"class_list":{"0":"post-6756","1":"product","2":"type-product","3":"status-publish","4":"has-post-thumbnail","6":"product_brand-stayer","7":"product_cat-atornilladores-taladros-inalambrico","8":"product_cat-herramientas","9":"product_cat-inalambrico","10":"product_cat-taladro-inalambrico","12":"first","13":"instock","14":"featured","15":"taxable","16":"shipping-taxable","17":"purchasable","18":"product-type-simple"},"acf":[],"_links":{"self":[{"href":"https:\/\/ciecompraenlinea.com\/en\/wp-json\/wp\/v2\/product\/6756","targetHints":{"allow":["GET"]}}],"collection":[{"href":"https:\/\/ciecompraenlinea.com\/en\/wp-json\/wp\/v2\/product"}],"about":[{"href":"https:\/\/ciecompraenlinea.com\/en\/wp-json\/wp\/v2\/types\/product"}],"replies":[{"embeddable":true,"href":"https:\/\/ciecompraenlinea.com\/en\/wp-json\/wp\/v2\/comments?post=6756"}],"wp:featuredmedia":[{"embeddable":true,"href":"https:\/\/ciecompraenlinea.com\/en\/wp-json\/wp\/v2\/media\/6875"}],"wp:attachment":[{"href":"https:\/\/ciecompraenlinea.com\/en\/wp-json\/wp\/v2\/media?parent=6756"}],"wp:term":[{"taxonomy":"product_brand","embeddable":true,"href":"https:\/\/ciecompraenlinea.com\/en\/wp-json\/wp\/v2\/product_brand?post=6756"},{"taxonomy":"product_cat","embeddable":true,"href":"https:\/\/ciecompraenlinea.com\/en\/wp-json\/wp\/v2\/product_cat?post=6756"},{"taxonomy":"product_tag","embeddable":true,"href":"https:\/\/ciecompraenlinea.com\/en\/wp-json\/wp\/v2\/product_tag?post=6756"}],"curies":[{"name":"wp","href":"https:\/\/api.w.org\/{rel}","templated":true}]}}