{"id":6769,"date":"2025-07-24T23:07:03","date_gmt":"2025-07-24T23:07:03","guid":{"rendered":"https:\/\/aquamarine-salamander-419260.hostingersite.com\/?post_type=product&#038;p=6769"},"modified":"2025-10-20T09:54:35","modified_gmt":"2025-10-20T14:54:35","slug":"grapadora-neumatica-fa35-15-18-fasco","status":"publish","type":"product","link":"https:\/\/ciecompraenlinea.com\/en\/product\/grapadora-neumatica-fa35-15-18-fasco\/","title":{"rendered":"Grapadora Neum\u00e1tica FA35-15\/18 FASCO"},"content":{"rendered":"<p>Las <strong data-start=\"314\" data-end=\"348\">grapadoras neum\u00e1ticas FA35\u201315\/18<\/strong> de Fasco son unas herramientas industriales dise\u00f1adas para el <strong data-start=\"405\" data-end=\"434\">cierre de cajas de cart\u00f3n<\/strong> mediante grapas tipo A de 5\/8&#8243; y 3\/4&#8243;, compatibles con marcas como Bostitch, BeA, Klinch-Pak y m\u00e1s. Gracias a su estructura robusta y rendimiento confiable, es ideal como <strong data-start=\"606\" data-end=\"640\">clavadora tipo grapa neum\u00e1tica<\/strong> para procesos de empaque en l\u00edneas de producci\u00f3n exigentes. Aunque est\u00e1 especializada en cart\u00f3n, su funcionamiento tambi\u00e9n la hace funcional como <strong data-start=\"787\" data-end=\"830\">grapadora neum\u00e1tica para grapas tipo 7C<\/strong> en aplicaciones espec\u00edficas, convirti\u00e9ndola en una <strong data-start=\"882\" data-end=\"938\">herramienta neum\u00e1tica para grapar tapicer\u00eda y madera<\/strong> seg\u00fan las necesidades del usuario. Su capacidad de respuesta y precisi\u00f3n hacen de esta <strong data-start=\"1026\" data-end=\"1076\">grapadora neum\u00e1tica para muebles y carpinter\u00eda<\/strong> una soluci\u00f3n eficiente para trabajos repetitivos y de alta demanda.<\/p>\n<div style=\"display:flex; gap:10px;justify-content:center\" class=\"wps-pgfw-pdf-generate-icon__wrapper-frontend\">\n\t\t<a  href=\"https:\/\/ciecompraenlinea.com\/en\/wp-json\/wp\/v2\/product\/6769?action=genpdf&amp;id=6769\" class=\"pgfw-single-pdf-download-button\" ><img src=\"https:\/\/ciecompraenlinea.com\/wp-content\/uploads\/2025\/08\/Untitled-image-5.png\" title=\"Generate PDF\" style=\"width:auto; height:50px;\"><\/a>\n\t\t<\/div>","protected":false},"excerpt":{"rendered":"<p>Las grapadoras neum\u00e1ticas FA35\u201315\/18 de Fasco son unas herramientas industriales dise\u00f1adas para el cierre de cajas de cart\u00f3n mediante grapas tipo A de 5\/8&#8243; y 3\/4&#8243;, compatibles con marcas como [&hellip;]<\/p>","protected":false},"featured_media":6885,"comment_status":"closed","ping_status":"closed","template":"","meta":{"_acf_changed":false},"product_brand":[294],"product_cat":[133,121,124],"product_tag":[],"class_list":{"0":"post-6769","1":"product","2":"type-product","3":"status-publish","4":"has-post-thumbnail","6":"product_brand-fasco","7":"product_cat-grapadoras-y-pinadoras","8":"product_cat-herramientas","9":"product_cat-neumaticas","11":"first","12":"instock","13":"taxable","14":"shipping-taxable","15":"purchasable","16":"product-type-simple"},"acf":[],"_links":{"self":[{"href":"https:\/\/ciecompraenlinea.com\/en\/wp-json\/wp\/v2\/product\/6769","targetHints":{"allow":["GET"]}}],"collection":[{"href":"https:\/\/ciecompraenlinea.com\/en\/wp-json\/wp\/v2\/product"}],"about":[{"href":"https:\/\/ciecompraenlinea.com\/en\/wp-json\/wp\/v2\/types\/product"}],"replies":[{"embeddable":true,"href":"https:\/\/ciecompraenlinea.com\/en\/wp-json\/wp\/v2\/comments?post=6769"}],"wp:featuredmedia":[{"embeddable":true,"href":"https:\/\/ciecompraenlinea.com\/en\/wp-json\/wp\/v2\/media\/6885"}],"wp:attachment":[{"href":"https:\/\/ciecompraenlinea.com\/en\/wp-json\/wp\/v2\/media?parent=6769"}],"wp:term":[{"taxonomy":"product_brand","embeddable":true,"href":"https:\/\/ciecompraenlinea.com\/en\/wp-json\/wp\/v2\/product_brand?post=6769"},{"taxonomy":"product_cat","embeddable":true,"href":"https:\/\/ciecompraenlinea.com\/en\/wp-json\/wp\/v2\/product_cat?post=6769"},{"taxonomy":"product_tag","embeddable":true,"href":"https:\/\/ciecompraenlinea.com\/en\/wp-json\/wp\/v2\/product_tag?post=6769"}],"curies":[{"name":"wp","href":"https:\/\/api.w.org\/{rel}","templated":true}]}}