{"id":6771,"date":"2025-07-24T23:07:03","date_gmt":"2025-07-24T23:07:03","guid":{"rendered":"https:\/\/aquamarine-salamander-419260.hostingersite.com\/?post_type=product&#038;p=6771"},"modified":"2025-09-29T08:02:03","modified_gmt":"2025-09-29T13:02:03","slug":"remachadora-inalambrica-rl-520-rocol","status":"publish","type":"product","link":"https:\/\/ciecompraenlinea.com\/en\/product\/remachadora-inalambrica-rl-520-rocol\/","title":{"rendered":"Remachadora Inalambrica RL-520 Rocol"},"content":{"rendered":"<p data-start=\"286\" data-end=\"635\">Las <strong data-start=\"289\" data-end=\"321\">remachadoras a bater\u00eda RL-520<\/strong> de <strong data-start=\"325\" data-end=\"334\">Rocol<\/strong> est\u00e1n dise\u00f1adas para aplicaciones industriales exigentes, capaz de instalar desde remaches est\u00e1ndar hasta remaches estructurales tipo <strong data-start=\"467\" data-end=\"479\">Monobolt<\/strong>, <strong data-start=\"481\" data-end=\"494\">Interlock<\/strong> y similares. Gracias a su potente <strong data-start=\"529\" data-end=\"565\">motor Brushless (sin escobillas)<\/strong>, ofrece un rendimiento estable, bajo mantenimiento y mayor vida \u00fatil.<\/p>\n<p data-start=\"637\" data-end=\"947\">Esta <strong data-start=\"642\" data-end=\"683\">remachadora inal\u00e1mbrica para remaches<\/strong> cuenta con <strong data-start=\"695\" data-end=\"729\">20.000 N de fuerza de tracci\u00f3n<\/strong>, permitiendo una instalaci\u00f3n eficiente incluso en estructuras met\u00e1licas. Su <strong data-start=\"806\" data-end=\"843\">gatillo de inducci\u00f3n sin contacto<\/strong> reduce el desgaste interno, y la <strong data-start=\"877\" data-end=\"893\">pantalla LCD<\/strong> facilita el seguimiento de operaci\u00f3n y mantenimiento.<\/p>\n<h3 data-start=\"1346\" data-end=\"1372\"><strong data-start=\"1353\" data-end=\"1371\">Compatibilidad<\/strong>:<\/h3>\n<ul>\n<li data-start=\"1374\" data-end=\"1589\">Compatible con remaches POP est\u00e1ndar y remaches ciegos<\/li>\n<li data-start=\"1374\" data-end=\"1589\">Apta para remaches estructurales tipo <strong data-start=\"1473\" data-end=\"1485\">Monobolt<\/strong> (boquilla adicional disponible)<\/li>\n<li data-start=\"1374\" data-end=\"1589\">Puede trabajar con remaches de acero, aluminio o acero inoxidable<\/li>\n<\/ul>","protected":false},"excerpt":{"rendered":"<p>Las remachadoras a bater\u00eda RL-520 de Rocol est\u00e1n dise\u00f1adas para aplicaciones industriales exigentes, capaz de instalar desde remaches est\u00e1ndar hasta remaches estructurales tipo Monobolt, Interlock y similares. Gracias a su [&hellip;]<\/p>","protected":false},"featured_media":6889,"comment_status":"closed","ping_status":"closed","template":"","meta":{"_acf_changed":false},"product_brand":[295],"product_cat":[121,177,199],"product_tag":[200,201],"class_list":{"0":"post-6771","1":"product","2":"type-product","3":"status-publish","4":"has-post-thumbnail","6":"product_brand-rocol","7":"product_cat-herramientas","8":"product_cat-inalambrico","9":"product_cat-remachadora-inalambrico","10":"product_tag-remachadora","11":"product_tag-remachadoras","13":"first","14":"instock","15":"sale","16":"taxable","17":"shipping-taxable","18":"purchasable","19":"product-type-simple"},"acf":[],"_links":{"self":[{"href":"https:\/\/ciecompraenlinea.com\/en\/wp-json\/wp\/v2\/product\/6771","targetHints":{"allow":["GET"]}}],"collection":[{"href":"https:\/\/ciecompraenlinea.com\/en\/wp-json\/wp\/v2\/product"}],"about":[{"href":"https:\/\/ciecompraenlinea.com\/en\/wp-json\/wp\/v2\/types\/product"}],"replies":[{"embeddable":true,"href":"https:\/\/ciecompraenlinea.com\/en\/wp-json\/wp\/v2\/comments?post=6771"}],"wp:featuredmedia":[{"embeddable":true,"href":"https:\/\/ciecompraenlinea.com\/en\/wp-json\/wp\/v2\/media\/6889"}],"wp:attachment":[{"href":"https:\/\/ciecompraenlinea.com\/en\/wp-json\/wp\/v2\/media?parent=6771"}],"wp:term":[{"taxonomy":"product_brand","embeddable":true,"href":"https:\/\/ciecompraenlinea.com\/en\/wp-json\/wp\/v2\/product_brand?post=6771"},{"taxonomy":"product_cat","embeddable":true,"href":"https:\/\/ciecompraenlinea.com\/en\/wp-json\/wp\/v2\/product_cat?post=6771"},{"taxonomy":"product_tag","embeddable":true,"href":"https:\/\/ciecompraenlinea.com\/en\/wp-json\/wp\/v2\/product_tag?post=6771"}],"curies":[{"name":"wp","href":"https:\/\/api.w.org\/{rel}","templated":true}]}}