{"id":6774,"date":"2025-07-24T23:07:43","date_gmt":"2025-07-24T23:07:43","guid":{"rendered":"https:\/\/aquamarine-salamander-419260.hostingersite.com\/?post_type=product&#038;p=6774"},"modified":"2025-11-16T17:16:02","modified_gmt":"2025-11-16T22:16:02","slug":"kit-martillo-neumatico-con-buterolas-st-2215k-r-su","status":"publish","type":"product","link":"https:\/\/ciecompraenlinea.com\/en\/product\/kit-martillo-neumatico-con-buterolas-st-2215k-r-su\/","title":{"rendered":"Kit Martillo Neum\u00e1tico con Buterolas ST-2215K\/R SU"},"content":{"rendered":"<p data-start=\"200\" data-end=\"1331\"><strong data-start=\"203\" data-end=\"235\">Martillos neum\u00e1ticos ST-2215\/R o pistolas neum\u00e1ticas.\u00a0 <\/strong><\/p>\n<p data-start=\"200\" data-end=\"1331\">Es una herramienta potente y vers\u00e1til, ideal para aplicaciones de corte, remachado, estructuraci\u00f3n y mantenimiento. Gracias a su dise\u00f1o tipo pistola y su sistema de <strong data-start=\"401\" data-end=\"424\">percusi\u00f3n neum\u00e1tica<\/strong>, ofrece precisi\u00f3n y eficiencia en cada golpe. Este <strong data-start=\"476\" data-end=\"507\">martillo de aire comprimido<\/strong> trabaja con 3.000 golpes por minuto, lo que lo convierte en una soluci\u00f3n profesional para talleres, carrocer\u00edas y estructuras met\u00e1licas. El <strong data-start=\"648\" data-end=\"691\">kit de martillo neum\u00e1tico con buterolas<\/strong> incluye un retenedor de resorte, mini engrasador y estuche, facilitando el trabajo continuo y seguro. Perfecto tanto para tareas de remachado como para trabajos de corte o tallado, este equipo responde a las exigencias de quienes buscan una <strong data-start=\"933\" data-end=\"997\">herramienta neum\u00e1tica tipo pistola para mantenimiento pesado<\/strong>. Compatible con <strong data-start=\"1014\" data-end=\"1066\">cinceles o boquillas intercambiables (buterolas)<\/strong>, este <strong data-start=\"1073\" data-end=\"1106\">martillo neum\u00e1tico industrial<\/strong> permite cambiar de aplicaci\u00f3n en segundos. Ya sea que se busque unas <strong>pistolas <\/strong><strong data-start=\"1174\" data-end=\"1221\">neum\u00e1ticas con accesorios de golpeo<\/strong> o una herramienta compacta para golpes de alta frecuencia, el ST-2215K\/R cumple con los m\u00e1s altos est\u00e1ndares.<\/p>\n<hr data-start=\"1333\" data-end=\"1336\" \/>\n<p data-start=\"1338\" data-end=\"1356\"><strong data-start=\"1338\" data-end=\"1356\">Datos T\u00e9cnicos<\/strong><\/p>\n<div style=\"display:flex; gap:10px;justify-content:center\" class=\"wps-pgfw-pdf-generate-icon__wrapper-frontend\">\n\t\t<a  href=\"https:\/\/ciecompraenlinea.com\/en\/wp-json\/wp\/v2\/product\/6774?action=genpdf&amp;id=6774\" class=\"pgfw-single-pdf-download-button\" ><img src=\"https:\/\/ciecompraenlinea.com\/wp-content\/uploads\/2025\/08\/Untitled-image-5.png\" title=\"Generate PDF\" style=\"width:auto; height:50px;\"><\/a>\n\t\t<\/div>","protected":false},"excerpt":{"rendered":"<p>Martillos neum\u00e1ticos ST-2215\/R o pistolas neum\u00e1ticas.\u00a0 Es una herramienta potente y vers\u00e1til, ideal para aplicaciones de corte, remachado, estructuraci\u00f3n y mantenimiento. Gracias a su dise\u00f1o tipo pistola y su sistema [&hellip;]<\/p>","protected":false},"featured_media":6895,"comment_status":"closed","ping_status":"closed","template":"","meta":{"_acf_changed":false},"product_brand":[277],"product_cat":[121,182,124],"product_tag":[],"class_list":{"0":"post-6774","1":"product","2":"type-product","3":"status-publish","4":"has-post-thumbnail","6":"product_brand-sumake","7":"product_cat-herramientas","8":"product_cat-martillos-escarificadores","9":"product_cat-neumaticas","11":"first","12":"instock","13":"taxable","14":"shipping-taxable","15":"purchasable","16":"product-type-simple"},"acf":[],"_links":{"self":[{"href":"https:\/\/ciecompraenlinea.com\/en\/wp-json\/wp\/v2\/product\/6774","targetHints":{"allow":["GET"]}}],"collection":[{"href":"https:\/\/ciecompraenlinea.com\/en\/wp-json\/wp\/v2\/product"}],"about":[{"href":"https:\/\/ciecompraenlinea.com\/en\/wp-json\/wp\/v2\/types\/product"}],"replies":[{"embeddable":true,"href":"https:\/\/ciecompraenlinea.com\/en\/wp-json\/wp\/v2\/comments?post=6774"}],"wp:featuredmedia":[{"embeddable":true,"href":"https:\/\/ciecompraenlinea.com\/en\/wp-json\/wp\/v2\/media\/6895"}],"wp:attachment":[{"href":"https:\/\/ciecompraenlinea.com\/en\/wp-json\/wp\/v2\/media?parent=6774"}],"wp:term":[{"taxonomy":"product_brand","embeddable":true,"href":"https:\/\/ciecompraenlinea.com\/en\/wp-json\/wp\/v2\/product_brand?post=6774"},{"taxonomy":"product_cat","embeddable":true,"href":"https:\/\/ciecompraenlinea.com\/en\/wp-json\/wp\/v2\/product_cat?post=6774"},{"taxonomy":"product_tag","embeddable":true,"href":"https:\/\/ciecompraenlinea.com\/en\/wp-json\/wp\/v2\/product_tag?post=6774"}],"curies":[{"name":"wp","href":"https:\/\/api.w.org\/{rel}","templated":true}]}}