{"id":6779,"date":"2025-07-24T23:08:59","date_gmt":"2025-07-24T23:08:59","guid":{"rendered":"https:\/\/aquamarine-salamander-419260.hostingersite.com\/?post_type=product&#038;p=6779"},"modified":"2025-08-29T09:19:09","modified_gmt":"2025-08-29T09:19:09","slug":"remachadora-neumatica-3-16-chicago-pneumatic","status":"publish","type":"product","link":"https:\/\/ciecompraenlinea.com\/en\/product\/remachadora-neumatica-3-16-chicago-pneumatic\/","title":{"rendered":"Remachadora Neum\u00e1tica 3\/16&#8243; Chicago Pneumatic"},"content":{"rendered":"<p data-start=\"223\" data-end=\"602\">La <strong data-start=\"226\" data-end=\"258\">remachadora neum\u00e1tica CP9883<\/strong> de Chicago Pneumatic est\u00e1 dise\u00f1ada para brindar m\u00e1xima eficiencia en talleres, l\u00edneas de producci\u00f3n y tareas de mantenimiento donde se requiere rendimiento continuo y confiable. Esta <strong data-start=\"442\" data-end=\"467\">herramienta neum\u00e1tica<\/strong> es ideal para instalar remaches ciegos de hasta 3\/16&#8243; (4,8 mm) en aluminio, acero y materiales blandos con gran facilidad y precisi\u00f3n.<\/p>\n<p data-start=\"604\" data-end=\"939\">Gracias a su dise\u00f1o compacto con cuerpo de composite, esta <strong data-start=\"663\" data-end=\"690\">remachadora profesional<\/strong> ofrece excelente maniobrabilidad, bajo nivel de ruido y m\u00ednimas vibraciones, lo que garantiza comodidad al operario incluso en jornadas prolongadas. Adem\u00e1s, su fuerza de tracci\u00f3n de hasta 865 kg permite un trabajo potente en aplicaciones exigentes.<\/p>\n<p data-start=\"941\" data-end=\"1278\">Con una construcci\u00f3n duradera y f\u00e1cil mantenimiento, la CP9883 es una de las <strong data-start=\"1018\" data-end=\"1074\">remachadoras neum\u00e1ticas m\u00e1s vers\u00e1tiles y resistentes<\/strong> para el uso industrial. Incluye todo lo necesario para comenzar a trabajar con diferentes di\u00e1metros de remaches y se adapta a m\u00faltiples escenarios, desde talleres automotrices hasta l\u00edneas de ensamblaje.<\/p>\n<p>&nbsp;<\/p>\n<div style=\"display:flex; gap:10px;justify-content:center\" class=\"wps-pgfw-pdf-generate-icon__wrapper-frontend\">\n\t\t<a  href=\"https:\/\/ciecompraenlinea.com\/en\/wp-json\/wp\/v2\/product\/6779?action=genpdf&amp;id=6779\" class=\"pgfw-single-pdf-download-button\" ><img src=\"https:\/\/ciecompraenlinea.com\/wp-content\/uploads\/2025\/08\/Untitled-image-5.png\" title=\"Generate PDF\" style=\"width:auto; height:50px;\"><\/a>\n\t\t<\/div>","protected":false},"excerpt":{"rendered":"<p>La remachadora neum\u00e1tica CP9883 de Chicago Pneumatic est\u00e1 dise\u00f1ada para brindar m\u00e1xima eficiencia en talleres, l\u00edneas de producci\u00f3n y tareas de mantenimiento donde se requiere rendimiento continuo y confiable. Esta [&hellip;]<\/p>","protected":false},"featured_media":6902,"comment_status":"closed","ping_status":"closed","template":"","meta":{"_acf_changed":false},"product_brand":[283],"product_cat":[121,124,144],"product_tag":[],"class_list":{"0":"post-6779","1":"product","2":"type-product","3":"status-publish","4":"has-post-thumbnail","6":"product_brand-chicago-pneumatic","7":"product_cat-herramientas","8":"product_cat-neumaticas","9":"product_cat-remachadoras","11":"first","12":"instock","13":"sale","14":"taxable","15":"shipping-taxable","16":"purchasable","17":"product-type-simple"},"acf":[],"_links":{"self":[{"href":"https:\/\/ciecompraenlinea.com\/en\/wp-json\/wp\/v2\/product\/6779","targetHints":{"allow":["GET"]}}],"collection":[{"href":"https:\/\/ciecompraenlinea.com\/en\/wp-json\/wp\/v2\/product"}],"about":[{"href":"https:\/\/ciecompraenlinea.com\/en\/wp-json\/wp\/v2\/types\/product"}],"replies":[{"embeddable":true,"href":"https:\/\/ciecompraenlinea.com\/en\/wp-json\/wp\/v2\/comments?post=6779"}],"wp:featuredmedia":[{"embeddable":true,"href":"https:\/\/ciecompraenlinea.com\/en\/wp-json\/wp\/v2\/media\/6902"}],"wp:attachment":[{"href":"https:\/\/ciecompraenlinea.com\/en\/wp-json\/wp\/v2\/media?parent=6779"}],"wp:term":[{"taxonomy":"product_brand","embeddable":true,"href":"https:\/\/ciecompraenlinea.com\/en\/wp-json\/wp\/v2\/product_brand?post=6779"},{"taxonomy":"product_cat","embeddable":true,"href":"https:\/\/ciecompraenlinea.com\/en\/wp-json\/wp\/v2\/product_cat?post=6779"},{"taxonomy":"product_tag","embeddable":true,"href":"https:\/\/ciecompraenlinea.com\/en\/wp-json\/wp\/v2\/product_tag?post=6779"}],"curies":[{"name":"wp","href":"https:\/\/api.w.org\/{rel}","templated":true}]}}