{"id":6784,"date":"2025-07-24T23:10:25","date_gmt":"2025-07-24T23:10:25","guid":{"rendered":"https:\/\/aquamarine-salamander-419260.hostingersite.com\/?post_type=product&#038;p=6784"},"modified":"2025-10-15T10:51:38","modified_gmt":"2025-10-15T15:51:38","slug":"remache-monobolt-avellanado-1-4-x-1-2-en-acero","status":"publish","type":"product","link":"https:\/\/ciecompraenlinea.com\/en\/product\/remache-monobolt-avellanado-1-4-x-1-2-en-acero\/","title":{"rendered":"Remache Monobolt Avellanado 1\/4 X 1\/2 en ACERO"},"content":{"rendered":"<p><strong>Remache Monobolt Avellanado 1\/4 X 1\/2\u00a0 en ACERO\u00a0 MEGA FIX\u00a0<\/strong><\/p>\n<p>Los remaches estructurales <strong>MEGA FIX<\/strong> presentan una excepcional resistencia a la cizalladura y a las fuerzas de tracci\u00f3n de la junta. Brinda un excelente relleno radial del orificio lo cual se traduce en uniones mas fuertes y estables a las vibraciones, su sistema \u00fanico de retenci\u00f3n del v\u00e1stago impide que el mismo se afloje o quede suelto evitando ruidos molestos o golpeteos. Disponible en materiales aluminio, acero\u00a0 y acero inoxidable. Puede emplearse para sustituir varios remaches tipo pop, reduciendo las cantidades de inventario.<\/p>\n<div style=\"display:flex; gap:10px;justify-content:center\" class=\"wps-pgfw-pdf-generate-icon__wrapper-frontend\">\n\t\t<a  href=\"https:\/\/ciecompraenlinea.com\/en\/wp-json\/wp\/v2\/product\/6784?action=genpdf&amp;id=6784\" class=\"pgfw-single-pdf-download-button\" ><img src=\"https:\/\/ciecompraenlinea.com\/wp-content\/uploads\/2025\/08\/Untitled-image-5.png\" title=\"Generate PDF\" style=\"width:auto; height:50px;\"><\/a>\n\t\t<\/div>","protected":false},"excerpt":{"rendered":"<p>Remache Monobolt Avellanado 1\/4 X 1\/2\u00a0 en ACERO\u00a0 MEGA FIX\u00a0 Los remaches estructurales MEGA FIX presentan una excepcional resistencia a la cizalladura y a las fuerzas de tracci\u00f3n de la [&hellip;]<\/p>","protected":false},"featured_media":6908,"comment_status":"closed","ping_status":"closed","template":"","meta":{"_acf_changed":false},"product_brand":[296],"product_cat":[128,202,168],"product_tag":[],"class_list":{"0":"post-6784","1":"product","2":"type-product","3":"status-publish","4":"has-post-thumbnail","6":"product_brand-mega-fix","7":"product_cat-consumibles","8":"product_cat-remaches-estructurales","9":"product_cat-remaches-y-tuercas-remachables","11":"first","12":"instock","13":"featured","14":"taxable","15":"shipping-taxable","16":"purchasable","17":"product-type-simple"},"acf":[],"_links":{"self":[{"href":"https:\/\/ciecompraenlinea.com\/en\/wp-json\/wp\/v2\/product\/6784","targetHints":{"allow":["GET"]}}],"collection":[{"href":"https:\/\/ciecompraenlinea.com\/en\/wp-json\/wp\/v2\/product"}],"about":[{"href":"https:\/\/ciecompraenlinea.com\/en\/wp-json\/wp\/v2\/types\/product"}],"replies":[{"embeddable":true,"href":"https:\/\/ciecompraenlinea.com\/en\/wp-json\/wp\/v2\/comments?post=6784"}],"wp:featuredmedia":[{"embeddable":true,"href":"https:\/\/ciecompraenlinea.com\/en\/wp-json\/wp\/v2\/media\/6908"}],"wp:attachment":[{"href":"https:\/\/ciecompraenlinea.com\/en\/wp-json\/wp\/v2\/media?parent=6784"}],"wp:term":[{"taxonomy":"product_brand","embeddable":true,"href":"https:\/\/ciecompraenlinea.com\/en\/wp-json\/wp\/v2\/product_brand?post=6784"},{"taxonomy":"product_cat","embeddable":true,"href":"https:\/\/ciecompraenlinea.com\/en\/wp-json\/wp\/v2\/product_cat?post=6784"},{"taxonomy":"product_tag","embeddable":true,"href":"https:\/\/ciecompraenlinea.com\/en\/wp-json\/wp\/v2\/product_tag?post=6784"}],"curies":[{"name":"wp","href":"https:\/\/api.w.org\/{rel}","templated":true}]}}