{"id":6801,"date":"2025-07-24T23:14:13","date_gmt":"2025-07-24T23:14:13","guid":{"rendered":"https:\/\/aquamarine-salamander-419260.hostingersite.com\/?post_type=product&#038;p=6801"},"modified":"2025-08-29T09:19:09","modified_gmt":"2025-08-29T09:19:09","slug":"remache-multiespesor-de-3-16x1-con-ala-alumininio-acero-mf-rpa-316248","status":"publish","type":"product","link":"https:\/\/ciecompraenlinea.com\/en\/product\/remache-multiespesor-de-3-16x1-con-ala-alumininio-acero-mf-rpa-316248\/","title":{"rendered":"Remache Multiespesor de 3\/16&#8243;X1&#8243; con ALA ALUMININIO\/ACERO MF-RPA-316248"},"content":{"rendered":"<p><strong>Remache Multiespesor de 3\/16&#8243;X1&#8243; con ALA ALUMININIO\/ACERO MF-RPA-316248<\/strong><\/p>\n<p>Remaches MEGA FIX en aluminio con comportamiento multi agarre, permite adaptaci\u00f3n a grandes variaciones de espesores en el material<\/p>\n<p>a remachar. Puede emplearse un \u00fanico remache para para sustituir varias referencias de remaches tipo pop convencionales; proporciona<\/p>\n<p>un excelente relleno radial del orificio, por lo que genera excelente relaci\u00f3n de resistencia a vibraci\u00f3n con uniones fuertes, a diferencia<\/p>\n<p>de los remaches convencionales la deformaci\u00f3n es pareja y sim\u00e9trica, favoreciendo la presentaci\u00f3n adem\u00e1s su retenci\u00f3n del v\u00e1stago<\/p>\n<p>evita efecto de campanita o golpeteo.<\/p>\n<p><strong>Datos T\u00e9cnicos:<\/strong><\/p>\n<p>Referencia: <strong>MF-RPA-316248<\/strong><\/p>\n<p>Material: Cuerpo de aluminio\/V\u00e1stago de Acero<\/p>\n<p>Medida: <strong>3\/16&#8243;X1&#8243;<\/strong><\/p>\n<p>SS mm: 12,7-19,8<\/p>\n<p>\u00d8 Orificio: 5.0mm<\/p>\n<p>L: 24.8<\/p>\n<p>K: 1.75<\/p>\n<p>T: 16.0<\/p>\n<p>D: 4.8<\/p>\n<p><strong>Unidad de Empaque: 100unidades<\/strong><\/p>","protected":false},"excerpt":{"rendered":"<p>Remache Multiespesor de 3\/16&#8243;X1&#8243; con ALA ALUMININIO\/ACERO MF-RPA-316248 Remaches MEGA FIX en aluminio con comportamiento multi agarre, permite adaptaci\u00f3n a grandes variaciones de espesores en el material a remachar. Puede [&hellip;]<\/p>","protected":false},"featured_media":6917,"comment_status":"closed","ping_status":"closed","template":"","meta":{"_acf_changed":false},"product_brand":[297],"product_cat":[128,204,168],"product_tag":[],"class_list":{"0":"post-6801","1":"product","2":"type-product","3":"status-publish","4":"has-post-thumbnail","6":"product_brand-megafix-systems","7":"product_cat-consumibles","8":"product_cat-remaches-pop","9":"product_cat-remaches-y-tuercas-remachables","11":"first","12":"instock","13":"taxable","14":"shipping-taxable","15":"purchasable","16":"product-type-simple"},"acf":[],"_links":{"self":[{"href":"https:\/\/ciecompraenlinea.com\/en\/wp-json\/wp\/v2\/product\/6801","targetHints":{"allow":["GET"]}}],"collection":[{"href":"https:\/\/ciecompraenlinea.com\/en\/wp-json\/wp\/v2\/product"}],"about":[{"href":"https:\/\/ciecompraenlinea.com\/en\/wp-json\/wp\/v2\/types\/product"}],"replies":[{"embeddable":true,"href":"https:\/\/ciecompraenlinea.com\/en\/wp-json\/wp\/v2\/comments?post=6801"}],"wp:featuredmedia":[{"embeddable":true,"href":"https:\/\/ciecompraenlinea.com\/en\/wp-json\/wp\/v2\/media\/6917"}],"wp:attachment":[{"href":"https:\/\/ciecompraenlinea.com\/en\/wp-json\/wp\/v2\/media?parent=6801"}],"wp:term":[{"taxonomy":"product_brand","embeddable":true,"href":"https:\/\/ciecompraenlinea.com\/en\/wp-json\/wp\/v2\/product_brand?post=6801"},{"taxonomy":"product_cat","embeddable":true,"href":"https:\/\/ciecompraenlinea.com\/en\/wp-json\/wp\/v2\/product_cat?post=6801"},{"taxonomy":"product_tag","embeddable":true,"href":"https:\/\/ciecompraenlinea.com\/en\/wp-json\/wp\/v2\/product_tag?post=6801"}],"curies":[{"name":"wp","href":"https:\/\/api.w.org\/{rel}","templated":true}]}}