{"id":6810,"date":"2025-07-24T23:14:55","date_gmt":"2025-07-24T23:14:55","guid":{"rendered":"https:\/\/aquamarine-salamander-419260.hostingersite.com\/?post_type=product&#038;p=6810"},"modified":"2026-03-27T15:09:05","modified_gmt":"2026-03-27T20:09:05","slug":"pistola-de-calor-su-650-edk-stayer","status":"publish","type":"product","link":"https:\/\/ciecompraenlinea.com\/en\/product\/pistola-de-calor-su-650-edk-stayer\/","title":{"rendered":"PISTOLA DE CALOR (DECAPADOR EL\u00c9CTRICO) HASTA 650\u00b0C"},"content":{"rendered":"<p data-start=\"243\" data-end=\"537\">Las pistolas de calor el\u00e9ctrica o decapadoras el\u00e9ctricas SU 650 EDK de Stayer son una herramienta profesional dise\u00f1ada para decapar, secar, doblar pl\u00e1sticos, eliminar barnices y adhesivos, ofreciendo un alto control de temperatura y flujo de aire para adaptarse a diversas aplicaciones.<\/p>\n<p data-start=\"539\" data-end=\"863\">Gracias a su resistencia cer\u00e1mica y su sistema controlado por microprocesador, esta sopladora t\u00e9rmica o decapadora el\u00e9ctrica permite regular con precisi\u00f3n la temperatura en pasos de 5\u202f\u00b0C y el flujo de aire en 5 niveles, brindando versatilidad y seguridad en cada uso. Su pantalla LED integrada facilita el monitoreo en tiempo real.<\/p>\n<p><iframe title=\"Decapador SU 650 EDK Marca Stayer\" width=\"1200\" height=\"675\" src=\"https:\/\/www.youtube.com\/embed\/G54u5VmO8TI?feature=oembed\" frameborder=\"0\" allow=\"accelerometer; autoplay; clipboard-write; encrypted-media; gyroscope; picture-in-picture; web-share\" referrerpolicy=\"strict-origin-when-cross-origin\" allowfullscreen><\/iframe><\/p>\n<div style=\"display:flex; gap:10px;justify-content:center\" class=\"wps-pgfw-pdf-generate-icon__wrapper-frontend\">\n\t\t<a  href=\"https:\/\/ciecompraenlinea.com\/en\/wp-json\/wp\/v2\/product\/6810?action=genpdf&amp;id=6810\" class=\"pgfw-single-pdf-download-button\" ><img src=\"https:\/\/ciecompraenlinea.com\/wp-content\/uploads\/2025\/08\/Untitled-image-5.png\" title=\"Generate PDF\" style=\"width:auto; height:50px;\"><\/a>\n\t\t<\/div>","protected":false},"excerpt":{"rendered":"<p>Las pistolas de calor el\u00e9ctrica o decapadoras el\u00e9ctricas SU 650 EDK de Stayer son una herramienta profesional dise\u00f1ada para decapar, secar, doblar pl\u00e1sticos, eliminar barnices y adhesivos, ofreciendo un alto [&hellip;]<\/p>","protected":false},"featured_media":6927,"comment_status":"closed","ping_status":"closed","template":"","meta":{"_acf_changed":false},"product_brand":[276],"product_cat":[338,122,121,205,344],"product_tag":[],"class_list":{"0":"post-6810","1":"product","2":"type-product","3":"status-publish","4":"has-post-thumbnail","6":"product_brand-stayer","7":"product_cat-electricas-herramientas","8":"product_cat-electricas","9":"product_cat-herramientas","10":"product_cat-pistola-de-calor","11":"product_cat-pistola-de-calor-electricas-herramientas","13":"first","14":"outofstock","15":"sale","16":"featured","17":"taxable","18":"shipping-taxable","19":"purchasable","20":"product-type-simple"},"acf":[],"_links":{"self":[{"href":"https:\/\/ciecompraenlinea.com\/en\/wp-json\/wp\/v2\/product\/6810","targetHints":{"allow":["GET"]}}],"collection":[{"href":"https:\/\/ciecompraenlinea.com\/en\/wp-json\/wp\/v2\/product"}],"about":[{"href":"https:\/\/ciecompraenlinea.com\/en\/wp-json\/wp\/v2\/types\/product"}],"replies":[{"embeddable":true,"href":"https:\/\/ciecompraenlinea.com\/en\/wp-json\/wp\/v2\/comments?post=6810"}],"wp:featuredmedia":[{"embeddable":true,"href":"https:\/\/ciecompraenlinea.com\/en\/wp-json\/wp\/v2\/media\/6927"}],"wp:attachment":[{"href":"https:\/\/ciecompraenlinea.com\/en\/wp-json\/wp\/v2\/media?parent=6810"}],"wp:term":[{"taxonomy":"product_brand","embeddable":true,"href":"https:\/\/ciecompraenlinea.com\/en\/wp-json\/wp\/v2\/product_brand?post=6810"},{"taxonomy":"product_cat","embeddable":true,"href":"https:\/\/ciecompraenlinea.com\/en\/wp-json\/wp\/v2\/product_cat?post=6810"},{"taxonomy":"product_tag","embeddable":true,"href":"https:\/\/ciecompraenlinea.com\/en\/wp-json\/wp\/v2\/product_tag?post=6810"}],"curies":[{"name":"wp","href":"https:\/\/api.w.org\/{rel}","templated":true}]}}