{"id":6816,"date":"2025-07-24T23:15:28","date_gmt":"2025-07-24T23:15:28","guid":{"rendered":"https:\/\/aquamarine-salamander-419260.hostingersite.com\/?post_type=product&#038;p=6816"},"modified":"2025-08-29T09:19:09","modified_gmt":"2025-08-29T09:19:09","slug":"kit-remachadora-manual-tipo-tijera-marson-m34606-325-rnk","status":"publish","type":"product","link":"https:\/\/ciecompraenlinea.com\/en\/product\/kit-remachadora-manual-tipo-tijera-marson-m34606-325-rnk\/","title":{"rendered":"KIT Remachadora manual Tipo Tijera  Marson M34606 325-RNK"},"content":{"rendered":"<p data-start=\"294\" data-end=\"696\">Las <strong data-start=\"297\" data-end=\"378\">remachadoras manuales tipo tijera para tuercas remachables Marson M34606 325-RNK<\/strong> es una herramienta de alto rendimiento dise\u00f1ada para la instalaci\u00f3n r\u00e1pida y precisa de insertos roscados. Gracias a su sistema tipo tijera, ofrece una excelente palanca y menor esfuerzo durante la operaci\u00f3n, lo que la convierte en una opci\u00f3n ideal para aplicaciones industriales, de mantenimiento o montaje en campo.<\/p>\n<p data-start=\"698\" data-end=\"1019\">Esta <strong data-start=\"703\" data-end=\"752\">remachadora tipo tijera para tuercas roscadas<\/strong> es robusta, ergon\u00f3mica y port\u00e1til, perfecta para trabajar en espacios reducidos o donde no se dispone de herramientas el\u00e9ctricas o neum\u00e1ticas. Compatible con diferentes medidas de tuercas remachables, su dise\u00f1o permite cambiar las boquillas de forma r\u00e1pida y segura.<\/p>\n<p data-start=\"1021\" data-end=\"1515\">Se trata de una <strong data-start=\"1037\" data-end=\"1084\">remachadora manual para tuercas remachables<\/strong> profesional, suministrada con boquillas para diversas medidas est\u00e1ndar. Es tambi\u00e9n reconocida como <strong data-start=\"1184\" data-end=\"1234\">remachadora tipo tijera para insertos roscados<\/strong>, por su capacidad de instalar tuercas roscadas en materiales como l\u00e1mina met\u00e1lica, aluminio o pl\u00e1sticos industriales. En entornos exigentes, esta herramienta destaca como una eficiente <strong data-start=\"1420\" data-end=\"1460\">remachadora para tuercas remachables<\/strong>, ofreciendo precisi\u00f3n, durabilidad y facilidad de uso.<\/p>\n<p data-start=\"1517\" data-end=\"1722\">Por su versatilidad y dise\u00f1o compacto, es una confiable <strong data-start=\"1573\" data-end=\"1620\">herramienta manual para tuercas remachables<\/strong>, ampliamente utilizada en sectores automotriz, metalmec\u00e1nico y de fabricaci\u00f3n de mobiliario met\u00e1lico.<\/p>\n<div style=\"display:flex; gap:10px;justify-content:center\" class=\"wps-pgfw-pdf-generate-icon__wrapper-frontend\">\n\t\t<a  href=\"https:\/\/ciecompraenlinea.com\/en\/wp-json\/wp\/v2\/product\/6816?action=genpdf&amp;id=6816\" class=\"pgfw-single-pdf-download-button\" ><img src=\"https:\/\/ciecompraenlinea.com\/wp-content\/uploads\/2025\/08\/Untitled-image-5.png\" title=\"Generate PDF\" style=\"width:auto; height:50px;\"><\/a>\n\t\t<\/div>","protected":false},"excerpt":{"rendered":"<p>Las remachadoras manuales tipo tijera para tuercas remachables Marson M34606 325-RNK es una herramienta de alto rendimiento dise\u00f1ada para la instalaci\u00f3n r\u00e1pida y precisa de insertos roscados. Gracias a su [&hellip;]<\/p>","protected":false},"featured_media":6935,"comment_status":"closed","ping_status":"closed","template":"","meta":{"_acf_changed":false},"product_brand":[298],"product_cat":[121,206,207],"product_tag":[],"class_list":{"0":"post-6816","1":"product","2":"type-product","3":"status-publish","4":"has-post-thumbnail","6":"product_brand-marson","7":"product_cat-herramientas","8":"product_cat-manual","9":"product_cat-remachadoras-manual","11":"first","12":"outofstock","13":"taxable","14":"shipping-taxable","15":"purchasable","16":"product-type-simple"},"acf":[],"_links":{"self":[{"href":"https:\/\/ciecompraenlinea.com\/en\/wp-json\/wp\/v2\/product\/6816","targetHints":{"allow":["GET"]}}],"collection":[{"href":"https:\/\/ciecompraenlinea.com\/en\/wp-json\/wp\/v2\/product"}],"about":[{"href":"https:\/\/ciecompraenlinea.com\/en\/wp-json\/wp\/v2\/types\/product"}],"replies":[{"embeddable":true,"href":"https:\/\/ciecompraenlinea.com\/en\/wp-json\/wp\/v2\/comments?post=6816"}],"wp:featuredmedia":[{"embeddable":true,"href":"https:\/\/ciecompraenlinea.com\/en\/wp-json\/wp\/v2\/media\/6935"}],"wp:attachment":[{"href":"https:\/\/ciecompraenlinea.com\/en\/wp-json\/wp\/v2\/media?parent=6816"}],"wp:term":[{"taxonomy":"product_brand","embeddable":true,"href":"https:\/\/ciecompraenlinea.com\/en\/wp-json\/wp\/v2\/product_brand?post=6816"},{"taxonomy":"product_cat","embeddable":true,"href":"https:\/\/ciecompraenlinea.com\/en\/wp-json\/wp\/v2\/product_cat?post=6816"},{"taxonomy":"product_tag","embeddable":true,"href":"https:\/\/ciecompraenlinea.com\/en\/wp-json\/wp\/v2\/product_tag?post=6816"}],"curies":[{"name":"wp","href":"https:\/\/api.w.org\/{rel}","templated":true}]}}