{"id":6830,"date":"2025-07-24T23:16:32","date_gmt":"2025-07-24T23:16:32","guid":{"rendered":"https:\/\/aquamarine-salamander-419260.hostingersite.com\/?post_type=product&#038;p=6830"},"modified":"2026-02-27T12:21:05","modified_gmt":"2026-02-27T17:21:05","slug":"boquilla-para-remachadora-de-tuercas-manual-bt-606","status":"publish","type":"product","link":"https:\/\/ciecompraenlinea.com\/en\/product\/boquilla-para-remachadora-de-tuercas-manual-bt-606\/","title":{"rendered":"Boquilla Para Remachadora De Tuercas Manual BT-606"},"content":{"rendered":"<p>Las <strong data-start=\"133\" data-end=\"188\">boquillas para remachadora de tuercas manual BT-606<\/strong> son accesorios esenciales para adaptar esta herramienta a diferentes medidas de tuercas remachables. Dise\u00f1adas para garantizar una instalaci\u00f3n precisa y segura, estas boquillas permiten el uso de la remachadora BT-606 con una amplia variedad de tama\u00f1os tanto en sistema m\u00e9trico como en pulgadas.<\/p>\n<p data-start=\"486\" data-end=\"611\">Ideales para aplicaciones de mantenimiento, fabricaci\u00f3n y ensamble donde se requiere versatilidad sin cambiar de herramienta.<\/p>\n<h3 data-start=\"618\" data-end=\"648\">Variaciones Disponibles<\/h3>\n<ul data-start=\"650\" data-end=\"807\">\n<li data-start=\"650\" data-end=\"720\">\n<p data-start=\"652\" data-end=\"674\">Medidas en pulgadas:<\/p>\n<\/li>\n<\/ul>\n<ol>\n<li data-start=\"679\" data-end=\"685\">1\/4&#8243;<\/li>\n<li data-start=\"690\" data-end=\"696\">3\/8&#8243;<\/li>\n<li data-start=\"701\" data-end=\"708\">3\/16&#8243;<\/li>\n<li data-start=\"713\" data-end=\"720\">5\/16&#8243;<\/li>\n<\/ol>\n<ul data-start=\"650\" data-end=\"807\">\n<li data-start=\"722\" data-end=\"807\">\n<p data-start=\"724\" data-end=\"752\">Medidas en mil\u00edmetros (M):<\/p>\n<\/li>\n<\/ul>\n<ol>\n<li data-start=\"757\" data-end=\"761\">M3<\/li>\n<li data-start=\"766\" data-end=\"770\">M4<\/li>\n<li data-start=\"775\" data-end=\"779\">M5<\/li>\n<li data-start=\"784\" data-end=\"788\">M6<\/li>\n<li data-start=\"793\" data-end=\"797\">M8<\/li>\n<li data-start=\"802\" data-end=\"807\">M10<\/li>\n<\/ol>\n<div style=\"display:flex; gap:10px;justify-content:center\" class=\"wps-pgfw-pdf-generate-icon__wrapper-frontend\">\n\t\t<a  href=\"https:\/\/ciecompraenlinea.com\/en\/wp-json\/wp\/v2\/product\/6830?action=genpdf&amp;id=6830\" class=\"pgfw-single-pdf-download-button\" ><img src=\"https:\/\/ciecompraenlinea.com\/wp-content\/uploads\/2025\/08\/Untitled-image-5.png\" title=\"Generate PDF\" style=\"width:auto; height:50px;\"><\/a>\n\t\t<\/div>","protected":false},"excerpt":{"rendered":"<p>Las boquillas para remachadora de tuercas manual BT-606 son accesorios esenciales para adaptar esta herramienta a diferentes medidas de tuercas remachables. Dise\u00f1adas para garantizar una instalaci\u00f3n precisa y segura, estas [&hellip;]<\/p>","protected":false},"featured_media":7034,"comment_status":"closed","ping_status":"closed","template":"","meta":{"_acf_changed":false},"product_brand":[297],"product_cat":[131,212],"product_tag":[],"class_list":{"0":"post-6830","1":"product","2":"type-product","3":"status-publish","4":"has-post-thumbnail","6":"product_brand-megafix-systems","7":"product_cat-accesorios","8":"product_cat-boquillas-para-remachadora","10":"first","11":"instock","12":"taxable","13":"shipping-taxable","14":"purchasable","15":"product-type-variable"},"acf":[],"_links":{"self":[{"href":"https:\/\/ciecompraenlinea.com\/en\/wp-json\/wp\/v2\/product\/6830","targetHints":{"allow":["GET"]}}],"collection":[{"href":"https:\/\/ciecompraenlinea.com\/en\/wp-json\/wp\/v2\/product"}],"about":[{"href":"https:\/\/ciecompraenlinea.com\/en\/wp-json\/wp\/v2\/types\/product"}],"replies":[{"embeddable":true,"href":"https:\/\/ciecompraenlinea.com\/en\/wp-json\/wp\/v2\/comments?post=6830"}],"wp:featuredmedia":[{"embeddable":true,"href":"https:\/\/ciecompraenlinea.com\/en\/wp-json\/wp\/v2\/media\/7034"}],"wp:attachment":[{"href":"https:\/\/ciecompraenlinea.com\/en\/wp-json\/wp\/v2\/media?parent=6830"}],"wp:term":[{"taxonomy":"product_brand","embeddable":true,"href":"https:\/\/ciecompraenlinea.com\/en\/wp-json\/wp\/v2\/product_brand?post=6830"},{"taxonomy":"product_cat","embeddable":true,"href":"https:\/\/ciecompraenlinea.com\/en\/wp-json\/wp\/v2\/product_cat?post=6830"},{"taxonomy":"product_tag","embeddable":true,"href":"https:\/\/ciecompraenlinea.com\/en\/wp-json\/wp\/v2\/product_tag?post=6830"}],"curies":[{"name":"wp","href":"https:\/\/api.w.org\/{rel}","templated":true}]}}