{"id":6833,"date":"2025-07-24T23:16:32","date_gmt":"2025-07-24T23:16:32","guid":{"rendered":"https:\/\/aquamarine-salamander-419260.hostingersite.com\/?post_type=product&#038;p=6833"},"modified":"2025-11-16T17:16:30","modified_gmt":"2025-11-16T22:16:30","slug":"tuerca-remachable-sin-ala-e-u-acero-galvanizado-diametro-reducido","status":"publish","type":"product","link":"https:\/\/ciecompraenlinea.com\/en\/product\/tuerca-remachable-sin-ala-e-u-acero-galvanizado-diametro-reducido\/","title":{"rendered":"TUERCA REMACHABLE SIN ALA E.U ACERO GALVANIZADO (DIAMETRO REDUCIDO)"},"content":{"rendered":"<p>Las Tuercas remachables MEGAFIX cuentan con un cuerpo estriado, permitiendo una mejor fijaci\u00f3n en la aplicaci\u00f3n y mejorando el agarre a la torsi\u00f3n, dise\u00f1adas por ser usadas con torniller\u00eda grado 5 o clase 8.8\/9.8 clase m\u00e9trica. El sistema FILL360 permite un sello en los 360\u00b0 del orifico, mejorando la prestaciones de resistencia y resistencia a la vibraci\u00f3n. nuestros productos permiten fijaciones en laminas de diferentes espesores, por lo cual las variaciones en la lamina no afectara la instalaci\u00f3n as\u00ed como se puede reducir el inventario de productos al sustituir por una sola referencia<\/p>\n<div style=\"display:flex; gap:10px;justify-content:center\" class=\"wps-pgfw-pdf-generate-icon__wrapper-frontend\">\n\t\t<a  href=\"https:\/\/ciecompraenlinea.com\/en\/wp-json\/wp\/v2\/product\/6833?action=genpdf&amp;id=6833\" class=\"pgfw-single-pdf-download-button\" ><img src=\"https:\/\/ciecompraenlinea.com\/wp-content\/uploads\/2025\/08\/Untitled-image-5.png\" title=\"Generate PDF\" style=\"width:auto; height:50px;\"><\/a>\n\t\t<\/div>","protected":false},"excerpt":{"rendered":"<p>Las Tuercas remachables MEGAFIX cuentan con un cuerpo estriado, permitiendo una mejor fijaci\u00f3n en la aplicaci\u00f3n y mejorando el agarre a la torsi\u00f3n, dise\u00f1adas por ser usadas con torniller\u00eda grado [&hellip;]<\/p>","protected":false},"featured_media":7151,"comment_status":"closed","ping_status":"closed","template":"","meta":{"_acf_changed":false},"product_brand":[297],"product_cat":[128,168,234],"product_tag":[],"class_list":{"0":"post-6833","1":"product","2":"type-product","3":"status-publish","4":"has-post-thumbnail","6":"product_brand-megafix-systems","7":"product_cat-consumibles","8":"product_cat-remaches-y-tuercas-remachables","9":"product_cat-tuercas-remachables-sin-ala","11":"first","12":"instock","13":"featured","14":"taxable","15":"shipping-taxable","16":"purchasable","17":"product-type-variable"},"acf":[],"_links":{"self":[{"href":"https:\/\/ciecompraenlinea.com\/en\/wp-json\/wp\/v2\/product\/6833","targetHints":{"allow":["GET"]}}],"collection":[{"href":"https:\/\/ciecompraenlinea.com\/en\/wp-json\/wp\/v2\/product"}],"about":[{"href":"https:\/\/ciecompraenlinea.com\/en\/wp-json\/wp\/v2\/types\/product"}],"replies":[{"embeddable":true,"href":"https:\/\/ciecompraenlinea.com\/en\/wp-json\/wp\/v2\/comments?post=6833"}],"wp:featuredmedia":[{"embeddable":true,"href":"https:\/\/ciecompraenlinea.com\/en\/wp-json\/wp\/v2\/media\/7151"}],"wp:attachment":[{"href":"https:\/\/ciecompraenlinea.com\/en\/wp-json\/wp\/v2\/media?parent=6833"}],"wp:term":[{"taxonomy":"product_brand","embeddable":true,"href":"https:\/\/ciecompraenlinea.com\/en\/wp-json\/wp\/v2\/product_brand?post=6833"},{"taxonomy":"product_cat","embeddable":true,"href":"https:\/\/ciecompraenlinea.com\/en\/wp-json\/wp\/v2\/product_cat?post=6833"},{"taxonomy":"product_tag","embeddable":true,"href":"https:\/\/ciecompraenlinea.com\/en\/wp-json\/wp\/v2\/product_tag?post=6833"}],"curies":[{"name":"wp","href":"https:\/\/api.w.org\/{rel}","templated":true}]}}