{"id":6842,"date":"2025-07-24T23:17:01","date_gmt":"2025-07-24T23:17:01","guid":{"rendered":"https:\/\/aquamarine-salamander-419260.hostingersite.com\/?post_type=product&#038;p=6842"},"modified":"2025-11-16T17:16:19","modified_gmt":"2025-11-16T22:16:19","slug":"atornillador-neumatico-tipo-pistola-embrague-positivo-1-4-hex-cp2780","status":"publish","type":"product","link":"https:\/\/ciecompraenlinea.com\/en\/product\/atornillador-neumatico-tipo-pistola-embrague-positivo-1-4-hex-cp2780\/","title":{"rendered":"Atornillador Neum\u00e1tico tipo pistola Embrague Positivo 1\/4&#8243; HEX  CP2780"},"content":{"rendered":"<p><strong data-start=\"369\" data-end=\"415\">Los atornilladores neum\u00e1ticos tipo pistola CP2780<\/strong> de <strong data-start=\"419\" data-end=\"440\">Chicago Pneumatic<\/strong> son una herramienta profesional dise\u00f1ada para aplicaciones de ensamblaje que requieren velocidad, potencia y control. Con <strong data-start=\"562\" data-end=\"601\">embrague positivo de 1\/4\u201d hexagonal<\/strong>, este equipo permite trabajar c\u00f3modamente con una sola mano, ideal para aplicaciones en madera y procesos de atornillado con torque dominante. Gracias a su dise\u00f1o compacto y su gatillo progresivo con inversi\u00f3n integrada, es altamente funcional en estaciones de trabajo donde se necesita agilidad y precisi\u00f3n. Su configuraci\u00f3n t\u00e9cnica lo posiciona como <strong data-start=\"954\" data-end=\"1013\">destornillador neum\u00e1tico tipo pistola Chicago Pneumatic<\/strong>, <strong data-start=\"1015\" data-end=\"1065\">atornillador neum\u00e1tico industrial tipo pistola<\/strong>, <strong data-start=\"1067\" data-end=\"1112\">atornillador con embrague positivo CP2780<\/strong>, y <strong data-start=\"1116\" data-end=\"1182\">herramienta neum\u00e1tica tipo pistola para atornillado controlado<\/strong>, ofreciendo desempe\u00f1o fiable incluso cuando el operador necesita forzar la activaci\u00f3n del embrague para lograr mayor par. Es ampliamente utilizado como <strong data-start=\"1335\" data-end=\"1388\">atornillador neum\u00e1tico profesional 1\/4\u201d hexagonal<\/strong>, <strong data-start=\"1390\" data-end=\"1436\">atornillador CP2780 para l\u00ednea de ensamble<\/strong>, <strong data-start=\"1438\" data-end=\"1504\">atornillador neum\u00e1tico tipo pistola con control de torque fijo<\/strong>, <strong>destornilladores neum\u00e1ticos tipo pistola embrague positivo <\/strong>y <strong data-start=\"1508\" data-end=\"1568\">atornillador de precisi\u00f3n tipo pistola Chicago Pneumatic<\/strong> en sectores de carpinter\u00eda t\u00e9cnica, fabricaci\u00f3n modular y producci\u00f3n en serie.<\/p>\n<div style=\"display:flex; gap:10px;justify-content:center\" class=\"wps-pgfw-pdf-generate-icon__wrapper-frontend\">\n\t\t<a  href=\"https:\/\/ciecompraenlinea.com\/en\/wp-json\/wp\/v2\/product\/6842?action=genpdf&amp;id=6842\" class=\"pgfw-single-pdf-download-button\" ><img src=\"https:\/\/ciecompraenlinea.com\/wp-content\/uploads\/2025\/08\/Untitled-image-5.png\" title=\"Generate PDF\" style=\"width:auto; height:50px;\"><\/a>\n\t\t<\/div>","protected":false},"excerpt":{"rendered":"<p>Los atornilladores neum\u00e1ticos tipo pistola CP2780 de Chicago Pneumatic son una herramienta profesional dise\u00f1ada para aplicaciones de ensamblaje que requieren velocidad, potencia y control. Con embrague positivo de 1\/4\u201d hexagonal, [&hellip;]<\/p>","protected":false},"featured_media":6956,"comment_status":"closed","ping_status":"closed","template":"","meta":{"_acf_changed":false},"product_brand":[283],"product_cat":[139,121,124],"product_tag":[],"class_list":{"0":"post-6842","1":"product","2":"type-product","3":"status-publish","4":"has-post-thumbnail","6":"product_brand-chicago-pneumatic","7":"product_cat-atornilladores","8":"product_cat-herramientas","9":"product_cat-neumaticas","11":"first","12":"instock","13":"featured","14":"taxable","15":"shipping-taxable","16":"purchasable","17":"product-type-simple"},"acf":[],"_links":{"self":[{"href":"https:\/\/ciecompraenlinea.com\/en\/wp-json\/wp\/v2\/product\/6842","targetHints":{"allow":["GET"]}}],"collection":[{"href":"https:\/\/ciecompraenlinea.com\/en\/wp-json\/wp\/v2\/product"}],"about":[{"href":"https:\/\/ciecompraenlinea.com\/en\/wp-json\/wp\/v2\/types\/product"}],"replies":[{"embeddable":true,"href":"https:\/\/ciecompraenlinea.com\/en\/wp-json\/wp\/v2\/comments?post=6842"}],"wp:featuredmedia":[{"embeddable":true,"href":"https:\/\/ciecompraenlinea.com\/en\/wp-json\/wp\/v2\/media\/6956"}],"wp:attachment":[{"href":"https:\/\/ciecompraenlinea.com\/en\/wp-json\/wp\/v2\/media?parent=6842"}],"wp:term":[{"taxonomy":"product_brand","embeddable":true,"href":"https:\/\/ciecompraenlinea.com\/en\/wp-json\/wp\/v2\/product_brand?post=6842"},{"taxonomy":"product_cat","embeddable":true,"href":"https:\/\/ciecompraenlinea.com\/en\/wp-json\/wp\/v2\/product_cat?post=6842"},{"taxonomy":"product_tag","embeddable":true,"href":"https:\/\/ciecompraenlinea.com\/en\/wp-json\/wp\/v2\/product_tag?post=6842"}],"curies":[{"name":"wp","href":"https:\/\/api.w.org\/{rel}","templated":true}]}}