{"id":6871,"date":"2025-07-24T23:18:50","date_gmt":"2025-07-24T23:18:50","guid":{"rendered":"https:\/\/aquamarine-salamander-419260.hostingersite.com\/?post_type=product&#038;p=6871"},"modified":"2025-08-29T09:19:11","modified_gmt":"2025-08-29T09:19:11","slug":"linterna-flash-600r-scangrip","status":"publish","type":"product","link":"https:\/\/ciecompraenlinea.com\/en\/product\/linterna-flash-600r-scangrip\/","title":{"rendered":"Linterna FLASH 600R SCANGRIP"},"content":{"rendered":"<p data-start=\"336\" data-end=\"669\">Las l\u00e1mparas <strong data-start=\"339\" data-end=\"354\">FLASH 600 R<\/strong> de <strong data-start=\"358\" data-end=\"370\">Scangrip<\/strong> son <strong data-start=\"378\" data-end=\"413\">linternas recargables profesionales <\/strong>de alto rendimiento, dise\u00f1adas para brindar <strong data-start=\"457\" data-end=\"520\">iluminaci\u00f3n potente, durabilidad extrema y facilidad de uso<\/strong> en cualquier entorno de trabajo. Con <strong data-start=\"558\" data-end=\"577\">modo de impulso<\/strong>, alcanza hasta <strong data-start=\"593\" data-end=\"608\">600 l\u00famenes<\/strong>, ideal para tareas que requieren m\u00e1xima visibilidad puntual.<\/p>\n<p data-start=\"671\" data-end=\"926\">Mediante su <strong data-start=\"683\" data-end=\"708\">interruptor magn\u00e9tico<\/strong> con funci\u00f3n de refuerzo, puedes pasar de <strong data-start=\"750\" data-end=\"771\">300 a 600 l\u00famenes<\/strong> manteniendo presionado por 2 segundos. Luego de 60 segundos, la <strong data-start=\"836\" data-end=\"886\">linterna vuelve autom\u00e1ticamente al modo normal<\/strong>, optimizando la duraci\u00f3n de la bater\u00eda.<\/p>\n<p data-start=\"928\" data-end=\"1144\">Gracias a su <strong data-start=\"941\" data-end=\"973\">funci\u00f3n de enfoque ajustable<\/strong>, puedes modificar el \u00e1ngulo del haz de luz entre <strong data-start=\"1023\" data-end=\"1036\">10\u00b0 y 70\u00b0<\/strong>, pasando de una luz concentrada a una luz amplia de largo alcance, con un alcance m\u00e1ximo de <strong data-start=\"1129\" data-end=\"1143\">150 metros<\/strong>.<\/p>\n<p data-start=\"1146\" data-end=\"1428\">Fabricada en <strong data-start=\"1159\" data-end=\"1181\">aluminio anodizado<\/strong>, esta <strong data-start=\"1188\" data-end=\"1208\">l\u00e1mpara port\u00e1til<\/strong> es <strong data-start=\"1212\" data-end=\"1241\">resistente al agua (IP54)<\/strong>, cuenta con <strong data-start=\"1254\" data-end=\"1275\">agarre ergon\u00f3mico<\/strong>, y se entrega con <strong data-start=\"1294\" data-end=\"1348\">funda con clip y correa de silicona para la mu\u00f1eca<\/strong>, lo que la hace perfecta para llevarla contigo durante toda la jornada laboral.<\/p>\n<div style=\"display:flex; gap:10px;justify-content:center\" class=\"wps-pgfw-pdf-generate-icon__wrapper-frontend\">\n\t\t<a  href=\"https:\/\/ciecompraenlinea.com\/en\/wp-json\/wp\/v2\/product\/6871?action=genpdf&amp;id=6871\" class=\"pgfw-single-pdf-download-button\" ><img src=\"https:\/\/ciecompraenlinea.com\/wp-content\/uploads\/2025\/08\/Untitled-image-5.png\" title=\"Generate PDF\" style=\"width:auto; height:50px;\"><\/a>\n\t\t<\/div>","protected":false},"excerpt":{"rendered":"<p>Las l\u00e1mparas FLASH 600 R de Scangrip son linternas recargables profesionales de alto rendimiento, dise\u00f1adas para brindar iluminaci\u00f3n potente, durabilidad extrema y facilidad de uso en cualquier entorno de trabajo. [&hellip;]<\/p>","protected":false},"featured_media":6976,"comment_status":"closed","ping_status":"closed","template":"","meta":{"_acf_changed":false},"product_brand":[278],"product_cat":[121,177,209],"product_tag":[],"class_list":{"0":"post-6871","1":"product","2":"type-product","3":"status-publish","4":"has-post-thumbnail","6":"product_brand-scangrip","7":"product_cat-herramientas","8":"product_cat-inalambrico","9":"product_cat-linternas","11":"first","12":"outofstock","13":"featured","14":"taxable","15":"shipping-taxable","16":"purchasable","17":"product-type-simple"},"acf":[],"_links":{"self":[{"href":"https:\/\/ciecompraenlinea.com\/en\/wp-json\/wp\/v2\/product\/6871","targetHints":{"allow":["GET"]}}],"collection":[{"href":"https:\/\/ciecompraenlinea.com\/en\/wp-json\/wp\/v2\/product"}],"about":[{"href":"https:\/\/ciecompraenlinea.com\/en\/wp-json\/wp\/v2\/types\/product"}],"replies":[{"embeddable":true,"href":"https:\/\/ciecompraenlinea.com\/en\/wp-json\/wp\/v2\/comments?post=6871"}],"wp:featuredmedia":[{"embeddable":true,"href":"https:\/\/ciecompraenlinea.com\/en\/wp-json\/wp\/v2\/media\/6976"}],"wp:attachment":[{"href":"https:\/\/ciecompraenlinea.com\/en\/wp-json\/wp\/v2\/media?parent=6871"}],"wp:term":[{"taxonomy":"product_brand","embeddable":true,"href":"https:\/\/ciecompraenlinea.com\/en\/wp-json\/wp\/v2\/product_brand?post=6871"},{"taxonomy":"product_cat","embeddable":true,"href":"https:\/\/ciecompraenlinea.com\/en\/wp-json\/wp\/v2\/product_cat?post=6871"},{"taxonomy":"product_tag","embeddable":true,"href":"https:\/\/ciecompraenlinea.com\/en\/wp-json\/wp\/v2\/product_tag?post=6871"}],"curies":[{"name":"wp","href":"https:\/\/api.w.org\/{rel}","templated":true}]}}