{"id":6879,"date":"2025-07-24T23:20:18","date_gmt":"2025-07-24T23:20:18","guid":{"rendered":"https:\/\/aquamarine-salamander-419260.hostingersite.com\/?post_type=product&#038;p=6879"},"modified":"2025-08-29T09:19:11","modified_gmt":"2025-08-29T09:19:11","slug":"portabrocas-profesional-de-3-8-4431-02","status":"publish","type":"product","link":"https:\/\/ciecompraenlinea.com\/en\/product\/portabrocas-profesional-de-3-8-4431-02\/","title":{"rendered":"Portabrocas Profesional de 3\/8&#8243; 4431-02"},"content":{"rendered":"<p>El <strong data-start=\"186\" data-end=\"220\">portabroca profesional de 3\/8&#8243;<\/strong> es una soluci\u00f3n confiable y vers\u00e1til para asegurar brocas.\u00a0Su dise\u00f1o robusto permite el uso en aplicaciones con percusi\u00f3n (preferiblemente en modo rotaci\u00f3n), brindando mayor estabilidad, precisi\u00f3n y seguridad. Ideal para trabajos industriales, mantenimiento y bricolaje profesional.<\/p>\n<div style=\"display:flex; gap:10px;justify-content:center\" class=\"wps-pgfw-pdf-generate-icon__wrapper-frontend\">\n\t\t<a  href=\"https:\/\/ciecompraenlinea.com\/en\/wp-json\/wp\/v2\/product\/6879?action=genpdf&amp;id=6879\" class=\"pgfw-single-pdf-download-button\" ><img src=\"https:\/\/ciecompraenlinea.com\/wp-content\/uploads\/2025\/08\/Untitled-image-5.png\" title=\"Generate PDF\" style=\"width:auto; height:50px;\"><\/a>\n\t\t<\/div>","protected":false},"excerpt":{"rendered":"<p>El portabroca profesional de 3\/8&#8243; es una soluci\u00f3n confiable y vers\u00e1til para asegurar brocas.\u00a0Su dise\u00f1o robusto permite el uso en aplicaciones con percusi\u00f3n (preferiblemente en modo rotaci\u00f3n), brindando mayor estabilidad, [&hellip;]<\/p>","protected":false},"featured_media":6984,"comment_status":"closed","ping_status":"closed","template":"","meta":{"_acf_changed":false},"product_brand":[299],"product_cat":[131,210],"product_tag":[],"class_list":{"0":"post-6879","1":"product","2":"type-product","3":"status-publish","4":"has-post-thumbnail","6":"product_brand-jacobs-chuck","7":"product_cat-accesorios","8":"product_cat-mandriles-portabrocas","10":"first","11":"instock","12":"featured","13":"taxable","14":"shipping-taxable","15":"purchasable","16":"product-type-simple"},"acf":[],"_links":{"self":[{"href":"https:\/\/ciecompraenlinea.com\/en\/wp-json\/wp\/v2\/product\/6879","targetHints":{"allow":["GET"]}}],"collection":[{"href":"https:\/\/ciecompraenlinea.com\/en\/wp-json\/wp\/v2\/product"}],"about":[{"href":"https:\/\/ciecompraenlinea.com\/en\/wp-json\/wp\/v2\/types\/product"}],"replies":[{"embeddable":true,"href":"https:\/\/ciecompraenlinea.com\/en\/wp-json\/wp\/v2\/comments?post=6879"}],"wp:featuredmedia":[{"embeddable":true,"href":"https:\/\/ciecompraenlinea.com\/en\/wp-json\/wp\/v2\/media\/6984"}],"wp:attachment":[{"href":"https:\/\/ciecompraenlinea.com\/en\/wp-json\/wp\/v2\/media?parent=6879"}],"wp:term":[{"taxonomy":"product_brand","embeddable":true,"href":"https:\/\/ciecompraenlinea.com\/en\/wp-json\/wp\/v2\/product_brand?post=6879"},{"taxonomy":"product_cat","embeddable":true,"href":"https:\/\/ciecompraenlinea.com\/en\/wp-json\/wp\/v2\/product_cat?post=6879"},{"taxonomy":"product_tag","embeddable":true,"href":"https:\/\/ciecompraenlinea.com\/en\/wp-json\/wp\/v2\/product_tag?post=6879"}],"curies":[{"name":"wp","href":"https:\/\/api.w.org\/{rel}","templated":true}]}}