{"id":6882,"date":"2025-07-24T23:20:43","date_gmt":"2025-07-24T23:20:43","guid":{"rendered":"https:\/\/aquamarine-salamander-419260.hostingersite.com\/?post_type=product&#038;p=6882"},"modified":"2025-09-09T16:34:31","modified_gmt":"2025-09-09T21:34:31","slug":"llave-de-impacto-de-1-st-5592-6-sumake","status":"publish","type":"product","link":"https:\/\/ciecompraenlinea.com\/en\/product\/llave-de-impacto-de-1-st-5592-6-sumake\/","title":{"rendered":"Llave De Impacto De 1&#8243; ST-5592-6 SUMAKE"},"content":{"rendered":"<p>Llaves de impacto neum\u00e1ticas dise\u00f1adas para talleres de servicio automotriz y monta llantas que requieren alto rendimiento, esta <strong data-start=\"377\" data-end=\"428\">pistola de impacto neum\u00e1tica 1\u201d anvil extendido<\/strong> ofrece gran potencia y precisi\u00f3n en espacios exigentes. Su <strong data-start=\"488\" data-end=\"543\">llave neum\u00e1tica profesional de 1\u201d con v\u00e1stago largo<\/strong> es ideal para el montaje y desmontaje de ruedas en camiones medianos, grandes y buses. Gracias a su <strong data-start=\"644\" data-end=\"700\">llave de impacto de aire comprimido 1\u201d eje extendido<\/strong>, proporciona un <strong data-start=\"717\" data-end=\"732\">alto torque<\/strong> constante, perfecto para aplicaciones industriales. Estas <strong data-start=\"790\" data-end=\"842\">pistolas de impacto neum\u00e1ticas para trabajo pesado<\/strong> cuenta con un <strong data-start=\"857\" data-end=\"895\">regulador de potencia de 3 niveles<\/strong> en ambas direcciones, facilitando el ajuste seg\u00fan cada tarea. Una <strong data-start=\"962\" data-end=\"1017\">herramienta neum\u00e1tica de alto torque 1\u201d anvil largo<\/strong>, confiable y eficiente, fabricada en Taiw\u00e1n para condiciones de uso exigentes. Ideal como <strong data-start=\"1108\" data-end=\"1164\">llave de impacto industrial de 1\u201d con eje prolongado<\/strong> en procesos de <strong data-start=\"1180\" data-end=\"1216\">transporte, mantenimiento pesado<\/strong> y servicio mec\u00e1nico intensivo.<\/p>\n<div style=\"display:flex; gap:10px;justify-content:center\" class=\"wps-pgfw-pdf-generate-icon__wrapper-frontend\">\n\t\t<a  href=\"https:\/\/ciecompraenlinea.com\/en\/wp-json\/wp\/v2\/product\/6882?action=genpdf&amp;id=6882\" class=\"pgfw-single-pdf-download-button\" ><img src=\"https:\/\/ciecompraenlinea.com\/wp-content\/uploads\/2025\/08\/Untitled-image-5.png\" title=\"Generate PDF\" style=\"width:auto; height:50px;\"><\/a>\n\t\t<\/div>","protected":false},"excerpt":{"rendered":"<p>Llaves de impacto neum\u00e1ticas dise\u00f1adas para talleres de servicio automotriz y monta llantas que requieren alto rendimiento, esta pistola de impacto neum\u00e1tica 1\u201d anvil extendido ofrece gran potencia y precisi\u00f3n [&hellip;]<\/p>","protected":false},"featured_media":6996,"comment_status":"closed","ping_status":"closed","template":"","meta":{"_acf_changed":false},"product_brand":[277],"product_cat":[121,125,124],"product_tag":[],"class_list":{"0":"post-6882","1":"product","2":"type-product","3":"status-publish","4":"has-post-thumbnail","6":"product_brand-sumake","7":"product_cat-herramientas","8":"product_cat-llaves-de-impacto","9":"product_cat-neumaticas","11":"first","12":"instock","13":"taxable","14":"shipping-taxable","15":"purchasable","16":"product-type-simple"},"acf":[],"_links":{"self":[{"href":"https:\/\/ciecompraenlinea.com\/en\/wp-json\/wp\/v2\/product\/6882","targetHints":{"allow":["GET"]}}],"collection":[{"href":"https:\/\/ciecompraenlinea.com\/en\/wp-json\/wp\/v2\/product"}],"about":[{"href":"https:\/\/ciecompraenlinea.com\/en\/wp-json\/wp\/v2\/types\/product"}],"replies":[{"embeddable":true,"href":"https:\/\/ciecompraenlinea.com\/en\/wp-json\/wp\/v2\/comments?post=6882"}],"wp:featuredmedia":[{"embeddable":true,"href":"https:\/\/ciecompraenlinea.com\/en\/wp-json\/wp\/v2\/media\/6996"}],"wp:attachment":[{"href":"https:\/\/ciecompraenlinea.com\/en\/wp-json\/wp\/v2\/media?parent=6882"}],"wp:term":[{"taxonomy":"product_brand","embeddable":true,"href":"https:\/\/ciecompraenlinea.com\/en\/wp-json\/wp\/v2\/product_brand?post=6882"},{"taxonomy":"product_cat","embeddable":true,"href":"https:\/\/ciecompraenlinea.com\/en\/wp-json\/wp\/v2\/product_cat?post=6882"},{"taxonomy":"product_tag","embeddable":true,"href":"https:\/\/ciecompraenlinea.com\/en\/wp-json\/wp\/v2\/product_tag?post=6882"}],"curies":[{"name":"wp","href":"https:\/\/api.w.org\/{rel}","templated":true}]}}