{"id":6884,"date":"2025-07-24T23:21:04","date_gmt":"2025-07-24T23:21:04","guid":{"rendered":"https:\/\/aquamarine-salamander-419260.hostingersite.com\/?post_type=product&#038;p=6884"},"modified":"2025-11-04T09:17:53","modified_gmt":"2025-11-04T14:17:53","slug":"disco-de-corte-4-1-2x1-5-acero-inox","status":"publish","type":"product","link":"https:\/\/ciecompraenlinea.com\/en\/product\/disco-de-corte-4-1-2x1-5-acero-inox\/","title":{"rendered":"Disco de Corte 4 1\/2&#215;1.5 acero INOX"},"content":{"rendered":"<p>El XTK38 de RHODIUS, fabricado en Alemania, es un disco de corte extrafino dise\u00f1ado para ofrecer cortes r\u00e1pidos y precisos en acero inoxidable y acero al carbono. Con un grosor de 1,5 mm, este disco minimiza la formaci\u00f3n de rebabas y reduce la generaci\u00f3n de chispas, mejorando la eficiencia y la seguridad en el trabajo. \u200b<\/p>\n<p>\ud83d\udca1 <strong>Nota Importante:<\/strong> El precio mostrado es por una <em>(1) unidad<\/em>. Si necesitas mayor cantidad, consulta por disponibilidad y descuentos por volumen.<\/p>\n<p>&nbsp;<\/p>\n<div style=\"display:flex; gap:10px;justify-content:center\" class=\"wps-pgfw-pdf-generate-icon__wrapper-frontend\">\n\t\t<a  href=\"https:\/\/ciecompraenlinea.com\/en\/wp-json\/wp\/v2\/product\/6884?action=genpdf&amp;id=6884\" class=\"pgfw-single-pdf-download-button\" ><img src=\"https:\/\/ciecompraenlinea.com\/wp-content\/uploads\/2025\/08\/Untitled-image-5.png\" title=\"Generate PDF\" style=\"width:auto; height:50px;\"><\/a>\n\t\t<\/div>","protected":false},"excerpt":{"rendered":"<p>El XTK38 de RHODIUS, fabricado en Alemania, es un disco de corte extrafino dise\u00f1ado para ofrecer cortes r\u00e1pidos y precisos en acero inoxidable y acero al carbono. Con un grosor [&hellip;]<\/p>","protected":false},"featured_media":11807,"comment_status":"closed","ping_status":"closed","template":"","meta":{"_acf_changed":false},"product_brand":[279],"product_cat":[129,128,203],"product_tag":[],"class_list":{"0":"post-6884","1":"product","2":"type-product","3":"status-publish","4":"has-post-thumbnail","6":"product_brand-rhodius","7":"product_cat-abrasivos","8":"product_cat-consumibles","9":"product_cat-discos-de-corte","11":"first","12":"instock","13":"featured","14":"taxable","15":"shipping-taxable","16":"purchasable","17":"product-type-simple"},"acf":[],"_links":{"self":[{"href":"https:\/\/ciecompraenlinea.com\/en\/wp-json\/wp\/v2\/product\/6884","targetHints":{"allow":["GET"]}}],"collection":[{"href":"https:\/\/ciecompraenlinea.com\/en\/wp-json\/wp\/v2\/product"}],"about":[{"href":"https:\/\/ciecompraenlinea.com\/en\/wp-json\/wp\/v2\/types\/product"}],"replies":[{"embeddable":true,"href":"https:\/\/ciecompraenlinea.com\/en\/wp-json\/wp\/v2\/comments?post=6884"}],"wp:featuredmedia":[{"embeddable":true,"href":"https:\/\/ciecompraenlinea.com\/en\/wp-json\/wp\/v2\/media\/11807"}],"wp:attachment":[{"href":"https:\/\/ciecompraenlinea.com\/en\/wp-json\/wp\/v2\/media?parent=6884"}],"wp:term":[{"taxonomy":"product_brand","embeddable":true,"href":"https:\/\/ciecompraenlinea.com\/en\/wp-json\/wp\/v2\/product_brand?post=6884"},{"taxonomy":"product_cat","embeddable":true,"href":"https:\/\/ciecompraenlinea.com\/en\/wp-json\/wp\/v2\/product_cat?post=6884"},{"taxonomy":"product_tag","embeddable":true,"href":"https:\/\/ciecompraenlinea.com\/en\/wp-json\/wp\/v2\/product_tag?post=6884"}],"curies":[{"name":"wp","href":"https:\/\/api.w.org\/{rel}","templated":true}]}}