{"id":6894,"date":"2025-07-24T23:23:06","date_gmt":"2025-07-24T23:23:06","guid":{"rendered":"https:\/\/aquamarine-salamander-419260.hostingersite.com\/?post_type=product&#038;p=6894"},"modified":"2025-08-29T09:19:11","modified_gmt":"2025-08-29T09:19:11","slug":"kit-copas-de-impacto-teflonadas-de-rines-de-lujo-3-pzs-cuadrante-1-2%e2%80%b3","status":"publish","type":"product","link":"https:\/\/ciecompraenlinea.com\/en\/product\/kit-copas-de-impacto-teflonadas-de-rines-de-lujo-3-pzs-cuadrante-1-2%e2%80%b3\/","title":{"rendered":"KIT COPAS DE IMPACTO TEFLONADAS DE RINES DE LUJO 3 PZS \u2013 CUADRANTE 1\/2\u2033"},"content":{"rendered":"<p>Este <strong data-start=\"187\" data-end=\"214\">kit de copas de impacto<\/strong> teflonadas est\u00e1 dise\u00f1ado especialmente para proteger los rines durante trabajos de montaje y desmontaje de llantas. Fabricadas en acero de alto rendimiento, cada <strong data-start=\"377\" data-end=\"396\">copa de impacto<\/strong> incluye una funda protectora de tefl\u00f3n que evita rayones en superficies delicadas. Compatibles con herramientas neum\u00e1ticas y el\u00e9ctricas de 1\/2&#8243;, ofrecen un ajuste preciso, resistencia superior y m\u00e1xima seguridad en aplicaciones automotrices.<\/p>\n<p>Contiene:<\/p>\n<ul>\n<li>448517 COPA DE 1\/2 X17MM TEFLONADA<\/li>\n<li>448519 COPA DE 1\/2 X19MM TEFLONADA<\/li>\n<li>448521 COPA DE 1\/2\u00a0X21MM\u00a0TEFLONADA<\/li>\n<\/ul>","protected":false},"excerpt":{"rendered":"<p>Este kit de copas de impacto teflonadas est\u00e1 dise\u00f1ado especialmente para proteger los rines durante trabajos de montaje y desmontaje de llantas. Fabricadas en acero de alto rendimiento, cada copa [&hellip;]<\/p>","protected":false},"featured_media":7018,"comment_status":"closed","ping_status":"closed","template":"","meta":{"_acf_changed":false},"product_brand":[277],"product_cat":[131,145],"product_tag":[],"class_list":{"0":"post-6894","1":"product","2":"type-product","3":"status-publish","4":"has-post-thumbnail","6":"product_brand-sumake","7":"product_cat-accesorios","8":"product_cat-copas-de-impacto","10":"first","11":"instock","12":"featured","13":"taxable","14":"shipping-taxable","15":"purchasable","16":"product-type-simple"},"acf":[],"_links":{"self":[{"href":"https:\/\/ciecompraenlinea.com\/en\/wp-json\/wp\/v2\/product\/6894","targetHints":{"allow":["GET"]}}],"collection":[{"href":"https:\/\/ciecompraenlinea.com\/en\/wp-json\/wp\/v2\/product"}],"about":[{"href":"https:\/\/ciecompraenlinea.com\/en\/wp-json\/wp\/v2\/types\/product"}],"replies":[{"embeddable":true,"href":"https:\/\/ciecompraenlinea.com\/en\/wp-json\/wp\/v2\/comments?post=6894"}],"wp:featuredmedia":[{"embeddable":true,"href":"https:\/\/ciecompraenlinea.com\/en\/wp-json\/wp\/v2\/media\/7018"}],"wp:attachment":[{"href":"https:\/\/ciecompraenlinea.com\/en\/wp-json\/wp\/v2\/media?parent=6894"}],"wp:term":[{"taxonomy":"product_brand","embeddable":true,"href":"https:\/\/ciecompraenlinea.com\/en\/wp-json\/wp\/v2\/product_brand?post=6894"},{"taxonomy":"product_cat","embeddable":true,"href":"https:\/\/ciecompraenlinea.com\/en\/wp-json\/wp\/v2\/product_cat?post=6894"},{"taxonomy":"product_tag","embeddable":true,"href":"https:\/\/ciecompraenlinea.com\/en\/wp-json\/wp\/v2\/product_tag?post=6894"}],"curies":[{"name":"wp","href":"https:\/\/api.w.org\/{rel}","templated":true}]}}