{"id":6907,"date":"2025-07-24T23:26:27","date_gmt":"2025-07-24T23:26:27","guid":{"rendered":"https:\/\/aquamarine-salamander-419260.hostingersite.com\/?post_type=product&#038;p=6907"},"modified":"2025-08-29T09:19:11","modified_gmt":"2025-08-29T09:19:11","slug":"pistola-sopladora-neumatica-cp9880","status":"publish","type":"product","link":"https:\/\/ciecompraenlinea.com\/en\/product\/pistola-sopladora-neumatica-cp9880\/","title":{"rendered":"PISTOLA SOPLADORA NEUM\u00c1TICA CP9880"},"content":{"rendered":"<p>Las <strong data-start=\"354\" data-end=\"413\">pistolas sopladoras neum\u00e1ticas CP9880 de Chicago Pneumatic<\/strong> son una herramienta ligera y ergon\u00f3mica dise\u00f1adas para limpieza en entornos industriales. Esta <strong data-start=\"507\" data-end=\"551\">pistola de aire comprimido para limpieza<\/strong> ofrece control preciso gracias a su <strong data-start=\"588\" data-end=\"631\">gatillo ergon\u00f3mico de acci\u00f3n progresiva<\/strong>, ideal para tareas exigentes en mantenimiento de maquinaria. Su dise\u00f1o tipo <strong data-start=\"708\" data-end=\"742\">sopladora de aire tipo pistola<\/strong> con <strong data-start=\"747\" data-end=\"767\">boquilla angular<\/strong> permite acceder a zonas dif\u00edciles, optimizando el uso en <strong data-start=\"825\" data-end=\"860\">l\u00edneas de producci\u00f3n y talleres<\/strong>. Esta <strong data-start=\"867\" data-end=\"916\">herramienta neum\u00e1tica para soplado industrial<\/strong>, compacta y duradera, funciona eficazmente como <strong data-start=\"965\" data-end=\"1017\">pistola neum\u00e1tica para eliminar polvo y residuos<\/strong>. Tambi\u00e9n se destaca entre las <strong data-start=\"1048\" data-end=\"1095\">sopladoras tipo pistola con conexi\u00f3n r\u00e1pida<\/strong>, siendo una de las <strong data-start=\"1115\" data-end=\"1175\">herramientas sopladoras profesionales de aire comprimido<\/strong> m\u00e1s pr\u00e1cticas para el sector t\u00e9cnico. Su formato hace que esta <strong data-start=\"1239\" data-end=\"1284\">pistola de soplado con gatillo ergon\u00f3mico<\/strong> sea imprescindible en operaciones donde se usan diversas <strong data-start=\"1342\" data-end=\"1384\">pistolas de aire para limpieza t\u00e9cnica<\/strong>.<\/p>\n<div style=\"display:flex; gap:10px;justify-content:center\" class=\"wps-pgfw-pdf-generate-icon__wrapper-frontend\">\n\t\t<a  href=\"https:\/\/ciecompraenlinea.com\/en\/wp-json\/wp\/v2\/product\/6907?action=genpdf&amp;id=6907\" class=\"pgfw-single-pdf-download-button\" ><img src=\"https:\/\/ciecompraenlinea.com\/wp-content\/uploads\/2025\/08\/Untitled-image-5.png\" title=\"Generate PDF\" style=\"width:auto; height:50px;\"><\/a>\n\t\t<\/div>","protected":false},"excerpt":{"rendered":"<p>Las pistolas sopladoras neum\u00e1ticas CP9880 de Chicago Pneumatic son una herramienta ligera y ergon\u00f3mica dise\u00f1adas para limpieza en entornos industriales. Esta pistola de aire comprimido para limpieza ofrece control preciso [&hellip;]<\/p>","protected":false},"featured_media":7029,"comment_status":"closed","ping_status":"closed","template":"","meta":{"_acf_changed":false},"product_brand":[283],"product_cat":[121,124,148],"product_tag":[],"class_list":{"0":"post-6907","1":"product","2":"type-product","3":"status-publish","4":"has-post-thumbnail","6":"product_brand-chicago-pneumatic","7":"product_cat-herramientas","8":"product_cat-neumaticas","9":"product_cat-pistolas-de-aire","11":"first","12":"instock","13":"sale","14":"taxable","15":"shipping-taxable","16":"purchasable","17":"product-type-simple"},"acf":[],"_links":{"self":[{"href":"https:\/\/ciecompraenlinea.com\/en\/wp-json\/wp\/v2\/product\/6907","targetHints":{"allow":["GET"]}}],"collection":[{"href":"https:\/\/ciecompraenlinea.com\/en\/wp-json\/wp\/v2\/product"}],"about":[{"href":"https:\/\/ciecompraenlinea.com\/en\/wp-json\/wp\/v2\/types\/product"}],"replies":[{"embeddable":true,"href":"https:\/\/ciecompraenlinea.com\/en\/wp-json\/wp\/v2\/comments?post=6907"}],"wp:featuredmedia":[{"embeddable":true,"href":"https:\/\/ciecompraenlinea.com\/en\/wp-json\/wp\/v2\/media\/7029"}],"wp:attachment":[{"href":"https:\/\/ciecompraenlinea.com\/en\/wp-json\/wp\/v2\/media?parent=6907"}],"wp:term":[{"taxonomy":"product_brand","embeddable":true,"href":"https:\/\/ciecompraenlinea.com\/en\/wp-json\/wp\/v2\/product_brand?post=6907"},{"taxonomy":"product_cat","embeddable":true,"href":"https:\/\/ciecompraenlinea.com\/en\/wp-json\/wp\/v2\/product_cat?post=6907"},{"taxonomy":"product_tag","embeddable":true,"href":"https:\/\/ciecompraenlinea.com\/en\/wp-json\/wp\/v2\/product_tag?post=6907"}],"curies":[{"name":"wp","href":"https:\/\/api.w.org\/{rel}","templated":true}]}}