{"id":6912,"date":"2025-07-24T23:27:01","date_gmt":"2025-07-24T23:27:01","guid":{"rendered":"https:\/\/aquamarine-salamander-419260.hostingersite.com\/?post_type=product&#038;p=6912"},"modified":"2025-11-16T17:16:24","modified_gmt":"2025-11-16T22:16:24","slug":"atornillador-neumatico-recto-con-corte-de-aire-fp-sumake","status":"publish","type":"product","link":"https:\/\/ciecompraenlinea.com\/en\/product\/atornillador-neumatico-recto-con-corte-de-aire-fp-sumake\/","title":{"rendered":"ATORNILLADOR NEUMATICO RECTO CON CORTE DE AIRE FP SUMAKE"},"content":{"rendered":"<p data-start=\"346\" data-end=\"1737\">El <strong data-start=\"349\" data-end=\"399\">atornillador neum\u00e1tico recto con corte de aire<\/strong> de la <strong data-start=\"406\" data-end=\"428\">serie FP de Sumake<\/strong> es una herramienta de alta precisi\u00f3n desarrollada para garantizar m\u00e1xima eficiencia en procesos de ensamble profesional. Gracias a su dise\u00f1o avanzado con <strong data-start=\"583\" data-end=\"609\">embrague MSC patentado<\/strong> y desviaci\u00f3n de torque del 3%, cumple con los exigentes est\u00e1ndares de calidad del <strong data-start=\"692\" data-end=\"715\">CPK clase B ISO5393<\/strong> (valor CPK &gt; 1.33), lo que lo convierte en un <strong data-start=\"762\" data-end=\"819\">atornillador neum\u00e1tico Sumake con shut-off autom\u00e1tico<\/strong> confiable y exacto. Este <strong data-start=\"845\" data-end=\"893\">atornillador neum\u00e1tico recto serie FP Sumake<\/strong> destaca por su estructura mec\u00e1nica especial y motor silencioso, ofreciendo baja vibraci\u00f3n, alta precisi\u00f3n y ergonom\u00eda. Ideal para trabajos repetitivos en estaciones de producci\u00f3n, es utilizado como <strong data-start=\"1092\" data-end=\"1149\">destornillador neum\u00e1tico recto con apagado autom\u00e1tico<\/strong>, y reconocido por su durabilidad y rendimiento constante. Tambi\u00e9n es ideal como <strong data-start=\"1230\" data-end=\"1287\">atornillador con corte de aire para torque controlado<\/strong>, <strong data-start=\"1289\" data-end=\"1340\">herramienta neum\u00e1tica recta Sumake con shut-off<\/strong>, y <strong data-start=\"1344\" data-end=\"1401\">atornillador neum\u00e1tico de precisi\u00f3n con corte de aire<\/strong>. Premiada por su excelencia en dise\u00f1o, esta herramienta se posiciona como una soluci\u00f3n de alto nivel para entornos exigentes que requieren un <strong data-start=\"1544\" data-end=\"1597\">atornillador recto industrial Sumake con shut-off<\/strong>, un <strong data-start=\"1602\" data-end=\"1660\">atornillador recto neum\u00e1tico para l\u00edneas de ensamblaje<\/strong>, o un confiable <strong data-start=\"1677\" data-end=\"1736\">atornillador neum\u00e1tico Sumake para procesos repetitivos<\/strong>.<\/p>\n<ul>\n<li data-start=\"346\" data-end=\"1737\">Este modelo est\u00e1 disponible en <strong data-start=\"1464\" data-end=\"1521\">cuatro variaciones seg\u00fan el rango de torque requerido<\/strong>:<br data-start=\"1522\" data-end=\"1525\" \/><strong data-start=\"1525\" data-end=\"1608\">#5104 (0.3\u20132.5 Nm), #5105 (0.5\u20133.5 Nm), #5106 (0.8\u20134.5 Nm) y #5107 (1.2\u20137.5 Nm)<\/strong>, permitiendo adaptarse a distintos niveles de apriete y aplicaciones industriales especializadas.<\/li>\n<\/ul>","protected":false},"excerpt":{"rendered":"<p>El atornillador neum\u00e1tico recto con corte de aire de la serie FP de Sumake es una herramienta de alta precisi\u00f3n desarrollada para garantizar m\u00e1xima eficiencia en procesos de ensamble profesional. [&hellip;]<\/p>","protected":false},"featured_media":7032,"comment_status":"closed","ping_status":"closed","template":"","meta":{"_acf_changed":false},"product_brand":[277],"product_cat":[139,121,124],"product_tag":[],"class_list":{"0":"post-6912","1":"product","2":"type-product","3":"status-publish","4":"has-post-thumbnail","6":"product_brand-sumake","7":"product_cat-atornilladores","8":"product_cat-herramientas","9":"product_cat-neumaticas","11":"first","12":"instock","13":"featured","14":"taxable","15":"shipping-taxable","16":"purchasable","17":"product-type-variable"},"acf":[],"_links":{"self":[{"href":"https:\/\/ciecompraenlinea.com\/en\/wp-json\/wp\/v2\/product\/6912","targetHints":{"allow":["GET"]}}],"collection":[{"href":"https:\/\/ciecompraenlinea.com\/en\/wp-json\/wp\/v2\/product"}],"about":[{"href":"https:\/\/ciecompraenlinea.com\/en\/wp-json\/wp\/v2\/types\/product"}],"replies":[{"embeddable":true,"href":"https:\/\/ciecompraenlinea.com\/en\/wp-json\/wp\/v2\/comments?post=6912"}],"wp:featuredmedia":[{"embeddable":true,"href":"https:\/\/ciecompraenlinea.com\/en\/wp-json\/wp\/v2\/media\/7032"}],"wp:attachment":[{"href":"https:\/\/ciecompraenlinea.com\/en\/wp-json\/wp\/v2\/media?parent=6912"}],"wp:term":[{"taxonomy":"product_brand","embeddable":true,"href":"https:\/\/ciecompraenlinea.com\/en\/wp-json\/wp\/v2\/product_brand?post=6912"},{"taxonomy":"product_cat","embeddable":true,"href":"https:\/\/ciecompraenlinea.com\/en\/wp-json\/wp\/v2\/product_cat?post=6912"},{"taxonomy":"product_tag","embeddable":true,"href":"https:\/\/ciecompraenlinea.com\/en\/wp-json\/wp\/v2\/product_tag?post=6912"}],"curies":[{"name":"wp","href":"https:\/\/api.w.org\/{rel}","templated":true}]}}