{"id":7028,"date":"2025-07-24T23:49:46","date_gmt":"2025-07-24T23:49:46","guid":{"rendered":"https:\/\/aquamarine-salamander-419260.hostingersite.com\/?post_type=product&#038;p=7028"},"modified":"2025-08-29T09:19:14","modified_gmt":"2025-08-29T09:19:14","slug":"punta-titanium-phillips-industrial-ph-1x50mm-1-4-hex","status":"publish","type":"product","link":"https:\/\/ciecompraenlinea.com\/en\/product\/punta-titanium-phillips-industrial-ph-1x50mm-1-4-hex\/","title":{"rendered":"PUNTA  TITANIUM PHILLIPS INDUSTRIAL PH-1x50MM 1\/4&#8243; HEX"},"content":{"rendered":"<p><strong>PUNTA TITANIUM PHILLIPS INDUSTRIAL PH-1x50MM 1\/4&#8243; HEX <\/strong><\/p>\n<p>La serie de puntas TiN \u2013 CVD de Bianditz con recubrimiento de Nitruro de Titanio est\u00e1n concebidas espec\u00edficamente para trabajos intensivos en cadenas de montaje, d\u00f3nde se trabajan en condiciones controladas de perpendicularidad y par de apriete.<\/p>\n<p>Esta capa de Nitruro de Titanio es de 3 +\/- 1 micras a una dureza de 2.400\/2.600 HV (escala Vickers) siendo el n\u00facleo de la herramienta endurecido por un procedimiento similar a las puntas EXTRA DURAS.<\/p>\n<p>Este recubrimiento proporciona una vida de 4 a 10 veces superior en resistencia al desgaste y una rugosidad superficial que minimiza el efecto de expulsi\u00f3n en el atornillado.<\/p>\n<table>\n<tbody>\n<tr>\n<td width=\"196\"><strong>Descripci\u00f3n<\/strong><\/td>\n<td width=\"196\"><strong>Longitud (mm)<\/strong><\/td>\n<td width=\"196\"><strong>Referencia<\/strong><\/td>\n<\/tr>\n<tr>\n<td width=\"196\">PH-1<\/td>\n<td width=\"196\">50<\/td>\n<td width=\"196\">239241<\/td>\n<\/tr>\n<\/tbody>\n<\/table>\n<div style=\"display:flex; gap:10px;justify-content:center\" class=\"wps-pgfw-pdf-generate-icon__wrapper-frontend\">\n\t\t<a  href=\"https:\/\/ciecompraenlinea.com\/en\/wp-json\/wp\/v2\/product\/7028?action=genpdf&amp;id=7028\" class=\"pgfw-single-pdf-download-button\" ><img src=\"https:\/\/ciecompraenlinea.com\/wp-content\/uploads\/2025\/08\/Untitled-image-5.png\" title=\"Generate PDF\" style=\"width:auto; height:50px;\"><\/a>\n\t\t<\/div>","protected":false},"excerpt":{"rendered":"<p>PUNTA TITANIUM PHILLIPS INDUSTRIAL PH-1x50MM 1\/4&#8243; HEX La serie de puntas TiN \u2013 CVD de Bianditz con recubrimiento de Nitruro de Titanio est\u00e1n concebidas espec\u00edficamente para trabajos intensivos en cadenas [&hellip;]<\/p>","protected":false},"featured_media":7071,"comment_status":"closed","ping_status":"closed","template":"","meta":{"_acf_changed":false},"product_brand":[300],"product_cat":[131,213,217],"product_tag":[],"class_list":{"0":"post-7028","1":"product","2":"type-product","3":"status-publish","4":"has-post-thumbnail","6":"product_brand-bianditz","7":"product_cat-accesorios","8":"product_cat-puntas-para-atornillador","9":"product_cat-puntas-philips","11":"first","12":"instock","13":"taxable","14":"shipping-taxable","15":"purchasable","16":"product-type-simple"},"acf":[],"_links":{"self":[{"href":"https:\/\/ciecompraenlinea.com\/en\/wp-json\/wp\/v2\/product\/7028","targetHints":{"allow":["GET"]}}],"collection":[{"href":"https:\/\/ciecompraenlinea.com\/en\/wp-json\/wp\/v2\/product"}],"about":[{"href":"https:\/\/ciecompraenlinea.com\/en\/wp-json\/wp\/v2\/types\/product"}],"replies":[{"embeddable":true,"href":"https:\/\/ciecompraenlinea.com\/en\/wp-json\/wp\/v2\/comments?post=7028"}],"wp:featuredmedia":[{"embeddable":true,"href":"https:\/\/ciecompraenlinea.com\/en\/wp-json\/wp\/v2\/media\/7071"}],"wp:attachment":[{"href":"https:\/\/ciecompraenlinea.com\/en\/wp-json\/wp\/v2\/media?parent=7028"}],"wp:term":[{"taxonomy":"product_brand","embeddable":true,"href":"https:\/\/ciecompraenlinea.com\/en\/wp-json\/wp\/v2\/product_brand?post=7028"},{"taxonomy":"product_cat","embeddable":true,"href":"https:\/\/ciecompraenlinea.com\/en\/wp-json\/wp\/v2\/product_cat?post=7028"},{"taxonomy":"product_tag","embeddable":true,"href":"https:\/\/ciecompraenlinea.com\/en\/wp-json\/wp\/v2\/product_tag?post=7028"}],"curies":[{"name":"wp","href":"https:\/\/api.w.org\/{rel}","templated":true}]}}