{"id":7048,"date":"2025-07-24T23:52:29","date_gmt":"2025-07-24T23:52:29","guid":{"rendered":"https:\/\/aquamarine-salamander-419260.hostingersite.com\/?post_type=product&#038;p=7048"},"modified":"2025-08-29T09:19:15","modified_gmt":"2025-08-29T09:19:15","slug":"multiplicador-de-torque-2700nm-15-17221-norbar","status":"publish","type":"product","link":"https:\/\/ciecompraenlinea.com\/en\/product\/multiplicador-de-torque-2700nm-15-17221-norbar\/","title":{"rendered":"MULTIPLICADOR DE TORQUE 2700Nm 1:5 17221 NORBAR"},"content":{"rendered":"<p><strong>MULTIPLICADOR DE TORQUE 2700Nm 1:5 17221 NORBAR<\/strong><\/p>\n<p><span>El multiplicador de torque &#8216;Highwayman&#8217; ha sido dise\u00f1ado para usarse donde es necesario proporcionar torques m\u00e1s altos de lo que ser\u00eda posible debido a las limitaciones de espacio o fuerza del operador.\u00a0La entrada al multiplicador se realiza a trav\u00e9s de una llave dinamom\u00e9trica de trinquete ajustada a una quinta parte del par de salida deseado.<\/span><\/p>\n<ul>\n<li><strong><span>N\u00famero de pieza:<\/span><\/strong><span>\u00a017221<\/span><\/li>\n<li><strong><span>C\u00f3digo de barras EAN:<\/span><\/strong><span>\u00a05060207560115<\/span><\/li>\n<li><strong><span>N\u00famero OTAN:<\/span><\/strong><span>\u00a05180-99-372-8742<\/span><\/li>\n<li><strong><span>Precisi\u00f3n:<\/span><\/strong><span>\u00a0\u00b14%<\/span><\/li>\n<li><strong><span>Opera entre:<\/span><\/strong><span>\u00a0200.00 &#8211; 2000.00 lbf\u00b7ft<\/span><br \/>\n<span>270.00 &#8211; 2700.00 N\u00b7m<\/span><\/li>\n<\/ul>\n<ul>\n<li>Multiplicaci\u00f3n de par 5:1, precisi\u00f3n garantizada mejor que \u00b14%.<\/li>\n<li>Se suministra con dos estilos de barra de reacci\u00f3n para una m\u00e1xima versatilidad.<\/li>\n<li>La construcci\u00f3n robusta significa un mantenimiento m\u00ednimo y una larga vida \u00fatil.<\/li>\n<li>Suministrado en un malet\u00edn de transporte, el Highwayman es ideal para incluirlo en el kit de veh\u00edculos pesados.<\/li>\n<li>La versi\u00f3n de 1300 Nm tiene un cuadrado de salida de 3\/4&#8243; de repuesto incluido en el kit.<\/li>\n<li>Si se requiere calibraci\u00f3n, se puede solicitar un certificado de calibraci\u00f3n acreditado por UKAS (con un costo adicional)<\/li>\n<\/ul>","protected":false},"excerpt":{"rendered":"<p>MULTIPLICADOR DE TORQUE 2700Nm 1:5 17221 NORBAR El multiplicador de torque &#8216;Highwayman&#8217; ha sido dise\u00f1ado para usarse donde es necesario proporcionar torques m\u00e1s altos de lo que ser\u00eda posible debido [&hellip;]<\/p>","protected":false},"featured_media":7089,"comment_status":"closed","ping_status":"closed","template":"","meta":{"_acf_changed":false},"product_brand":[286],"product_cat":[121,149,154],"product_tag":[],"class_list":{"0":"post-7048","1":"product","2":"type-product","3":"status-publish","4":"has-post-thumbnail","6":"product_brand-norbar","7":"product_cat-herramientas","8":"product_cat-herramientas-de-torque","9":"product_cat-multiplicadores-de-torque","11":"first","12":"instock","13":"taxable","14":"shipping-taxable","15":"purchasable","16":"product-type-simple"},"acf":[],"_links":{"self":[{"href":"https:\/\/ciecompraenlinea.com\/en\/wp-json\/wp\/v2\/product\/7048","targetHints":{"allow":["GET"]}}],"collection":[{"href":"https:\/\/ciecompraenlinea.com\/en\/wp-json\/wp\/v2\/product"}],"about":[{"href":"https:\/\/ciecompraenlinea.com\/en\/wp-json\/wp\/v2\/types\/product"}],"replies":[{"embeddable":true,"href":"https:\/\/ciecompraenlinea.com\/en\/wp-json\/wp\/v2\/comments?post=7048"}],"wp:featuredmedia":[{"embeddable":true,"href":"https:\/\/ciecompraenlinea.com\/en\/wp-json\/wp\/v2\/media\/7089"}],"wp:attachment":[{"href":"https:\/\/ciecompraenlinea.com\/en\/wp-json\/wp\/v2\/media?parent=7048"}],"wp:term":[{"taxonomy":"product_brand","embeddable":true,"href":"https:\/\/ciecompraenlinea.com\/en\/wp-json\/wp\/v2\/product_brand?post=7048"},{"taxonomy":"product_cat","embeddable":true,"href":"https:\/\/ciecompraenlinea.com\/en\/wp-json\/wp\/v2\/product_cat?post=7048"},{"taxonomy":"product_tag","embeddable":true,"href":"https:\/\/ciecompraenlinea.com\/en\/wp-json\/wp\/v2\/product_tag?post=7048"}],"curies":[{"name":"wp","href":"https:\/\/api.w.org\/{rel}","templated":true}]}}