{"id":7058,"date":"2025-07-24T23:53:21","date_gmt":"2025-07-24T23:53:21","guid":{"rendered":"https:\/\/aquamarine-salamander-419260.hostingersite.com\/?post_type=product&#038;p=7058"},"modified":"2025-11-16T17:16:33","modified_gmt":"2025-11-16T22:16:33","slug":"tuerca-remachable-con-ala-e-u-acero-inox","status":"publish","type":"product","link":"https:\/\/ciecompraenlinea.com\/en\/product\/tuerca-remachable-con-ala-e-u-acero-inox\/","title":{"rendered":"TUERCA REMACHABLE CON ALA E.U ACERO INOX"},"content":{"rendered":"<p><strong>TUERCAS REMACHABLES ACERO INOX<\/strong><\/p>\n<p>Las Tuercas remachables MEGAFIX cuentan con un cuerpo estriado, permitiendo una mejor fijaci\u00f3n en la aplicaci\u00f3n y mejorando el agarre a la torsi\u00f3n, \u00a0Las tuercas remachables en acero inoxidable al natural AISI 304; disponibles en versi\u00f3n con ala y en medidas milim\u00e9tricas\u00a0 y en pulgadas, con un amplio espesor de agarre son una excelente alternativa para productos que requieren alta resistencia a la corrosi\u00f3n como grifer\u00eda, elementos hospitalarios y alimenticios, as\u00ed como productos y equipos de uso exterior y mar\u00edtimo.<\/p>","protected":false},"excerpt":{"rendered":"<p>TUERCAS REMACHABLES ACERO INOX Las Tuercas remachables MEGAFIX cuentan con un cuerpo estriado, permitiendo una mejor fijaci\u00f3n en la aplicaci\u00f3n y mejorando el agarre a la torsi\u00f3n, \u00a0Las tuercas remachables [&hellip;]<\/p>","protected":false},"featured_media":7096,"comment_status":"closed","ping_status":"closed","template":"","meta":{"_acf_changed":false},"product_brand":[297],"product_cat":[128,168,169,170],"product_tag":[],"class_list":{"0":"post-7058","1":"product","2":"type-product","3":"status-publish","4":"has-post-thumbnail","6":"product_brand-megafix-systems","7":"product_cat-consumibles","8":"product_cat-remaches-y-tuercas-remachables","9":"product_cat-tuercas-remachables","10":"product_cat-tuercas-remachables-con-ala","12":"first","13":"instock","14":"taxable","15":"shipping-taxable","16":"purchasable","17":"product-type-variable"},"acf":[],"_links":{"self":[{"href":"https:\/\/ciecompraenlinea.com\/en\/wp-json\/wp\/v2\/product\/7058","targetHints":{"allow":["GET"]}}],"collection":[{"href":"https:\/\/ciecompraenlinea.com\/en\/wp-json\/wp\/v2\/product"}],"about":[{"href":"https:\/\/ciecompraenlinea.com\/en\/wp-json\/wp\/v2\/types\/product"}],"replies":[{"embeddable":true,"href":"https:\/\/ciecompraenlinea.com\/en\/wp-json\/wp\/v2\/comments?post=7058"}],"wp:featuredmedia":[{"embeddable":true,"href":"https:\/\/ciecompraenlinea.com\/en\/wp-json\/wp\/v2\/media\/7096"}],"wp:attachment":[{"href":"https:\/\/ciecompraenlinea.com\/en\/wp-json\/wp\/v2\/media?parent=7058"}],"wp:term":[{"taxonomy":"product_brand","embeddable":true,"href":"https:\/\/ciecompraenlinea.com\/en\/wp-json\/wp\/v2\/product_brand?post=7058"},{"taxonomy":"product_cat","embeddable":true,"href":"https:\/\/ciecompraenlinea.com\/en\/wp-json\/wp\/v2\/product_cat?post=7058"},{"taxonomy":"product_tag","embeddable":true,"href":"https:\/\/ciecompraenlinea.com\/en\/wp-json\/wp\/v2\/product_tag?post=7058"}],"curies":[{"name":"wp","href":"https:\/\/api.w.org\/{rel}","templated":true}]}}