{"id":7059,"date":"2025-07-24T23:53:21","date_gmt":"2025-07-24T23:53:21","guid":{"rendered":"https:\/\/aquamarine-salamander-419260.hostingersite.com\/?post_type=product&#038;p=7059"},"modified":"2025-08-29T09:19:26","modified_gmt":"2025-08-29T09:19:26","slug":"remachadora-de-tuercas-hidroneumatica-rivmate","status":"publish","type":"product","link":"https:\/\/ciecompraenlinea.com\/en\/product\/remachadora-de-tuercas-hidroneumatica-rivmate\/","title":{"rendered":"REMACHADORA DE TUERCAS HIDRONEUMATICA RIVMATE"},"content":{"rendered":"<p data-start=\"233\" data-end=\"596\">La <strong data-start=\"236\" data-end=\"293\">remachadora de tuercas hidroneum\u00e1tica A912M de Rivmate<\/strong> est\u00e1 dise\u00f1ada para ofrecer m\u00e1xima eficiencia en l\u00edneas de producci\u00f3n, gracias a su sistema de instalaci\u00f3n autom\u00e1tica con un solo gatillazo. Esta herramienta combina potencia hidr\u00e1ulica y aire comprimido, permitiendo una colocaci\u00f3n r\u00e1pida, precisa y segura de tuercas remachables en diversos materiales.<\/p>\n<p data-start=\"598\" data-end=\"970\">Gracias a su base de goma resistente, cuerpo de aluminio recubierto de pl\u00e1stico de alta resistencia y f\u00e1cil ajuste de carrera mediante tambor giratorio, la <strong data-start=\"754\" data-end=\"784\">remachadora hidroneum\u00e1tica<\/strong> garantiza durabilidad y comodidad en el uso continuo. Es una soluci\u00f3n ideal para ensamblajes industriales que requieren productividad constante sin sacrificar la ergonom\u00eda del operario.<\/p>\n<p data-start=\"972\" data-end=\"1211\">Las <strong data-start=\"976\" data-end=\"1027\">remachadoras neum\u00e1ticas de tuercas profesionales como esta<\/strong> reducen significativamente el esfuerzo f\u00edsico y aumentan la eficiencia, siendo ampliamente utilizadas en metalmec\u00e1nica, carrocer\u00eda, electrodom\u00e9sticos y estructuras met\u00e1licas livianas.<\/p>","protected":false},"excerpt":{"rendered":"<p>La remachadora de tuercas hidroneum\u00e1tica A912M de Rivmate est\u00e1 dise\u00f1ada para ofrecer m\u00e1xima eficiencia en l\u00edneas de producci\u00f3n, gracias a su sistema de instalaci\u00f3n autom\u00e1tica con un solo gatillazo. Esta [&hellip;]<\/p>","protected":false},"featured_media":7192,"comment_status":"closed","ping_status":"closed","template":"","meta":{"_acf_changed":false},"product_brand":[],"product_cat":[121,124,144],"product_tag":[],"class_list":{"0":"post-7059","1":"product","2":"type-product","3":"status-publish","4":"has-post-thumbnail","6":"product_cat-herramientas","7":"product_cat-neumaticas","8":"product_cat-remachadoras","10":"first","11":"instock","12":"sale","13":"featured","14":"taxable","15":"shipping-taxable","16":"purchasable","17":"product-type-simple"},"acf":[],"_links":{"self":[{"href":"https:\/\/ciecompraenlinea.com\/en\/wp-json\/wp\/v2\/product\/7059","targetHints":{"allow":["GET"]}}],"collection":[{"href":"https:\/\/ciecompraenlinea.com\/en\/wp-json\/wp\/v2\/product"}],"about":[{"href":"https:\/\/ciecompraenlinea.com\/en\/wp-json\/wp\/v2\/types\/product"}],"replies":[{"embeddable":true,"href":"https:\/\/ciecompraenlinea.com\/en\/wp-json\/wp\/v2\/comments?post=7059"}],"wp:featuredmedia":[{"embeddable":true,"href":"https:\/\/ciecompraenlinea.com\/en\/wp-json\/wp\/v2\/media\/7192"}],"wp:attachment":[{"href":"https:\/\/ciecompraenlinea.com\/en\/wp-json\/wp\/v2\/media?parent=7059"}],"wp:term":[{"taxonomy":"product_brand","embeddable":true,"href":"https:\/\/ciecompraenlinea.com\/en\/wp-json\/wp\/v2\/product_brand?post=7059"},{"taxonomy":"product_cat","embeddable":true,"href":"https:\/\/ciecompraenlinea.com\/en\/wp-json\/wp\/v2\/product_cat?post=7059"},{"taxonomy":"product_tag","embeddable":true,"href":"https:\/\/ciecompraenlinea.com\/en\/wp-json\/wp\/v2\/product_tag?post=7059"}],"curies":[{"name":"wp","href":"https:\/\/api.w.org\/{rel}","templated":true}]}}