{"id":7102,"date":"2025-07-24T23:56:49","date_gmt":"2025-07-24T23:56:49","guid":{"rendered":"https:\/\/aquamarine-salamander-419260.hostingersite.com\/?post_type=product&#038;p=7102"},"modified":"2025-08-29T09:19:20","modified_gmt":"2025-08-29T09:19:20","slug":"linterna-scangrip-mag-pro-scangrip","status":"publish","type":"product","link":"https:\/\/ciecompraenlinea.com\/en\/product\/linterna-scangrip-mag-pro-scangrip\/","title":{"rendered":"Linterna Scangrip MAG PRO SCANGRIP"},"content":{"rendered":"<p data-start=\"314\" data-end=\"625\">Las linternas inal\u00e1mbricas <strong data-start=\"317\" data-end=\"328\">MAG PRO<\/strong> de <strong data-start=\"332\" data-end=\"344\">SCANGRIP<\/strong> es una <strong data-start=\"352\" data-end=\"389\">l\u00e1mpara LED port\u00e1til y recargable<\/strong> dise\u00f1ada para ofrecer <strong data-start=\"412\" data-end=\"448\">iluminaci\u00f3n flexible y eficiente<\/strong> en el taller, automotriz, mantenimiento e inspecci\u00f3n industrial. Su dise\u00f1o ergon\u00f3mico y multifuncional la convierte en una herramienta indispensable para cualquier profesional.<\/p>\n<p data-start=\"627\" data-end=\"985\">Equipada con <strong data-start=\"640\" data-end=\"675\">tres potentes imanes integrados<\/strong> y <strong data-start=\"678\" data-end=\"719\">dos ganchos de suspensi\u00f3n retr\u00e1ctiles<\/strong>, esta <strong data-start=\"726\" data-end=\"749\">linterna de trabajo<\/strong> permite colocarla con total facilidad en cualquier superficie met\u00e1lica o colgarla donde m\u00e1s lo necesites. Adem\u00e1s, su <strong data-start=\"867\" data-end=\"902\">cabezal giratorio de hasta 180\u00b0<\/strong> permite dirigir la luz exactamente al \u00e1rea deseada, incluso en espacios reducidos.<\/p>\n<p data-start=\"987\" data-end=\"1303\">La <strong data-start=\"990\" data-end=\"1001\">MAG PRO<\/strong> proporciona un excelente tiempo de autonom\u00eda: hasta <strong data-start=\"1054\" data-end=\"1066\">15 horas<\/strong> en el nivel m\u00ednimo y <strong data-start=\"1088\" data-end=\"1101\">1,5 horas<\/strong> a m\u00e1xima intensidad. Se recarga completamente en solo <strong data-start=\"1156\" data-end=\"1167\">4 horas<\/strong> y cuenta con <strong data-start=\"1181\" data-end=\"1200\">protecci\u00f3n IP54<\/strong>, lo que la hace resistente al polvo, salpicaduras de agua y condiciones exigentes del entorno laboral.<\/p>\n<p><iframe title=\"MAG PRO - Rechargeable Handheld Work Lights For The Workshop\" width=\"1200\" height=\"675\" src=\"https:\/\/www.youtube.com\/embed\/yPiwX2SUf2A?feature=oembed\" frameborder=\"0\" allow=\"accelerometer; autoplay; clipboard-write; encrypted-media; gyroscope; picture-in-picture; web-share\" referrerpolicy=\"strict-origin-when-cross-origin\" allowfullscreen><\/iframe><\/p>\n<div style=\"display:flex; gap:10px;justify-content:center\" class=\"wps-pgfw-pdf-generate-icon__wrapper-frontend\">\n\t\t<a  href=\"https:\/\/ciecompraenlinea.com\/en\/wp-json\/wp\/v2\/product\/7102?action=genpdf&amp;id=7102\" class=\"pgfw-single-pdf-download-button\" ><img src=\"https:\/\/ciecompraenlinea.com\/wp-content\/uploads\/2025\/08\/Untitled-image-5.png\" title=\"Generate PDF\" style=\"width:auto; height:50px;\"><\/a>\n\t\t<\/div>","protected":false},"excerpt":{"rendered":"<p>Las linternas inal\u00e1mbricas MAG PRO de SCANGRIP es una l\u00e1mpara LED port\u00e1til y recargable dise\u00f1ada para ofrecer iluminaci\u00f3n flexible y eficiente en el taller, automotriz, mantenimiento e inspecci\u00f3n industrial. Su [&hellip;]<\/p>","protected":false},"featured_media":7138,"comment_status":"closed","ping_status":"closed","template":"","meta":{"_acf_changed":false},"product_brand":[278],"product_cat":[121,177,209],"product_tag":[],"class_list":{"0":"post-7102","1":"product","2":"type-product","3":"status-publish","4":"has-post-thumbnail","6":"product_brand-scangrip","7":"product_cat-herramientas","8":"product_cat-inalambrico","9":"product_cat-linternas","11":"first","12":"instock","13":"featured","14":"taxable","15":"shipping-taxable","16":"purchasable","17":"product-type-simple"},"acf":[],"_links":{"self":[{"href":"https:\/\/ciecompraenlinea.com\/en\/wp-json\/wp\/v2\/product\/7102","targetHints":{"allow":["GET"]}}],"collection":[{"href":"https:\/\/ciecompraenlinea.com\/en\/wp-json\/wp\/v2\/product"}],"about":[{"href":"https:\/\/ciecompraenlinea.com\/en\/wp-json\/wp\/v2\/types\/product"}],"replies":[{"embeddable":true,"href":"https:\/\/ciecompraenlinea.com\/en\/wp-json\/wp\/v2\/comments?post=7102"}],"wp:featuredmedia":[{"embeddable":true,"href":"https:\/\/ciecompraenlinea.com\/en\/wp-json\/wp\/v2\/media\/7138"}],"wp:attachment":[{"href":"https:\/\/ciecompraenlinea.com\/en\/wp-json\/wp\/v2\/media?parent=7102"}],"wp:term":[{"taxonomy":"product_brand","embeddable":true,"href":"https:\/\/ciecompraenlinea.com\/en\/wp-json\/wp\/v2\/product_brand?post=7102"},{"taxonomy":"product_cat","embeddable":true,"href":"https:\/\/ciecompraenlinea.com\/en\/wp-json\/wp\/v2\/product_cat?post=7102"},{"taxonomy":"product_tag","embeddable":true,"href":"https:\/\/ciecompraenlinea.com\/en\/wp-json\/wp\/v2\/product_tag?post=7102"}],"curies":[{"name":"wp","href":"https:\/\/api.w.org\/{rel}","templated":true}]}}