{"id":7148,"date":"2025-07-25T00:04:29","date_gmt":"2025-07-25T00:04:29","guid":{"rendered":"https:\/\/aquamarine-salamander-419260.hostingersite.com\/?post_type=product&#038;p=7148"},"modified":"2025-08-29T09:19:24","modified_gmt":"2025-08-29T09:19:24","slug":"remache-monobolt-en-aluminio","status":"publish","type":"product","link":"https:\/\/ciecompraenlinea.com\/en\/product\/remache-monobolt-en-aluminio\/","title":{"rendered":"REMACHE MONOBOLT EN ALUMINIO"},"content":{"rendered":"<p><strong>Remache Monolock en ALUMINIO MEGA FIX<\/strong><\/p>\n<ul>\n<li>Los remaches estructurales\u00a0<strong>MEGA FIX<\/strong>\u00a0presentan una excepcional resistencia a la cizalladura y a las fuerzas de tracci\u00f3n de la junta. Brinda un excelente relleno radial del orificio lo cual se traduce en uniones mas fuertes y estables a las vibraciones, su sistema \u00fanico de retenci\u00f3n del v\u00e1stago impide que el mismo se afloje o quede suelto evitando ruidos molestos o golpeteos. Disponible en materiales aluminio, acero y acero inoxidable. Puede emplearse para sustituir varios remaches tipo pop, reduciendo las cantidades de inventario.<\/li>\n<\/ul>\n<p>&nbsp;<\/p>","protected":false},"excerpt":{"rendered":"<p>Remache Monolock en ALUMINIO MEGA FIX Los remaches estructurales\u00a0MEGA FIX\u00a0presentan una excepcional resistencia a la cizalladura y a las fuerzas de tracci\u00f3n de la junta. Brinda un excelente relleno radial [&hellip;]<\/p>","protected":false},"featured_media":7168,"comment_status":"closed","ping_status":"closed","template":"","meta":{"_acf_changed":false},"product_brand":[296],"product_cat":[128,202,168],"product_tag":[],"class_list":{"0":"post-7148","1":"product","2":"type-product","3":"status-publish","4":"has-post-thumbnail","6":"product_brand-mega-fix","7":"product_cat-consumibles","8":"product_cat-remaches-estructurales","9":"product_cat-remaches-y-tuercas-remachables","11":"first","12":"instock","13":"featured","14":"taxable","15":"shipping-taxable","16":"purchasable","17":"product-type-variable"},"acf":[],"_links":{"self":[{"href":"https:\/\/ciecompraenlinea.com\/en\/wp-json\/wp\/v2\/product\/7148","targetHints":{"allow":["GET"]}}],"collection":[{"href":"https:\/\/ciecompraenlinea.com\/en\/wp-json\/wp\/v2\/product"}],"about":[{"href":"https:\/\/ciecompraenlinea.com\/en\/wp-json\/wp\/v2\/types\/product"}],"replies":[{"embeddable":true,"href":"https:\/\/ciecompraenlinea.com\/en\/wp-json\/wp\/v2\/comments?post=7148"}],"wp:featuredmedia":[{"embeddable":true,"href":"https:\/\/ciecompraenlinea.com\/en\/wp-json\/wp\/v2\/media\/7168"}],"wp:attachment":[{"href":"https:\/\/ciecompraenlinea.com\/en\/wp-json\/wp\/v2\/media?parent=7148"}],"wp:term":[{"taxonomy":"product_brand","embeddable":true,"href":"https:\/\/ciecompraenlinea.com\/en\/wp-json\/wp\/v2\/product_brand?post=7148"},{"taxonomy":"product_cat","embeddable":true,"href":"https:\/\/ciecompraenlinea.com\/en\/wp-json\/wp\/v2\/product_cat?post=7148"},{"taxonomy":"product_tag","embeddable":true,"href":"https:\/\/ciecompraenlinea.com\/en\/wp-json\/wp\/v2\/product_tag?post=7148"}],"curies":[{"name":"wp","href":"https:\/\/api.w.org\/{rel}","templated":true}]}}