{"id":7157,"date":"2025-07-25T00:05:10","date_gmt":"2025-07-25T00:05:10","guid":{"rendered":"https:\/\/aquamarine-salamander-419260.hostingersite.com\/?post_type=product&#038;p=7157"},"modified":"2026-05-02T17:35:51","modified_gmt":"2026-05-02T22:35:51","slug":"remache-pop-en-acero-inoxidable","status":"publish","type":"product","link":"https:\/\/ciecompraenlinea.com\/en\/product\/remache-pop-en-acero-inoxidable\/","title":{"rendered":"REMACHE POP EN ACERO INOXIDABLE"},"content":{"rendered":"<h2 data-start=\"213\" data-end=\"252\">Remaches Pop en Acero Inoxidable<\/h2>\n<p data-start=\"254\" data-end=\"623\">Un <strong data-start=\"257\" data-end=\"292\">remache pop en acero inoxidable<\/strong>, tambi\u00e9n conocido como <strong data-start=\"316\" data-end=\"344\">remache ciego inoxidable<\/strong> o simplemente <strong data-start=\"359\" data-end=\"379\">remache pop inox<\/strong>, es un tipo de sujetador utilizado ampliamente en aplicaciones de <strong data-start=\"446\" data-end=\"469\">fijaci\u00f3n industrial<\/strong>, <strong data-start=\"471\" data-end=\"496\">estructuras met\u00e1licas<\/strong>, fabricaci\u00f3n de <strong data-start=\"513\" data-end=\"537\">cocinas industriales<\/strong>, <strong data-start=\"539\" data-end=\"551\">vitrinas<\/strong>, hornos y otros equipos donde la resistencia a la corrosi\u00f3n es crucial.<\/p>\n<p data-start=\"625\" data-end=\"1039\">Fabricados en <strong data-start=\"639\" data-end=\"663\">acero inoxidable 304<\/strong>, estos remaches destacan por su excelente <strong data-start=\"706\" data-end=\"750\">durabilidad y resistencia a la oxidaci\u00f3n<\/strong>, incluso en ambientes altamente exigentes como instalaciones marinas, zonas con alta humedad o \u00e1reas donde se manejan alimentos. Esto los hace perfectos como <strong data-start=\"909\" data-end=\"946\">remaches inoxidables para cocinas<\/strong> y tambi\u00e9n para usos industriales generales donde se requieren uniones permanentes y limpias.<\/p>\n<p data-start=\"1041\" data-end=\"1508\">Los <strong data-start=\"1045\" data-end=\"1081\">remaches pop de acero inoxidable<\/strong> pertenecen a la categor\u00eda de <strong data-start=\"1111\" data-end=\"1130\">remaches ciegos<\/strong>, ya que permiten su instalaci\u00f3n desde un solo lado del material, siendo ideales para estructuras cerradas o de dif\u00edcil acceso. Est\u00e1n compuestos por un cuerpo cil\u00edndrico en inox y un mandril que, al ser traccionado mediante una remachadora, provoca la expansi\u00f3n del extremo del remache, generando una uni\u00f3n firme entre materiales como l\u00e1mina, acero, pl\u00e1stico o incluso madera.<\/p>\n<p data-start=\"1510\" data-end=\"1784\">Gracias a su versatilidad y resistencia, son ampliamente buscados bajo diferentes t\u00e9rminos como <strong data-start=\"1606\" data-end=\"1627\">remaches inox 304<\/strong>, <strong data-start=\"1629\" data-end=\"1665\">remaches inoxidables para l\u00e1mina<\/strong>, o simplemente <strong data-start=\"1681\" data-end=\"1711\">remaches inox industriales<\/strong>, todos refiri\u00e9ndose a esta soluci\u00f3n confiable para fijaciones duraderas.<\/p>\n<h3 data-start=\"1791\" data-end=\"1835\">Medidas disponibles de Remache Pop Inox:<\/h3>\n<ul>\n<li data-start=\"1839\" data-end=\"1869\">Remache Pop Inox 1\/8&#8243; x 1\/4&#8243;<\/li>\n<li data-start=\"1872\" data-end=\"1902\">Remache Pop Inox 1\/8&#8243; x 1\/2&#8243;<\/li>\n<li data-start=\"1905\" data-end=\"1935\">Remache Pop Inox 1\/8&#8243; x 3\/8&#8243;<\/li>\n<li data-start=\"1938\" data-end=\"1969\">Remache Pop Inox 1\/8&#8243; x 5\/16&#8243;<\/li>\n<li data-start=\"1972\" data-end=\"2003\">Remache Pop Inox 3\/16&#8243; x 1\/2&#8243;<\/li>\n<li data-start=\"2006\" data-end=\"2035\">Remache Pop Inox 3\/16&#8243; x 1&#8243;<\/li>\n<li data-start=\"2038\" data-end=\"2069\">Remache Pop Inox 3\/16&#8243; x 3\/4&#8243;<\/li>\n<li data-start=\"2072\" data-end=\"2103\">Remache Pop Inox 5\/32&#8243; x 1\/2&#8243;<\/li>\n<li data-start=\"2106\" data-end=\"2137\">Remache Pop Inox 5\/32&#8243; x 3\/8&#8243;<\/li>\n<li data-start=\"2140\" data-end=\"2169\">Remache Pop Inox 5\/32&#8243; x 5\/8&#8243;<\/li>\n<\/ul>","protected":false},"excerpt":{"rendered":"<p>Remaches Pop en Acero Inoxidable Un remache pop en acero inoxidable, tambi\u00e9n conocido como remache ciego inoxidable o simplemente remache pop inox, es un tipo de sujetador utilizado ampliamente en [&hellip;]<\/p>","protected":false},"featured_media":7183,"comment_status":"closed","ping_status":"closed","template":"","meta":{"_acf_changed":false},"product_brand":[296],"product_cat":[128,204,168],"product_tag":[],"class_list":{"0":"post-7157","1":"product","2":"type-product","3":"status-publish","4":"has-post-thumbnail","6":"product_brand-mega-fix","7":"product_cat-consumibles","8":"product_cat-remaches-pop","9":"product_cat-remaches-y-tuercas-remachables","11":"first","12":"instock","13":"featured","14":"taxable","15":"shipping-taxable","16":"purchasable","17":"product-type-variable"},"acf":[],"_links":{"self":[{"href":"https:\/\/ciecompraenlinea.com\/en\/wp-json\/wp\/v2\/product\/7157","targetHints":{"allow":["GET"]}}],"collection":[{"href":"https:\/\/ciecompraenlinea.com\/en\/wp-json\/wp\/v2\/product"}],"about":[{"href":"https:\/\/ciecompraenlinea.com\/en\/wp-json\/wp\/v2\/types\/product"}],"replies":[{"embeddable":true,"href":"https:\/\/ciecompraenlinea.com\/en\/wp-json\/wp\/v2\/comments?post=7157"}],"wp:featuredmedia":[{"embeddable":true,"href":"https:\/\/ciecompraenlinea.com\/en\/wp-json\/wp\/v2\/media\/7183"}],"wp:attachment":[{"href":"https:\/\/ciecompraenlinea.com\/en\/wp-json\/wp\/v2\/media?parent=7157"}],"wp:term":[{"taxonomy":"product_brand","embeddable":true,"href":"https:\/\/ciecompraenlinea.com\/en\/wp-json\/wp\/v2\/product_brand?post=7157"},{"taxonomy":"product_cat","embeddable":true,"href":"https:\/\/ciecompraenlinea.com\/en\/wp-json\/wp\/v2\/product_cat?post=7157"},{"taxonomy":"product_tag","embeddable":true,"href":"https:\/\/ciecompraenlinea.com\/en\/wp-json\/wp\/v2\/product_tag?post=7157"}],"curies":[{"name":"wp","href":"https:\/\/api.w.org\/{rel}","templated":true}]}}