{"id":7174,"date":"2025-07-25T00:06:06","date_gmt":"2025-07-25T00:06:06","guid":{"rendered":"https:\/\/aquamarine-salamander-419260.hostingersite.com\/?post_type=product&#038;p=7174"},"modified":"2025-11-16T17:18:27","modified_gmt":"2025-11-16T22:18:27","slug":"grapadora-neumatica-para-gancho-80-meite","status":"publish","type":"product","link":"https:\/\/ciecompraenlinea.com\/en\/product\/grapadora-neumatica-para-gancho-80-meite\/","title":{"rendered":"GRAPADORA NEUMATICA PARA GANCHO 80 MEITE"},"content":{"rendered":"<p>Las <strong data-start=\"337\" data-end=\"369\">grapadoras neum\u00e1ticas grapa 80<\/strong> tipo gancho 80\/16 han sido dise\u00f1adas para ofrecer precisi\u00f3n, eficiencia y potencia en aplicaciones de tapicer\u00eda y carpinter\u00eda. Su dise\u00f1o de boca delgada y alargada permite mayor flexibilidad de acceso en zonas estrechas, ideal como <strong data-start=\"600\" data-end=\"637\">grapadora neum\u00e1tica para grapa 80<\/strong>. Su estructura de nivel profesional incorpora un mecanismo de clavado potente y un cuerpo fabricado con materiales met\u00e1licos de alta resistencia, lo que la convierte en una <strong data-start=\"811\" data-end=\"856\">herramienta neum\u00e1tica para grapas tipo 80<\/strong> confiable para uso continuo. Es ampliamente utilizada como <strong data-start=\"916\" data-end=\"955\">grapadora industrial para grapas 80<\/strong>, con desempe\u00f1o destacado en entornos exigentes de producci\u00f3n, siendo perfecta como <strong data-start=\"1039\" data-end=\"1083\">grapadora de tapicer\u00eda neum\u00e1tica tipo 80<\/strong>. Su mango ergon\u00f3mico y antideslizante mejora el control del operario, mientras que su moderno dise\u00f1o color \u00abchampagne\u00bb aporta un estilo distintivo. Tambi\u00e9n cumple funciones como <strong data-start=\"1262\" data-end=\"1305\">clavadora neum\u00e1tica para grapas tipo 80<\/strong>, <strong data-start=\"1307\" data-end=\"1359\">grapadora neum\u00e1tica para trabajos de carpinter\u00eda<\/strong> y <strong data-start=\"1362\" data-end=\"1409\">grapadora neum\u00e1tica para muebles y acabados<\/strong>, posicion\u00e1ndola como una soluci\u00f3n vers\u00e1til en diferentes industrias.<\/p>","protected":false},"excerpt":{"rendered":"<p>Las grapadoras neum\u00e1ticas grapa 80 tipo gancho 80\/16 han sido dise\u00f1adas para ofrecer precisi\u00f3n, eficiencia y potencia en aplicaciones de tapicer\u00eda y carpinter\u00eda. Su dise\u00f1o de boca delgada y alargada [&hellip;]<\/p>","protected":false},"featured_media":7208,"comment_status":"open","ping_status":"closed","template":"","meta":{"_acf_changed":false},"product_brand":[301],"product_cat":[133,121,124],"product_tag":[],"class_list":{"0":"post-7174","1":"product","2":"type-product","3":"status-publish","4":"has-post-thumbnail","6":"product_brand-meite","7":"product_cat-grapadoras-y-pinadoras","8":"product_cat-herramientas","9":"product_cat-neumaticas","11":"first","12":"instock","13":"featured","14":"taxable","15":"shipping-taxable","16":"purchasable","17":"product-type-simple"},"acf":[],"_links":{"self":[{"href":"https:\/\/ciecompraenlinea.com\/en\/wp-json\/wp\/v2\/product\/7174","targetHints":{"allow":["GET"]}}],"collection":[{"href":"https:\/\/ciecompraenlinea.com\/en\/wp-json\/wp\/v2\/product"}],"about":[{"href":"https:\/\/ciecompraenlinea.com\/en\/wp-json\/wp\/v2\/types\/product"}],"replies":[{"embeddable":true,"href":"https:\/\/ciecompraenlinea.com\/en\/wp-json\/wp\/v2\/comments?post=7174"}],"wp:featuredmedia":[{"embeddable":true,"href":"https:\/\/ciecompraenlinea.com\/en\/wp-json\/wp\/v2\/media\/7208"}],"wp:attachment":[{"href":"https:\/\/ciecompraenlinea.com\/en\/wp-json\/wp\/v2\/media?parent=7174"}],"wp:term":[{"taxonomy":"product_brand","embeddable":true,"href":"https:\/\/ciecompraenlinea.com\/en\/wp-json\/wp\/v2\/product_brand?post=7174"},{"taxonomy":"product_cat","embeddable":true,"href":"https:\/\/ciecompraenlinea.com\/en\/wp-json\/wp\/v2\/product_cat?post=7174"},{"taxonomy":"product_tag","embeddable":true,"href":"https:\/\/ciecompraenlinea.com\/en\/wp-json\/wp\/v2\/product_tag?post=7174"}],"curies":[{"name":"wp","href":"https:\/\/api.w.org\/{rel}","templated":true}]}}