{"id":7177,"date":"2025-07-25T00:06:06","date_gmt":"2025-07-25T00:06:06","guid":{"rendered":"https:\/\/aquamarine-salamander-419260.hostingersite.com\/?post_type=product&#038;p=7177"},"modified":"2026-03-04T10:22:09","modified_gmt":"2026-03-04T15:22:09","slug":"linterna-flash-pen-recargable-scangrip","status":"publish","type":"product","link":"https:\/\/ciecompraenlinea.com\/en\/product\/linterna-flash-pen-recargable-scangrip\/","title":{"rendered":"LINTERNA FLASH PEN RECARGABLE SCANGRIP"},"content":{"rendered":"<p data-start=\"333\" data-end=\"710\">Las l\u00e1mparas <strong data-start=\"336\" data-end=\"351\">FLASH PEN R<\/strong> de <strong data-start=\"355\" data-end=\"367\">Scangrip<\/strong> son unas <strong data-start=\"375\" data-end=\"409\">linternas tipo l\u00e1piz recargable<\/strong> de alta calidad, dise\u00f1ada para el <strong data-start=\"444\" data-end=\"467\">usuario profesional<\/strong> que necesita una iluminaci\u00f3n compacta, potente y confiable durante toda la jornada laboral. Su dise\u00f1o delgado y funcional la convierte en la <strong data-start=\"609\" data-end=\"671\">l\u00e1mpara ideal para llevar siempre en el bolsillo del pecho<\/strong>, lista para usar en cualquier momento.<\/p>\n<p data-start=\"712\" data-end=\"966\">Equipada con <strong data-start=\"725\" data-end=\"739\">modo boost<\/strong>, permite aumentar su potencia de <strong data-start=\"773\" data-end=\"794\">150 a 300 l\u00famenes<\/strong> manteniendo presionado el <strong data-start=\"821\" data-end=\"846\">interruptor magn\u00e9tico<\/strong> durante 2 segundos. Luego de 60 segundos, la linterna regresa autom\u00e1ticamente al modo normal, optimizando la autonom\u00eda.<\/p>\n<p data-start=\"968\" data-end=\"1176\">La funci\u00f3n de <strong data-start=\"982\" data-end=\"1003\">enfoque ajustable<\/strong> permite modificar el \u00e1ngulo del haz de luz entre <strong data-start=\"1053\" data-end=\"1066\">10\u00b0 y 60\u00b0<\/strong>, ideal para inspecciones de precisi\u00f3n o iluminaci\u00f3n de largo alcance, con un alcance de hasta <strong data-start=\"1161\" data-end=\"1175\">100 metros<\/strong>.<\/p>\n<p data-start=\"1178\" data-end=\"1330\">Su cuerpo de <strong data-start=\"1191\" data-end=\"1213\">aluminio anodizado<\/strong> ofrece <strong data-start=\"1221\" data-end=\"1259\">gran resistencia al uso industrial<\/strong>, y su clasificaci\u00f3n <strong data-start=\"1280\" data-end=\"1288\">IP54<\/strong> garantiza protecci\u00f3n contra agua y polvo.<\/p>\n<div style=\"display:flex; gap:10px;justify-content:center\" class=\"wps-pgfw-pdf-generate-icon__wrapper-frontend\">\n\t\t<a  href=\"https:\/\/ciecompraenlinea.com\/en\/wp-json\/wp\/v2\/product\/7177?action=genpdf&amp;id=7177\" class=\"pgfw-single-pdf-download-button\" ><img src=\"https:\/\/ciecompraenlinea.com\/wp-content\/uploads\/2025\/08\/Untitled-image-5.png\" title=\"Generate PDF\" style=\"width:auto; height:50px;\"><\/a>\n\t\t<\/div>","protected":false},"excerpt":{"rendered":"<p>Las l\u00e1mparas FLASH PEN R de Scangrip son unas linternas tipo l\u00e1piz recargable de alta calidad, dise\u00f1ada para el usuario profesional que necesita una iluminaci\u00f3n compacta, potente y confiable durante [&hellip;]<\/p>","protected":false},"featured_media":7213,"comment_status":"closed","ping_status":"closed","template":"","meta":{"_acf_changed":false},"product_brand":[278],"product_cat":[121,177,209],"product_tag":[],"class_list":{"0":"post-7177","1":"product","2":"type-product","3":"status-publish","4":"has-post-thumbnail","6":"product_brand-scangrip","7":"product_cat-herramientas","8":"product_cat-inalambrico","9":"product_cat-linternas","11":"first","12":"instock","13":"featured","14":"taxable","15":"shipping-taxable","16":"purchasable","17":"product-type-simple"},"acf":[],"_links":{"self":[{"href":"https:\/\/ciecompraenlinea.com\/en\/wp-json\/wp\/v2\/product\/7177","targetHints":{"allow":["GET"]}}],"collection":[{"href":"https:\/\/ciecompraenlinea.com\/en\/wp-json\/wp\/v2\/product"}],"about":[{"href":"https:\/\/ciecompraenlinea.com\/en\/wp-json\/wp\/v2\/types\/product"}],"replies":[{"embeddable":true,"href":"https:\/\/ciecompraenlinea.com\/en\/wp-json\/wp\/v2\/comments?post=7177"}],"wp:featuredmedia":[{"embeddable":true,"href":"https:\/\/ciecompraenlinea.com\/en\/wp-json\/wp\/v2\/media\/7213"}],"wp:attachment":[{"href":"https:\/\/ciecompraenlinea.com\/en\/wp-json\/wp\/v2\/media?parent=7177"}],"wp:term":[{"taxonomy":"product_brand","embeddable":true,"href":"https:\/\/ciecompraenlinea.com\/en\/wp-json\/wp\/v2\/product_brand?post=7177"},{"taxonomy":"product_cat","embeddable":true,"href":"https:\/\/ciecompraenlinea.com\/en\/wp-json\/wp\/v2\/product_cat?post=7177"},{"taxonomy":"product_tag","embeddable":true,"href":"https:\/\/ciecompraenlinea.com\/en\/wp-json\/wp\/v2\/product_tag?post=7177"}],"curies":[{"name":"wp","href":"https:\/\/api.w.org\/{rel}","templated":true}]}}