{"id":7178,"date":"2025-07-25T00:06:06","date_gmt":"2025-07-25T00:06:06","guid":{"rendered":"https:\/\/aquamarine-salamander-419260.hostingersite.com\/?post_type=product&#038;p=7178"},"modified":"2025-08-29T09:19:26","modified_gmt":"2025-08-29T09:19:26","slug":"reflector-vega-1500-cr-scangrip","status":"publish","type":"product","link":"https:\/\/ciecompraenlinea.com\/en\/product\/reflector-vega-1500-cr-scangrip\/","title":{"rendered":"REFLECTOR VEGA 1500 C+R SCANGRIP"},"content":{"rendered":"<p data-start=\"355\" data-end=\"606\"><strong data-start=\"358\" data-end=\"375\">Los reflectores VEGA LITE C+R<\/strong> de <strong data-start=\"379\" data-end=\"391\">SCANGRIP<\/strong> son unas <strong data-start=\"399\" data-end=\"434\">l\u00e1mparas LED de trabajo port\u00e1til<\/strong>, parte de una l\u00ednea profesional de proyectores dise\u00f1ados para brindar <strong data-start=\"505\" data-end=\"545\">iluminaci\u00f3n potente, difusa y segura<\/strong> en una amplia variedad de tareas en interiores y exteriores.<\/p>\n<p data-start=\"608\" data-end=\"880\">Este <strong data-start=\"613\" data-end=\"657\">proyector LED recargable de 1500 l\u00famenes<\/strong> cuenta con el exclusivo <strong data-start=\"682\" data-end=\"707\">Sistema Dual SCANGRIP<\/strong>, lo que significa que puede usarse <strong data-start=\"743\" data-end=\"810\">con bater\u00eda integrada o conectado mediante un cable de 5 metros<\/strong> (incluido), brindando <strong data-start=\"833\" data-end=\"879\">m\u00e1xima flexibilidad en el lugar de trabajo<\/strong>.<\/p>\n<p data-start=\"882\" data-end=\"1134\">La luz generada es <strong data-start=\"901\" data-end=\"949\">uniforme, no cegadora y de amplia dispersi\u00f3n<\/strong>, ideal para espacios cerrados, obras, talleres y mantenimiento. Adem\u00e1s, <strong data-start=\"1022\" data-end=\"1050\">los LED no generan calor<\/strong>, eliminando el riesgo de incendio, incluso durante largas jornadas de uso continuo.<\/p>\n<p data-start=\"1136\" data-end=\"1431\">Construido con un <strong data-start=\"1154\" data-end=\"1207\">cuerpo pl\u00e1stico altamente resistente a los golpes<\/strong>, el <strong data-start=\"1212\" data-end=\"1229\">VEGA LITE C+R<\/strong> es <strong data-start=\"1233\" data-end=\"1257\">ligero pero duradero<\/strong>, y est\u00e1 dise\u00f1ado con una <strong data-start=\"1283\" data-end=\"1327\">asa de transporte integrada y un soporte<\/strong> compatible con <strong data-start=\"1343\" data-end=\"1364\">tr\u00edpodes SCANGRIP<\/strong>, facilitando su posicionamiento seg\u00fan las necesidades del trabajo.<br \/>\nlinterna\/l\u00e1mpara inal\u00e1mbrica<\/p>","protected":false},"excerpt":{"rendered":"<p>Los reflectores VEGA LITE C+R de SCANGRIP son unas l\u00e1mparas LED de trabajo port\u00e1til, parte de una l\u00ednea profesional de proyectores dise\u00f1ados para brindar iluminaci\u00f3n potente, difusa y segura en [&hellip;]<\/p>","protected":false},"featured_media":7220,"comment_status":"closed","ping_status":"closed","template":"","meta":{"_acf_changed":false},"product_brand":[278],"product_cat":[121,177,209],"product_tag":[],"class_list":{"0":"post-7178","1":"product","2":"type-product","3":"status-publish","4":"has-post-thumbnail","6":"product_brand-scangrip","7":"product_cat-herramientas","8":"product_cat-inalambrico","9":"product_cat-linternas","11":"first","12":"instock","13":"featured","14":"taxable","15":"shipping-taxable","16":"purchasable","17":"product-type-simple"},"acf":[],"_links":{"self":[{"href":"https:\/\/ciecompraenlinea.com\/en\/wp-json\/wp\/v2\/product\/7178","targetHints":{"allow":["GET"]}}],"collection":[{"href":"https:\/\/ciecompraenlinea.com\/en\/wp-json\/wp\/v2\/product"}],"about":[{"href":"https:\/\/ciecompraenlinea.com\/en\/wp-json\/wp\/v2\/types\/product"}],"replies":[{"embeddable":true,"href":"https:\/\/ciecompraenlinea.com\/en\/wp-json\/wp\/v2\/comments?post=7178"}],"wp:featuredmedia":[{"embeddable":true,"href":"https:\/\/ciecompraenlinea.com\/en\/wp-json\/wp\/v2\/media\/7220"}],"wp:attachment":[{"href":"https:\/\/ciecompraenlinea.com\/en\/wp-json\/wp\/v2\/media?parent=7178"}],"wp:term":[{"taxonomy":"product_brand","embeddable":true,"href":"https:\/\/ciecompraenlinea.com\/en\/wp-json\/wp\/v2\/product_brand?post=7178"},{"taxonomy":"product_cat","embeddable":true,"href":"https:\/\/ciecompraenlinea.com\/en\/wp-json\/wp\/v2\/product_cat?post=7178"},{"taxonomy":"product_tag","embeddable":true,"href":"https:\/\/ciecompraenlinea.com\/en\/wp-json\/wp\/v2\/product_tag?post=7178"}],"curies":[{"name":"wp","href":"https:\/\/api.w.org\/{rel}","templated":true}]}}