{"id":7184,"date":"2025-07-25T00:06:40","date_gmt":"2025-07-25T00:06:40","guid":{"rendered":"https:\/\/aquamarine-salamander-419260.hostingersite.com\/?post_type=product&#038;p=7184"},"modified":"2025-08-29T09:19:27","modified_gmt":"2025-08-29T09:19:27","slug":"lijadora-orbital-pad-de-5-orbital-5mm-meite","status":"publish","type":"product","link":"https:\/\/ciecompraenlinea.com\/en\/product\/lijadora-orbital-pad-de-5-orbital-5mm-meite\/","title":{"rendered":"LIJADORA ORBITAL PAD DE 5&#8243; ORBITAL 5MM MEITE"},"content":{"rendered":"<p data-start=\"331\" data-end=\"1437\">La <strong data-start=\"334\" data-end=\"387\">herramienta neum\u00e1tica tipo orbital para lijado 6\u201d<\/strong> Meite MT-5105 est\u00e1 dise\u00f1ada para brindar eficiencia, ergonom\u00eda y precisi\u00f3n en trabajos exigentes. Gracias a su dise\u00f1o compacto y su bajo centro de gravedad, esta <strong data-start=\"550\" data-end=\"604\">lijadora de aire comprimido 6\u201d para uso industrial<\/strong> ofrece un control superior y m\u00ednima vibraci\u00f3n. Su agarre de palma facilita el manejo con una sola mano, reduciendo la fatiga del operario incluso en jornadas prolongadas. Las lijadoras neum\u00e1ticas cuentan con una \u00f3rbita de 5 mm y una velocidad de 10.000 RPM, es ideal para acabados finos en madera, metal, pintura, fibra de vidrio y m\u00e1s, convirti\u00e9ndola en una <strong data-start=\"931\" data-end=\"973\">lijadora orbital profesional neum\u00e1tica<\/strong>, perfecta tambi\u00e9n como <strong data-start=\"997\" data-end=\"1042\">lijadora de palma neum\u00e1tica de 6 pulgadas<\/strong>. Su sistema de fijaci\u00f3n r\u00e1pida de la almohadilla y su dise\u00f1o ergon\u00f3mico la hacen una <strong data-start=\"1128\" data-end=\"1188\">lijadora orbital de alto rendimiento para acabados finos<\/strong>, adem\u00e1s de ser una <strong data-start=\"1208\" data-end=\"1269\">lijadora neum\u00e1tica 6\u201d para madera y superficies met\u00e1licas<\/strong>, <strong data-start=\"1271\" data-end=\"1325\">lijadora orbital neum\u00e1tica para trabajos exigentes<\/strong>, <strong data-start=\"1327\" data-end=\"1376\">lijadora industrial neum\u00e1tica tipo orbital 6\u201d<\/strong> y <strong data-start=\"1379\" data-end=\"1436\">lijadora orbital de 6 pulgadas con conexi\u00f3n neum\u00e1tica<\/strong>.<\/p>","protected":false},"excerpt":{"rendered":"<p>La herramienta neum\u00e1tica tipo orbital para lijado 6\u201d Meite MT-5105 est\u00e1 dise\u00f1ada para brindar eficiencia, ergonom\u00eda y precisi\u00f3n en trabajos exigentes. Gracias a su dise\u00f1o compacto y su bajo centro [&hellip;]<\/p>","protected":false},"featured_media":7236,"comment_status":"closed","ping_status":"closed","template":"","meta":{"_acf_changed":false},"product_brand":[301],"product_cat":[121,135,136,124],"product_tag":[],"class_list":{"0":"post-7184","1":"product","2":"type-product","3":"status-publish","4":"has-post-thumbnail","6":"product_brand-meite","7":"product_cat-herramientas","8":"product_cat-lijadoras","9":"product_cat-lijadoras-orbitales","10":"product_cat-neumaticas","12":"first","13":"instock","14":"taxable","15":"shipping-taxable","16":"purchasable","17":"product-type-simple"},"acf":[],"_links":{"self":[{"href":"https:\/\/ciecompraenlinea.com\/en\/wp-json\/wp\/v2\/product\/7184","targetHints":{"allow":["GET"]}}],"collection":[{"href":"https:\/\/ciecompraenlinea.com\/en\/wp-json\/wp\/v2\/product"}],"about":[{"href":"https:\/\/ciecompraenlinea.com\/en\/wp-json\/wp\/v2\/types\/product"}],"replies":[{"embeddable":true,"href":"https:\/\/ciecompraenlinea.com\/en\/wp-json\/wp\/v2\/comments?post=7184"}],"wp:featuredmedia":[{"embeddable":true,"href":"https:\/\/ciecompraenlinea.com\/en\/wp-json\/wp\/v2\/media\/7236"}],"wp:attachment":[{"href":"https:\/\/ciecompraenlinea.com\/en\/wp-json\/wp\/v2\/media?parent=7184"}],"wp:term":[{"taxonomy":"product_brand","embeddable":true,"href":"https:\/\/ciecompraenlinea.com\/en\/wp-json\/wp\/v2\/product_brand?post=7184"},{"taxonomy":"product_cat","embeddable":true,"href":"https:\/\/ciecompraenlinea.com\/en\/wp-json\/wp\/v2\/product_cat?post=7184"},{"taxonomy":"product_tag","embeddable":true,"href":"https:\/\/ciecompraenlinea.com\/en\/wp-json\/wp\/v2\/product_tag?post=7184"}],"curies":[{"name":"wp","href":"https:\/\/api.w.org\/{rel}","templated":true}]}}