{"id":7185,"date":"2025-07-25T00:06:40","date_gmt":"2025-07-25T00:06:40","guid":{"rendered":"https:\/\/aquamarine-salamander-419260.hostingersite.com\/?post_type=product&#038;p=7185"},"modified":"2025-08-29T09:19:27","modified_gmt":"2025-08-29T09:19:27","slug":"lijadora-orbital-pad-de-6-orbita-5mm-meite","status":"publish","type":"product","link":"https:\/\/ciecompraenlinea.com\/en\/product\/lijadora-orbital-pad-de-6-orbita-5mm-meite\/","title":{"rendered":"Lijadora orbital pad de 6&#8243; orbita 5mm MEITE"},"content":{"rendered":"<p>La <strong data-start=\"314\" data-end=\"367\">herramienta neum\u00e1tica tipo orbital para lijado 6\u201d<\/strong> Meite est\u00e1 dise\u00f1ada para ofrecer m\u00e1ximo rendimiento en acabados exigentes. Gracias a su dise\u00f1o liviano, perfil bajo y agarre ergon\u00f3mico tipo palma, esta <strong data-start=\"521\" data-end=\"575\">lijadora de aire comprimido 6\u201d para uso industrial<\/strong> proporciona un control superior y reduce significativamente la vibraci\u00f3n y la fatiga. Es perfecta como <strong data-start=\"679\" data-end=\"721\">lijadora neum\u00e1tica<\/strong> para aplicaciones en madera, metal, pintura, pl\u00e1stico y fibra de vidrio. Su velocidad es ajustable mediante perilla, y su activaci\u00f3n por presi\u00f3n natural mejora la experiencia de uso. Adem\u00e1s, su sistema de velcro y hebilla permite cambios r\u00e1pidos de abrasivo, posicion\u00e1ndola como una <strong data-start=\"1005\" data-end=\"1050\">lijadoras neum\u00e1ticas de 6 pulgadas<\/strong>, una <strong data-start=\"1056\" data-end=\"1116\">lijadora orbital de alto rendimiento para acabados finos<\/strong>, ideal tambi\u00e9n como <strong data-start=\"1137\" data-end=\"1198\">lijadora neum\u00e1tica 6\u201d para madera y superficies met\u00e1licas<\/strong>, <strong data-start=\"1200\" data-end=\"1254\">lijadora orbital neum\u00e1tica para trabajos exigentes<\/strong>, <strong data-start=\"1256\" data-end=\"1305\">lijadora industrial neum\u00e1tica tipo orbital 6\u201d<\/strong>, y <strong data-start=\"1309\" data-end=\"1366\">lijadora orbital de 6 pulgadas con conexi\u00f3n neum\u00e1tica<\/strong>.<\/p>\n<div style=\"display:flex; gap:10px;justify-content:center\" class=\"wps-pgfw-pdf-generate-icon__wrapper-frontend\">\n\t\t<a  href=\"https:\/\/ciecompraenlinea.com\/en\/wp-json\/wp\/v2\/product\/7185?action=genpdf&amp;id=7185\" class=\"pgfw-single-pdf-download-button\" ><img src=\"https:\/\/ciecompraenlinea.com\/wp-content\/uploads\/2025\/08\/Untitled-image-5.png\" title=\"Generate PDF\" style=\"width:auto; height:50px;\"><\/a>\n\t\t<\/div>","protected":false},"excerpt":{"rendered":"<p>La herramienta neum\u00e1tica tipo orbital para lijado 6\u201d Meite est\u00e1 dise\u00f1ada para ofrecer m\u00e1ximo rendimiento en acabados exigentes. Gracias a su dise\u00f1o liviano, perfil bajo y agarre ergon\u00f3mico tipo palma, [&hellip;]<\/p>","protected":false},"featured_media":7241,"comment_status":"closed","ping_status":"closed","template":"","meta":{"_acf_changed":false},"product_brand":[301],"product_cat":[121,135,136,124],"product_tag":[],"class_list":{"0":"post-7185","1":"product","2":"type-product","3":"status-publish","4":"has-post-thumbnail","6":"product_brand-meite","7":"product_cat-herramientas","8":"product_cat-lijadoras","9":"product_cat-lijadoras-orbitales","10":"product_cat-neumaticas","12":"first","13":"instock","14":"featured","15":"taxable","16":"shipping-taxable","17":"purchasable","18":"product-type-simple"},"acf":[],"_links":{"self":[{"href":"https:\/\/ciecompraenlinea.com\/en\/wp-json\/wp\/v2\/product\/7185","targetHints":{"allow":["GET"]}}],"collection":[{"href":"https:\/\/ciecompraenlinea.com\/en\/wp-json\/wp\/v2\/product"}],"about":[{"href":"https:\/\/ciecompraenlinea.com\/en\/wp-json\/wp\/v2\/types\/product"}],"replies":[{"embeddable":true,"href":"https:\/\/ciecompraenlinea.com\/en\/wp-json\/wp\/v2\/comments?post=7185"}],"wp:featuredmedia":[{"embeddable":true,"href":"https:\/\/ciecompraenlinea.com\/en\/wp-json\/wp\/v2\/media\/7241"}],"wp:attachment":[{"href":"https:\/\/ciecompraenlinea.com\/en\/wp-json\/wp\/v2\/media?parent=7185"}],"wp:term":[{"taxonomy":"product_brand","embeddable":true,"href":"https:\/\/ciecompraenlinea.com\/en\/wp-json\/wp\/v2\/product_brand?post=7185"},{"taxonomy":"product_cat","embeddable":true,"href":"https:\/\/ciecompraenlinea.com\/en\/wp-json\/wp\/v2\/product_cat?post=7185"},{"taxonomy":"product_tag","embeddable":true,"href":"https:\/\/ciecompraenlinea.com\/en\/wp-json\/wp\/v2\/product_tag?post=7185"}],"curies":[{"name":"wp","href":"https:\/\/api.w.org\/{rel}","templated":true}]}}