{"id":7190,"date":"2025-07-25T00:06:41","date_gmt":"2025-07-25T00:06:41","guid":{"rendered":"https:\/\/aquamarine-salamander-419260.hostingersite.com\/?post_type=product&#038;p=7190"},"modified":"2025-08-29T09:19:27","modified_gmt":"2025-08-29T09:19:27","slug":"martillo-neumatico-de-agujas-sumake","status":"publish","type":"product","link":"https:\/\/ciecompraenlinea.com\/en\/product\/martillo-neumatico-de-agujas-sumake\/","title":{"rendered":"MARTILLO NEUMATICO DE AGUJAS SUMAKE"},"content":{"rendered":"<p>Los <strong data-start=\"316\" data-end=\"373\">martillos neum\u00e1ticos tipo recto con sistema de agujas<\/strong> como el <strong data-start=\"382\" data-end=\"403\">ST-2556 de Sumake<\/strong> son una excelente opci\u00f3n para <strong data-start=\"434\" data-end=\"471\">escarificar superficies met\u00e1licas<\/strong> con precisi\u00f3n. Esta <strong data-start=\"492\" data-end=\"545\">herramienta neum\u00e1tica tipo recto para escarificar<\/strong> combina potencia y control gracias a su dise\u00f1o tipo l\u00e1piz y su sistema de 19 agujas, ideal para limpieza, <strong data-start=\"652\" data-end=\"673\">remoci\u00f3n de \u00f3xido<\/strong> y pintura en estructuras industriales. Tanto el <strong data-start=\"722\" data-end=\"784\">martillo escarificador recto para mantenimiento industrial<\/strong> como el <strong data-start=\"793\" data-end=\"832\">escarificador neum\u00e1tico profesional<\/strong> ofrecen una soluci\u00f3n confiable para tareas exigentes. Este <strong data-start=\"892\" data-end=\"925\">martillo neum\u00e1tico con agujas<\/strong> es parte de una l\u00ednea de <strong data-start=\"951\" data-end=\"983\">martillos de aire comprimido<\/strong> dise\u00f1ados para mejorar el acabado y extender la vida \u00fatil de las superficies. Disponible como <strong data-start=\"1078\" data-end=\"1140\">martillo neum\u00e1tico tipo l\u00e1piz con funci\u00f3n de escarificador<\/strong> o <strong data-start=\"1143\" data-end=\"1183\">herramienta neum\u00e1tica escarificadora<\/strong>, cumple con los est\u00e1ndares de desempe\u00f1o para entornos industriales.<\/p>\n<div style=\"display:flex; gap:10px;justify-content:center\" class=\"wps-pgfw-pdf-generate-icon__wrapper-frontend\">\n\t\t<a  href=\"https:\/\/ciecompraenlinea.com\/en\/wp-json\/wp\/v2\/product\/7190?action=genpdf&amp;id=7190\" class=\"pgfw-single-pdf-download-button\" ><img src=\"https:\/\/ciecompraenlinea.com\/wp-content\/uploads\/2025\/08\/Untitled-image-5.png\" title=\"Generate PDF\" style=\"width:auto; height:50px;\"><\/a>\n\t\t<\/div>","protected":false},"excerpt":{"rendered":"<p>Los martillos neum\u00e1ticos tipo recto con sistema de agujas como el ST-2556 de Sumake son una excelente opci\u00f3n para escarificar superficies met\u00e1licas con precisi\u00f3n. Esta herramienta neum\u00e1tica tipo recto para [&hellip;]<\/p>","protected":false},"featured_media":7255,"comment_status":"closed","ping_status":"closed","template":"","meta":{"_acf_changed":false},"product_brand":[277],"product_cat":[121,182,124],"product_tag":[],"class_list":{"0":"post-7190","1":"product","2":"type-product","3":"status-publish","4":"has-post-thumbnail","6":"product_brand-sumake","7":"product_cat-herramientas","8":"product_cat-martillos-escarificadores","9":"product_cat-neumaticas","11":"first","12":"instock","13":"featured","14":"taxable","15":"shipping-taxable","16":"purchasable","17":"product-type-simple"},"acf":[],"_links":{"self":[{"href":"https:\/\/ciecompraenlinea.com\/en\/wp-json\/wp\/v2\/product\/7190","targetHints":{"allow":["GET"]}}],"collection":[{"href":"https:\/\/ciecompraenlinea.com\/en\/wp-json\/wp\/v2\/product"}],"about":[{"href":"https:\/\/ciecompraenlinea.com\/en\/wp-json\/wp\/v2\/types\/product"}],"replies":[{"embeddable":true,"href":"https:\/\/ciecompraenlinea.com\/en\/wp-json\/wp\/v2\/comments?post=7190"}],"wp:featuredmedia":[{"embeddable":true,"href":"https:\/\/ciecompraenlinea.com\/en\/wp-json\/wp\/v2\/media\/7255"}],"wp:attachment":[{"href":"https:\/\/ciecompraenlinea.com\/en\/wp-json\/wp\/v2\/media?parent=7190"}],"wp:term":[{"taxonomy":"product_brand","embeddable":true,"href":"https:\/\/ciecompraenlinea.com\/en\/wp-json\/wp\/v2\/product_brand?post=7190"},{"taxonomy":"product_cat","embeddable":true,"href":"https:\/\/ciecompraenlinea.com\/en\/wp-json\/wp\/v2\/product_cat?post=7190"},{"taxonomy":"product_tag","embeddable":true,"href":"https:\/\/ciecompraenlinea.com\/en\/wp-json\/wp\/v2\/product_tag?post=7190"}],"curies":[{"name":"wp","href":"https:\/\/api.w.org\/{rel}","templated":true}]}}