{"id":7196,"date":"2025-07-25T00:08:21","date_gmt":"2025-07-25T00:08:21","guid":{"rendered":"https:\/\/aquamarine-salamander-419260.hostingersite.com\/?post_type=product&#038;p=7196"},"modified":"2025-08-29T09:19:27","modified_gmt":"2025-08-29T09:19:27","slug":"pistola-para-pintura-2-0","status":"publish","type":"product","link":"https:\/\/ciecompraenlinea.com\/en\/product\/pistola-para-pintura-2-0\/","title":{"rendered":"PISTOLA PARA PINTURA 2.0"},"content":{"rendered":"<p>\u25cfAhorre pintura y obtenga una alta eficiencia.<br \/>\n\u25cf Robusto y duradero.<br \/>\n\u25cf F\u00e1cil mantenimiento.<br \/>\n\u25cf Dise\u00f1o liviano y ergon\u00f3mico y f\u00e1cil giro del gatillo<br \/>\nreducir la fatiga operativa.<br \/>\n\u25cf Reducir el costo de operaci\u00f3n al disminuir el cuadrado.<br \/>\nMedida rociada repetidamente.<br \/>\n\u25cf El principio de circulaci\u00f3n de aire patentado ofrece baja<br \/>\nConsumo de aire con atomizaci\u00f3n superior.<\/p>\n<div style=\"display:flex; gap:10px;justify-content:center\" class=\"wps-pgfw-pdf-generate-icon__wrapper-frontend\">\n\t\t<a  href=\"https:\/\/ciecompraenlinea.com\/en\/wp-json\/wp\/v2\/product\/7196?action=genpdf&amp;id=7196\" class=\"pgfw-single-pdf-download-button\" ><img src=\"https:\/\/ciecompraenlinea.com\/wp-content\/uploads\/2025\/08\/Untitled-image-5.png\" title=\"Generate PDF\" style=\"width:auto; height:50px;\"><\/a>\n\t\t<\/div>","protected":false},"excerpt":{"rendered":"<p>\u25cfAhorre pintura y obtenga una alta eficiencia. \u25cf Robusto y duradero. \u25cf F\u00e1cil mantenimiento. \u25cf Dise\u00f1o liviano y ergon\u00f3mico y f\u00e1cil giro del gatillo reducir la fatiga operativa. \u25cf Reducir [&hellip;]<\/p>","protected":false},"featured_media":7256,"comment_status":"closed","ping_status":"closed","template":"","meta":{"_acf_changed":false},"product_brand":[277],"product_cat":[121,124,251],"product_tag":[],"class_list":{"0":"post-7196","1":"product","2":"type-product","3":"status-publish","4":"has-post-thumbnail","6":"product_brand-sumake","7":"product_cat-herramientas","8":"product_cat-neumaticas","9":"product_cat-pistola-para-pintura","11":"first","12":"instock","13":"featured","14":"taxable","15":"shipping-taxable","16":"purchasable","17":"product-type-simple"},"acf":[],"_links":{"self":[{"href":"https:\/\/ciecompraenlinea.com\/en\/wp-json\/wp\/v2\/product\/7196","targetHints":{"allow":["GET"]}}],"collection":[{"href":"https:\/\/ciecompraenlinea.com\/en\/wp-json\/wp\/v2\/product"}],"about":[{"href":"https:\/\/ciecompraenlinea.com\/en\/wp-json\/wp\/v2\/types\/product"}],"replies":[{"embeddable":true,"href":"https:\/\/ciecompraenlinea.com\/en\/wp-json\/wp\/v2\/comments?post=7196"}],"wp:featuredmedia":[{"embeddable":true,"href":"https:\/\/ciecompraenlinea.com\/en\/wp-json\/wp\/v2\/media\/7256"}],"wp:attachment":[{"href":"https:\/\/ciecompraenlinea.com\/en\/wp-json\/wp\/v2\/media?parent=7196"}],"wp:term":[{"taxonomy":"product_brand","embeddable":true,"href":"https:\/\/ciecompraenlinea.com\/en\/wp-json\/wp\/v2\/product_brand?post=7196"},{"taxonomy":"product_cat","embeddable":true,"href":"https:\/\/ciecompraenlinea.com\/en\/wp-json\/wp\/v2\/product_cat?post=7196"},{"taxonomy":"product_tag","embeddable":true,"href":"https:\/\/ciecompraenlinea.com\/en\/wp-json\/wp\/v2\/product_tag?post=7196"}],"curies":[{"name":"wp","href":"https:\/\/api.w.org\/{rel}","templated":true}]}}