{"id":7200,"date":"2025-07-25T00:08:21","date_gmt":"2025-07-25T00:08:21","guid":{"rendered":"https:\/\/aquamarine-salamander-419260.hostingersite.com\/?post_type=product&#038;p=7200"},"modified":"2025-08-29T09:19:28","modified_gmt":"2025-08-29T09:19:28","slug":"taladro-atornillador-inalambrico-durofix","status":"publish","type":"product","link":"https:\/\/ciecompraenlinea.com\/en\/product\/taladro-atornillador-inalambrico-durofix\/","title":{"rendered":"TALADRO\/ATORNILLADOR INAL\u00c1MBRICO DUROFIX"},"content":{"rendered":"<p data-start=\"231\" data-end=\"727\">Destornilladores inal\u00e1mbricos<\/p>\n<p data-start=\"231\" data-end=\"727\">Estos <strong data-start=\"236\" data-end=\"283\">taladros atornilladores inal\u00e1mbricos de bater\u00eda<\/strong> ha sido dise\u00f1ado para ofrecer el equilibrio ideal entre precisi\u00f3n, portabilidad y potencia. Gracias a su caja de cambios de 2 velocidades, este equipo funciona como <strong data-start=\"449\" data-end=\"465\">atornillador<\/strong> y <strong data-start=\"468\" data-end=\"479\">taladro<\/strong>, adapt\u00e1ndose con facilidad a diferentes materiales y aplicaciones. Ya sea en tareas profesionales o de bricolaje, su desempe\u00f1o confiable lo posiciona entre los <strong data-start=\"640\" data-end=\"665\">taladros inal\u00e1mbricos<\/strong> y <strong data-start=\"668\" data-end=\"699\">atornilladores inal\u00e1mbricos<\/strong> m\u00e1s vers\u00e1tiles del mercado.<\/p>\n<p data-start=\"729\" data-end=\"1122\">Este <strong data-start=\"734\" data-end=\"769\">atornillador a bater\u00eda compacto<\/strong> ofrece control total mediante su interruptor VSR de velocidad variable, funci\u00f3n reversible y freno el\u00e9ctrico. Incluye 18 niveles de torque m\u00e1s modo de perforaci\u00f3n, entregando hasta 265 in-lbs de fuerza. Adem\u00e1s, su luz LED incorporada, indicador de carga y dise\u00f1o ergon\u00f3mico con botas de goma proporcionan mayor seguridad y comodidad durante el trabajo.<\/p>\n<p data-start=\"1124\" data-end=\"1303\">Ideal para quienes buscan un <strong data-start=\"1153\" data-end=\"1176\">taladro inal\u00e1mbrico<\/strong> o <strong data-start=\"1179\" data-end=\"1208\">destornillador de bater\u00eda<\/strong> que sea pr\u00e1ctico, potente y f\u00e1cil de manejar, incluso en espacios reducidos o jornadas largas.<\/p>","protected":false},"excerpt":{"rendered":"<p>Destornilladores inal\u00e1mbricos Estos taladros atornilladores inal\u00e1mbricos de bater\u00eda ha sido dise\u00f1ado para ofrecer el equilibrio ideal entre precisi\u00f3n, portabilidad y potencia. Gracias a su caja de cambios de 2 velocidades, [&hellip;]<\/p>","protected":false},"featured_media":7278,"comment_status":"closed","ping_status":"closed","template":"","meta":{"_acf_changed":false},"product_brand":[302],"product_cat":[178,121,177],"product_tag":[337],"class_list":{"0":"post-7200","1":"product","2":"type-product","3":"status-publish","4":"has-post-thumbnail","6":"product_brand-durofix","7":"product_cat-atornilladores-taladros-inalambrico","8":"product_cat-herramientas","9":"product_cat-inalambrico","10":"product_tag-tabla-comparativa-taladros","12":"first","13":"instock","14":"taxable","15":"shipping-taxable","16":"purchasable","17":"product-type-simple"},"acf":[],"_links":{"self":[{"href":"https:\/\/ciecompraenlinea.com\/en\/wp-json\/wp\/v2\/product\/7200","targetHints":{"allow":["GET"]}}],"collection":[{"href":"https:\/\/ciecompraenlinea.com\/en\/wp-json\/wp\/v2\/product"}],"about":[{"href":"https:\/\/ciecompraenlinea.com\/en\/wp-json\/wp\/v2\/types\/product"}],"replies":[{"embeddable":true,"href":"https:\/\/ciecompraenlinea.com\/en\/wp-json\/wp\/v2\/comments?post=7200"}],"wp:featuredmedia":[{"embeddable":true,"href":"https:\/\/ciecompraenlinea.com\/en\/wp-json\/wp\/v2\/media\/7278"}],"wp:attachment":[{"href":"https:\/\/ciecompraenlinea.com\/en\/wp-json\/wp\/v2\/media?parent=7200"}],"wp:term":[{"taxonomy":"product_brand","embeddable":true,"href":"https:\/\/ciecompraenlinea.com\/en\/wp-json\/wp\/v2\/product_brand?post=7200"},{"taxonomy":"product_cat","embeddable":true,"href":"https:\/\/ciecompraenlinea.com\/en\/wp-json\/wp\/v2\/product_cat?post=7200"},{"taxonomy":"product_tag","embeddable":true,"href":"https:\/\/ciecompraenlinea.com\/en\/wp-json\/wp\/v2\/product_tag?post=7200"}],"curies":[{"name":"wp","href":"https:\/\/api.w.org\/{rel}","templated":true}]}}