{"id":7201,"date":"2025-07-25T00:08:21","date_gmt":"2025-07-25T00:08:21","guid":{"rendered":"https:\/\/aquamarine-salamander-419260.hostingersite.com\/?post_type=product&#038;p=7201"},"modified":"2025-08-29T09:19:28","modified_gmt":"2025-08-29T09:19:28","slug":"linterna-nova-r-scangrip","status":"publish","type":"product","link":"https:\/\/ciecompraenlinea.com\/en\/product\/linterna-nova-r-scangrip\/","title":{"rendered":"LINTERNA NOVA R SCANGRIP"},"content":{"rendered":"<p data-start=\"296\" data-end=\"736\">La <strong data-start=\"299\" data-end=\"332\">l\u00e1mpara LED de trabajo NOVA R<\/strong> de <strong data-start=\"336\" data-end=\"348\">SCANGRIP<\/strong> es una herramienta compacta, robusta y de alto rendimiento, ideal para profesionales que requieren <strong data-start=\"448\" data-end=\"473\">l\u00e1mparas industriales<\/strong> resistentes y potentes. Gracias a su tecnolog\u00eda <strong data-start=\"522\" data-end=\"533\">LED COB<\/strong>, esta <strong data-start=\"540\" data-end=\"563\">linterna recargable<\/strong> proporciona hasta <strong data-start=\"582\" data-end=\"598\">2000 l\u00famenes<\/strong> de luz uniforme, permitiendo trabajar con claridad en entornos exigentes como talleres, mantenimiento, construcci\u00f3n o inspecci\u00f3n t\u00e9cnica.<\/p>\n<p data-start=\"738\" data-end=\"1074\">Esta <strong data-start=\"743\" data-end=\"771\">linterna LED profesional<\/strong> ofrece hasta <strong data-start=\"785\" data-end=\"810\">20 horas de autonom\u00eda<\/strong> y cuenta con <strong data-start=\"824\" data-end=\"865\">cinco niveles de intensidad regulable<\/strong>, adapt\u00e1ndose a cada necesidad. Su dise\u00f1o ergon\u00f3mico incorpora <strong data-start=\"928\" data-end=\"948\">mango con imanes<\/strong>, facilitando su uso en superficies met\u00e1licas, y es compatible con tr\u00edpodes o soportes de andamio, aumentando su versatilidad.<\/p>\n<p data-start=\"1076\" data-end=\"1540\">Adem\u00e1s, la <strong data-start=\"1087\" data-end=\"1105\">l\u00e1mpara NOVA R<\/strong> incluye una funci\u00f3n de <strong data-start=\"1129\" data-end=\"1153\">banco de energ\u00eda USB<\/strong>, ideal para cargar dispositivos m\u00f3viles en campo. Fabricada en <strong data-start=\"1217\" data-end=\"1248\">aluminio fundido resistente<\/strong>, soporta golpes, vibraciones e impactos, siendo una de las <strong data-start=\"1308\" data-end=\"1332\">linternas de trabajo<\/strong> m\u00e1s duraderas del mercado. Ya sea que busques una <strong data-start=\"1383\" data-end=\"1407\">l\u00e1mpara LED port\u00e1til<\/strong>, <strong data-start=\"1413\" data-end=\"1452\">linternas recargables para inspecci\u00f3n<\/strong>, o <strong data-start=\"1456\" data-end=\"1490\">l\u00e1mparas para servicio t\u00e9cnico<\/strong>, la NOVA R ofrece potencia, duraci\u00f3n y seguridad.<\/p>\n<div style=\"display:flex; gap:10px;justify-content:center\" class=\"wps-pgfw-pdf-generate-icon__wrapper-frontend\">\n\t\t<a  href=\"https:\/\/ciecompraenlinea.com\/en\/wp-json\/wp\/v2\/product\/7201?action=genpdf&amp;id=7201\" class=\"pgfw-single-pdf-download-button\" ><img src=\"https:\/\/ciecompraenlinea.com\/wp-content\/uploads\/2025\/08\/Untitled-image-5.png\" title=\"Generate PDF\" style=\"width:auto; height:50px;\"><\/a>\n\t\t<\/div>","protected":false},"excerpt":{"rendered":"<p>La l\u00e1mpara LED de trabajo NOVA R de SCANGRIP es una herramienta compacta, robusta y de alto rendimiento, ideal para profesionales que requieren l\u00e1mparas industriales resistentes y potentes. Gracias a [&hellip;]<\/p>","protected":false},"featured_media":7281,"comment_status":"closed","ping_status":"closed","template":"","meta":{"_acf_changed":false},"product_brand":[278],"product_cat":[121,177,209],"product_tag":[],"class_list":{"0":"post-7201","1":"product","2":"type-product","3":"status-publish","4":"has-post-thumbnail","6":"product_brand-scangrip","7":"product_cat-herramientas","8":"product_cat-inalambrico","9":"product_cat-linternas","11":"first","12":"instock","13":"taxable","14":"shipping-taxable","15":"purchasable","16":"product-type-simple"},"acf":[],"_links":{"self":[{"href":"https:\/\/ciecompraenlinea.com\/en\/wp-json\/wp\/v2\/product\/7201","targetHints":{"allow":["GET"]}}],"collection":[{"href":"https:\/\/ciecompraenlinea.com\/en\/wp-json\/wp\/v2\/product"}],"about":[{"href":"https:\/\/ciecompraenlinea.com\/en\/wp-json\/wp\/v2\/types\/product"}],"replies":[{"embeddable":true,"href":"https:\/\/ciecompraenlinea.com\/en\/wp-json\/wp\/v2\/comments?post=7201"}],"wp:featuredmedia":[{"embeddable":true,"href":"https:\/\/ciecompraenlinea.com\/en\/wp-json\/wp\/v2\/media\/7281"}],"wp:attachment":[{"href":"https:\/\/ciecompraenlinea.com\/en\/wp-json\/wp\/v2\/media?parent=7201"}],"wp:term":[{"taxonomy":"product_brand","embeddable":true,"href":"https:\/\/ciecompraenlinea.com\/en\/wp-json\/wp\/v2\/product_brand?post=7201"},{"taxonomy":"product_cat","embeddable":true,"href":"https:\/\/ciecompraenlinea.com\/en\/wp-json\/wp\/v2\/product_cat?post=7201"},{"taxonomy":"product_tag","embeddable":true,"href":"https:\/\/ciecompraenlinea.com\/en\/wp-json\/wp\/v2\/product_tag?post=7201"}],"curies":[{"name":"wp","href":"https:\/\/api.w.org\/{rel}","templated":true}]}}