{"id":7217,"date":"2025-07-25T00:10:20","date_gmt":"2025-07-25T00:10:20","guid":{"rendered":"https:\/\/aquamarine-salamander-419260.hostingersite.com\/?post_type=product&#038;p=7217"},"modified":"2025-08-29T09:19:28","modified_gmt":"2025-08-29T09:19:28","slug":"bt-808-remachadora-de-fuelle-megafix","status":"publish","type":"product","link":"https:\/\/ciecompraenlinea.com\/en\/product\/bt-808-remachadora-de-fuelle-megafix\/","title":{"rendered":"BT-808 REMACHADORA DE FUELLE MEGAFIX"},"content":{"rendered":"<p data-start=\"291\" data-end=\"743\">Las<strong data-start=\"294\" data-end=\"341\"> Remachadoras de fuelle trabajo pesado<\/strong> son una herramienta vers\u00e1til y port\u00e1til, ideal para entornos donde no se dispone de suministro el\u00e9ctrico o neum\u00e1tico. Su dise\u00f1o ergon\u00f3mico, con empu\u00f1adura de goma moldeada y forma anat\u00f3mica, garantiza un agarre firme y seguro incluso en aplicaciones que requieren fuerza. Esta <strong data-start=\"618\" data-end=\"650\">remachadora manual de fuelle<\/strong> es perfecta para trabajos exigentes en mantenimiento, instalaciones o reparaciones de campo.<\/p>\n<p data-start=\"745\" data-end=\"1017\">Fabricada con materiales compuestos de alta resistencia, permite trabajar con remaches POP de <strong data-start=\"839\" data-end=\"877\">acero, aluminio y acero inoxidable<\/strong>, adapt\u00e1ndose a m\u00faltiples tipos de materiales. El mecanismo tipo fuelle proporciona mayor palanca y eficiencia en la colocaci\u00f3n de remaches.<\/p>\n<p data-start=\"1019\" data-end=\"1494\">Esta herramienta se destaca como una <strong data-start=\"1056\" data-end=\"1100\">remachadora tipo fuelle para remache POP<\/strong>, gracias a su acci\u00f3n extensible que facilita el uso continuo sin fatiga. Su compatibilidad con remaches ciegos la posiciona como una confiable <strong data-start=\"1244\" data-end=\"1290\">remachadora de fuelle para remaches ciegos<\/strong>, brindando soluciones r\u00e1pidas y efectivas en sitios de dif\u00edcil acceso. Tambi\u00e9n es conocida como <strong data-start=\"1387\" data-end=\"1420\">remachadora extensible manual<\/strong>, debido a su dise\u00f1o plegable que favorece el transporte y almacenamiento.<\/p>\n<p data-start=\"1496\" data-end=\"1852\">Por su sistema mec\u00e1nico tipo acorde\u00f3n, tambi\u00e9n se le reconoce como <strong data-start=\"1563\" data-end=\"1596\">remachadora POP tipo acorde\u00f3n<\/strong>, ampliamente utilizada por t\u00e9cnicos de mantenimiento y profesionales. Su desempe\u00f1o manual, sin necesidad de energ\u00eda externa, la convierte en una excelente opci\u00f3n como <strong data-start=\"1764\" data-end=\"1805\">remachadora manual para remache ciego<\/strong> en cualquier entorno industrial o profesional.<\/p>","protected":false},"excerpt":{"rendered":"<p>Las Remachadoras de fuelle trabajo pesado son una herramienta vers\u00e1til y port\u00e1til, ideal para entornos donde no se dispone de suministro el\u00e9ctrico o neum\u00e1tico. Su dise\u00f1o ergon\u00f3mico, con empu\u00f1adura de [&hellip;]<\/p>","protected":false},"featured_media":7294,"comment_status":"closed","ping_status":"closed","template":"","meta":{"_acf_changed":false},"product_brand":[297],"product_cat":[121,206,207],"product_tag":[],"class_list":{"0":"post-7217","1":"product","2":"type-product","3":"status-publish","4":"has-post-thumbnail","6":"product_brand-megafix-systems","7":"product_cat-herramientas","8":"product_cat-manual","9":"product_cat-remachadoras-manual","11":"first","12":"instock","13":"taxable","14":"shipping-taxable","15":"purchasable","16":"product-type-simple"},"acf":[],"_links":{"self":[{"href":"https:\/\/ciecompraenlinea.com\/en\/wp-json\/wp\/v2\/product\/7217","targetHints":{"allow":["GET"]}}],"collection":[{"href":"https:\/\/ciecompraenlinea.com\/en\/wp-json\/wp\/v2\/product"}],"about":[{"href":"https:\/\/ciecompraenlinea.com\/en\/wp-json\/wp\/v2\/types\/product"}],"replies":[{"embeddable":true,"href":"https:\/\/ciecompraenlinea.com\/en\/wp-json\/wp\/v2\/comments?post=7217"}],"wp:featuredmedia":[{"embeddable":true,"href":"https:\/\/ciecompraenlinea.com\/en\/wp-json\/wp\/v2\/media\/7294"}],"wp:attachment":[{"href":"https:\/\/ciecompraenlinea.com\/en\/wp-json\/wp\/v2\/media?parent=7217"}],"wp:term":[{"taxonomy":"product_brand","embeddable":true,"href":"https:\/\/ciecompraenlinea.com\/en\/wp-json\/wp\/v2\/product_brand?post=7217"},{"taxonomy":"product_cat","embeddable":true,"href":"https:\/\/ciecompraenlinea.com\/en\/wp-json\/wp\/v2\/product_cat?post=7217"},{"taxonomy":"product_tag","embeddable":true,"href":"https:\/\/ciecompraenlinea.com\/en\/wp-json\/wp\/v2\/product_tag?post=7217"}],"curies":[{"name":"wp","href":"https:\/\/api.w.org\/{rel}","templated":true}]}}