{"id":7224,"date":"2025-07-25T00:11:39","date_gmt":"2025-07-25T00:11:39","guid":{"rendered":"https:\/\/aquamarine-salamander-419260.hostingersite.com\/?post_type=product&#038;p=7224"},"modified":"2025-11-16T17:16:14","modified_gmt":"2025-11-16T22:16:14","slug":"atornillador-neumatico-recto-0-8-6-5nm-chicago-pneumatic","status":"publish","type":"product","link":"https:\/\/ciecompraenlinea.com\/en\/product\/atornillador-neumatico-recto-0-8-6-5nm-chicago-pneumatic\/","title":{"rendered":"Atornillador neum\u00e1tico recto 0.8-6.5Nm CHICAGO PNEUMATIC"},"content":{"rendered":"<p><strong data-start=\"297\" data-end=\"336\">Los atornilladores neum\u00e1ticos rectos CP2621<\/strong> de <strong data-start=\"340\" data-end=\"361\">Chicago Pneumatic<\/strong> son una herramienta de alto desempe\u00f1o dise\u00f1ada para aplicaciones profesionales que requieren exactitud, repetibilidad y comodidad en l\u00edneas de producci\u00f3n. Este <strong data-start=\"521\" data-end=\"571\">atornillador neum\u00e1tico recto Chicago Pneumatic<\/strong> cuenta con <strong data-start=\"583\" data-end=\"617\">embrague de apagado autom\u00e1tico<\/strong>, ideal para evitar el sobreapriete en procesos de montaje de moderada a alta exigencia. Con un rango de torque de <strong data-start=\"732\" data-end=\"748\">0.8 a 6.5 Nm<\/strong>, es perfecto como <strong data-start=\"767\" data-end=\"817\">atornillador neum\u00e1tico de precisi\u00f3n 0.8-6.5 Nm<\/strong> y como <strong data-start=\"825\" data-end=\"871\">destornillador neum\u00e1tico recto profesional<\/strong> para tareas delicadas o continuas. Su activaci\u00f3n directa con bot\u00f3n, reversa con una sola mano, y ajuste de torque sin llave lo convierten en una <strong data-start=\"1017\" data-end=\"1076\">herramienta neum\u00e1tica recta para atornillado controlado<\/strong> de uso intuitivo. Adem\u00e1s, destaca como <strong data-start=\"1116\" data-end=\"1167\">atornillador recto con control de torque CP2621<\/strong>, asegurando resultados constantes con bajo nivel de ruido. Este equipo tambi\u00e9n aplica como <strong data-start=\"1259\" data-end=\"1314\">atornillador neum\u00e1tico industrial Chicago Pneumatic<\/strong>, <strong data-start=\"1316\" data-end=\"1371\">atornillador recto neum\u00e1tico para l\u00ednea de ensamble<\/strong>, <strong data-start=\"1373\" data-end=\"1422\">atornillador neum\u00e1tico CP para trabajos finos<\/strong>, y <strong data-start=\"1426\" data-end=\"1481\">destornilladores neum\u00e1ticos rectos con torque ajustable<\/strong>, siendo una soluci\u00f3n confiable y vers\u00e1til para m\u00faltiples entornos de manufactura.<\/p>","protected":false},"excerpt":{"rendered":"<p>Los atornilladores neum\u00e1ticos rectos CP2621 de Chicago Pneumatic son una herramienta de alto desempe\u00f1o dise\u00f1ada para aplicaciones profesionales que requieren exactitud, repetibilidad y comodidad en l\u00edneas de producci\u00f3n. Este atornillador [&hellip;]<\/p>","protected":false},"featured_media":7312,"comment_status":"closed","ping_status":"closed","template":"","meta":{"_acf_changed":false},"product_brand":[283],"product_cat":[139,121,124],"product_tag":[],"class_list":{"0":"post-7224","1":"product","2":"type-product","3":"status-publish","4":"has-post-thumbnail","6":"product_brand-chicago-pneumatic","7":"product_cat-atornilladores","8":"product_cat-herramientas","9":"product_cat-neumaticas","11":"first","12":"instock","13":"taxable","14":"shipping-taxable","15":"purchasable","16":"product-type-simple"},"acf":[],"_links":{"self":[{"href":"https:\/\/ciecompraenlinea.com\/en\/wp-json\/wp\/v2\/product\/7224","targetHints":{"allow":["GET"]}}],"collection":[{"href":"https:\/\/ciecompraenlinea.com\/en\/wp-json\/wp\/v2\/product"}],"about":[{"href":"https:\/\/ciecompraenlinea.com\/en\/wp-json\/wp\/v2\/types\/product"}],"replies":[{"embeddable":true,"href":"https:\/\/ciecompraenlinea.com\/en\/wp-json\/wp\/v2\/comments?post=7224"}],"wp:featuredmedia":[{"embeddable":true,"href":"https:\/\/ciecompraenlinea.com\/en\/wp-json\/wp\/v2\/media\/7312"}],"wp:attachment":[{"href":"https:\/\/ciecompraenlinea.com\/en\/wp-json\/wp\/v2\/media?parent=7224"}],"wp:term":[{"taxonomy":"product_brand","embeddable":true,"href":"https:\/\/ciecompraenlinea.com\/en\/wp-json\/wp\/v2\/product_brand?post=7224"},{"taxonomy":"product_cat","embeddable":true,"href":"https:\/\/ciecompraenlinea.com\/en\/wp-json\/wp\/v2\/product_cat?post=7224"},{"taxonomy":"product_tag","embeddable":true,"href":"https:\/\/ciecompraenlinea.com\/en\/wp-json\/wp\/v2\/product_tag?post=7224"}],"curies":[{"name":"wp","href":"https:\/\/api.w.org\/{rel}","templated":true}]}}