{"id":7244,"date":"2025-07-25T00:17:06","date_gmt":"2025-07-25T00:17:06","guid":{"rendered":"https:\/\/aquamarine-salamander-419260.hostingersite.com\/?post_type=product&#038;p=7244"},"modified":"2025-11-16T17:16:28","modified_gmt":"2025-11-16T22:16:28","slug":"pernos-soldables-en-acero-cobrizado","status":"publish","type":"product","link":"https:\/\/ciecompraenlinea.com\/en\/product\/pernos-soldables-en-acero-cobrizado\/","title":{"rendered":"PERNOS SOLDABLES EN ACERO COBRIZADO\u00a0"},"content":{"rendered":"<p data-start=\"0\" data-end=\"47\"><strong data-start=\"0\" data-end=\"45\">PERNOS SOLDABLES EN ACERO COBRIZADO\u00a0<\/strong><\/p>\n<p data-start=\"49\" data-end=\"346\">Pernos CD en <strong data-start=\"62\" data-end=\"105\">acero bajo carbono cobrizado (4.8) ST37<\/strong>, dise\u00f1ados para soldadura por descarga de condensador. Cumplen con la <strong data-start=\"176\" data-end=\"214\">norma DIN EN ISO 13918 (DIN 32501)<\/strong>, garantizando alta resistencia y conductividad. Su recubrimiento de cobre optimiza la soldabilidad y protege contra la corrosi\u00f3n.<\/p>\n<p data-start=\"348\" data-end=\"453\">\ud83d\udca1 <strong data-start=\"351\" data-end=\"360\">Usos:<\/strong> Fijaciones industriales, estructuras met\u00e1licas, carrocer\u00edas, fabricaci\u00f3n de equipos y m\u00e1s.<\/p>\n<p data-start=\"455\" data-end=\"538\" data-is-last-node=\"\" data-is-only-node=\"\">\u2705 <strong data-start=\"457\" data-end=\"481\">Uni\u00f3n r\u00e1pida y firme<\/strong> | \u26a1 <strong data-start=\"486\" data-end=\"509\">Soldadura eficiente<\/strong> | \ud83d\udd27 <strong data-start=\"515\" data-end=\"538\" data-is-last-node=\"\">Calidad certificada<\/strong><\/p>","protected":false},"excerpt":{"rendered":"<p>PERNOS SOLDABLES EN ACERO COBRIZADO\u00a0 Pernos CD en acero bajo carbono cobrizado (4.8) ST37, dise\u00f1ados para soldadura por descarga de condensador. Cumplen con la norma DIN EN ISO 13918 (DIN [&hellip;]<\/p>","protected":false},"featured_media":7325,"comment_status":"closed","ping_status":"closed","template":"","meta":{"_acf_changed":false},"product_brand":[297],"product_cat":[128,175,253],"product_tag":[],"class_list":{"0":"post-7244","1":"product","2":"type-product","3":"status-publish","4":"has-post-thumbnail","6":"product_brand-megafix-systems","7":"product_cat-consumibles","8":"product_cat-otros","9":"product_cat-perno-soldable","11":"first","12":"instock","13":"featured","14":"taxable","15":"shipping-taxable","16":"purchasable","17":"product-type-variable"},"acf":[],"_links":{"self":[{"href":"https:\/\/ciecompraenlinea.com\/en\/wp-json\/wp\/v2\/product\/7244","targetHints":{"allow":["GET"]}}],"collection":[{"href":"https:\/\/ciecompraenlinea.com\/en\/wp-json\/wp\/v2\/product"}],"about":[{"href":"https:\/\/ciecompraenlinea.com\/en\/wp-json\/wp\/v2\/types\/product"}],"replies":[{"embeddable":true,"href":"https:\/\/ciecompraenlinea.com\/en\/wp-json\/wp\/v2\/comments?post=7244"}],"wp:featuredmedia":[{"embeddable":true,"href":"https:\/\/ciecompraenlinea.com\/en\/wp-json\/wp\/v2\/media\/7325"}],"wp:attachment":[{"href":"https:\/\/ciecompraenlinea.com\/en\/wp-json\/wp\/v2\/media?parent=7244"}],"wp:term":[{"taxonomy":"product_brand","embeddable":true,"href":"https:\/\/ciecompraenlinea.com\/en\/wp-json\/wp\/v2\/product_brand?post=7244"},{"taxonomy":"product_cat","embeddable":true,"href":"https:\/\/ciecompraenlinea.com\/en\/wp-json\/wp\/v2\/product_cat?post=7244"},{"taxonomy":"product_tag","embeddable":true,"href":"https:\/\/ciecompraenlinea.com\/en\/wp-json\/wp\/v2\/product_tag?post=7244"}],"curies":[{"name":"wp","href":"https:\/\/api.w.org\/{rel}","templated":true}]}}