{"id":7331,"date":"2025-07-25T00:30:43","date_gmt":"2025-07-25T00:30:43","guid":{"rendered":"https:\/\/aquamarine-salamander-419260.hostingersite.com\/?post_type=product&#038;p=7331"},"modified":"2026-05-05T14:54:24","modified_gmt":"2026-05-05T19:54:24","slug":"taladro-atornillador-percutor-a-bateria-stayer","status":"publish","type":"product","link":"https:\/\/ciecompraenlinea.com\/en\/product\/taladro-atornillador-percutor-a-bateria-stayer\/","title":{"rendered":"KIT TALADRO \/ PERCUTOR \/ ATORNILLADOR DE BATER\u00cdA SIN ESCOBILLAS 50 Nm"},"content":{"rendered":"<p><iframe title=\"\u00bfQu\u00e9 torque necesitas? \ud83d\udd27 Prueba real en madera y l\u00e1mina | L\u00ednea PBL STAYER\" width=\"1200\" height=\"675\" src=\"https:\/\/www.youtube.com\/embed\/bYyqY79l9o8?feature=oembed\" frameborder=\"0\" allow=\"accelerometer; autoplay; clipboard-write; encrypted-media; gyroscope; picture-in-picture; web-share\" referrerpolicy=\"strict-origin-when-cross-origin\" allowfullscreen><\/iframe><\/p>\n<p data-start=\"181\" data-end=\"644\">Estos taladros atornilladores inal\u00e1mbricos de 18V con motor Brushless (sin escobillas) est\u00e1n dise\u00f1ado para quienes buscan un taladro potente y eficiente con libertad total de movimiento. Su torque de hasta 50 Nm que incluye 2 bater\u00edas de 2 Ah LI-ION, cargador y estuche que lo convierte en un atornillador inal\u00e1mbrico confiable para perforar y atornillar en madera, acero o mamposter\u00eda. Tambi\u00e9n funciona como taladro percutor a bater\u00eda, ideal para tareas exigentes donde se requiere alto rendimiento sin cables.<\/p>\n<p data-start=\"646\" data-end=\"966\">Gracias a su dise\u00f1o compacto, ergon\u00f3mico y liviano, este atornillador de bater\u00eda garantiza comodidad incluso durante largas jornadas de trabajo. Es una herramienta 3 en 1 que puede actuar como taladro, atornillador y percutor, siendo perfecta tanto para profesionales como para usuarios dom\u00e9sticos avanzados.<\/p>\n<p data-start=\"968\" data-end=\"1320\">En proyectos donde se requiere movilidad y precisi\u00f3n, los taladros inal\u00e1mbricos, atornilladores recargables, taladros percutores, atornilladores sin cable y destornilladores a bater\u00eda como este son la mejor elecci\u00f3n. Esta herramienta ofrece una soluci\u00f3n vers\u00e1til, robusta y lista para enfrentar todo tipo de aplicaci\u00f3n con eficacia.<\/p>\n<p data-start=\"968\" data-end=\"1320\">","protected":false},"excerpt":{"rendered":"<p>Estos taladros atornilladores inal\u00e1mbricos de 18V con motor Brushless (sin escobillas) est\u00e1n dise\u00f1ado para quienes buscan un taladro potente y eficiente con libertad total de movimiento. Su torque de hasta [&hellip;]<\/p>","protected":false},"featured_media":7361,"comment_status":"closed","ping_status":"closed","template":"","meta":{"_acf_changed":false},"product_brand":[276],"product_cat":[178,121,177],"product_tag":[337],"class_list":{"0":"post-7331","1":"product","2":"type-product","3":"status-publish","4":"has-post-thumbnail","6":"product_brand-stayer","7":"product_cat-atornilladores-taladros-inalambrico","8":"product_cat-herramientas","9":"product_cat-inalambrico","10":"product_tag-tabla-comparativa-taladros","12":"first","13":"instock","14":"featured","15":"taxable","16":"shipping-taxable","17":"purchasable","18":"product-type-simple"},"acf":[],"_links":{"self":[{"href":"https:\/\/ciecompraenlinea.com\/en\/wp-json\/wp\/v2\/product\/7331","targetHints":{"allow":["GET"]}}],"collection":[{"href":"https:\/\/ciecompraenlinea.com\/en\/wp-json\/wp\/v2\/product"}],"about":[{"href":"https:\/\/ciecompraenlinea.com\/en\/wp-json\/wp\/v2\/types\/product"}],"replies":[{"embeddable":true,"href":"https:\/\/ciecompraenlinea.com\/en\/wp-json\/wp\/v2\/comments?post=7331"}],"wp:featuredmedia":[{"embeddable":true,"href":"https:\/\/ciecompraenlinea.com\/en\/wp-json\/wp\/v2\/media\/7361"}],"wp:attachment":[{"href":"https:\/\/ciecompraenlinea.com\/en\/wp-json\/wp\/v2\/media?parent=7331"}],"wp:term":[{"taxonomy":"product_brand","embeddable":true,"href":"https:\/\/ciecompraenlinea.com\/en\/wp-json\/wp\/v2\/product_brand?post=7331"},{"taxonomy":"product_cat","embeddable":true,"href":"https:\/\/ciecompraenlinea.com\/en\/wp-json\/wp\/v2\/product_cat?post=7331"},{"taxonomy":"product_tag","embeddable":true,"href":"https:\/\/ciecompraenlinea.com\/en\/wp-json\/wp\/v2\/product_tag?post=7331"}],"curies":[{"name":"wp","href":"https:\/\/api.w.org\/{rel}","templated":true}]}}