{"id":7342,"date":"2025-07-25T00:30:44","date_gmt":"2025-07-25T00:30:44","guid":{"rendered":"https:\/\/aquamarine-salamander-419260.hostingersite.com\/?post_type=product&#038;p=7342"},"modified":"2025-12-01T20:12:17","modified_gmt":"2025-12-02T01:12:17","slug":"soldador-de-pernos-inverter-a-220-v-60hz","status":"publish","type":"product","link":"https:\/\/ciecompraenlinea.com\/en\/product\/soldador-de-pernos-inverter-a-220-v-60hz\/","title":{"rendered":"SOLDADOR DE PERNOS INVERTER  A 220 V\/60HZ"},"content":{"rendered":"<p data-start=\"735\" data-end=\"977\"><strong data-start=\"738\" data-end=\"749\">SR-3150<\/strong><span data-start=\"738\" data-end=\"749\">, <\/span><strong data-start=\"756\" data-end=\"813\">soldadores de pernos por descarga de condensadores (CD) o soldador de tornillos<\/strong>, ideal para la fijaci\u00f3n r\u00e1pida y confiable de pernos en l\u00e1minas de metal delgadas. Se puede usar con pernos de <strong data-start=\"925\" data-end=\"976\">acero dulce, acero inoxidable, aluminio y lat\u00f3n<\/strong>.<\/p>\n<p data-start=\"735\" data-end=\"977\">Soldador de tornillos:<\/p>\n<h4 data-start=\"979\" data-end=\"997\"><strong data-start=\"984\" data-end=\"997\">Ventajas:<\/strong><\/h4>\n<p data-start=\"998\" data-end=\"1387\">\u2714 <strong data-start=\"1000\" data-end=\"1042\">M\u00ednima penetraci\u00f3n en el material base<\/strong>, ideal para trabajos delicados.<br data-start=\"1074\" data-end=\"1077\" \/>\u2714 <strong data-start=\"1079\" data-end=\"1103\">Soldadura resistente<\/strong> que supera la combinaci\u00f3n de perno y l\u00e1mina originales.<br data-start=\"1159\" data-end=\"1162\" \/>\u2714 <strong data-start=\"1164\" data-end=\"1190\">Tecnolog\u00eda de inversor<\/strong> para una mayor eficiencia y tiempos de recarga m\u00e1s r\u00e1pidos.<br data-start=\"1250\" data-end=\"1253\" \/>\u2714 <strong data-start=\"1255\" data-end=\"1276\">Ajuste autom\u00e1tico<\/strong> de variaciones en voltaje y frecuencia de entrada.<br data-start=\"1327\" data-end=\"1330\" \/>\u2714 <strong data-start=\"1332\" data-end=\"1385\">Pantalla LED y f\u00e1cil ajuste de voltaje de salida.<\/strong><\/p>","protected":false},"excerpt":{"rendered":"<p>SR-3150, soldadores de pernos por descarga de condensadores (CD) o soldador de tornillos, ideal para la fijaci\u00f3n r\u00e1pida y confiable de pernos en l\u00e1minas de metal delgadas. Se puede usar [&hellip;]<\/p>","protected":false},"featured_media":7411,"comment_status":"closed","ping_status":"closed","template":"","meta":{"_acf_changed":false},"product_brand":[303],"product_cat":[122,121,179],"product_tag":[],"class_list":{"0":"post-7342","1":"product","2":"type-product","3":"status-publish","4":"has-post-thumbnail","6":"product_brand-iking","7":"product_cat-electricas","8":"product_cat-herramientas","9":"product_cat-soldadores","11":"first","12":"instock","13":"featured","14":"taxable","15":"shipping-taxable","16":"purchasable","17":"product-type-simple"},"acf":[],"_links":{"self":[{"href":"https:\/\/ciecompraenlinea.com\/en\/wp-json\/wp\/v2\/product\/7342","targetHints":{"allow":["GET"]}}],"collection":[{"href":"https:\/\/ciecompraenlinea.com\/en\/wp-json\/wp\/v2\/product"}],"about":[{"href":"https:\/\/ciecompraenlinea.com\/en\/wp-json\/wp\/v2\/types\/product"}],"replies":[{"embeddable":true,"href":"https:\/\/ciecompraenlinea.com\/en\/wp-json\/wp\/v2\/comments?post=7342"}],"wp:featuredmedia":[{"embeddable":true,"href":"https:\/\/ciecompraenlinea.com\/en\/wp-json\/wp\/v2\/media\/7411"}],"wp:attachment":[{"href":"https:\/\/ciecompraenlinea.com\/en\/wp-json\/wp\/v2\/media?parent=7342"}],"wp:term":[{"taxonomy":"product_brand","embeddable":true,"href":"https:\/\/ciecompraenlinea.com\/en\/wp-json\/wp\/v2\/product_brand?post=7342"},{"taxonomy":"product_cat","embeddable":true,"href":"https:\/\/ciecompraenlinea.com\/en\/wp-json\/wp\/v2\/product_cat?post=7342"},{"taxonomy":"product_tag","embeddable":true,"href":"https:\/\/ciecompraenlinea.com\/en\/wp-json\/wp\/v2\/product_tag?post=7342"}],"curies":[{"name":"wp","href":"https:\/\/api.w.org\/{rel}","templated":true}]}}